{"id":1345,"date":"2021-06-15T07:00:05","date_gmt":"2021-06-15T07:00:05","guid":{"rendered":"https:\/\/loodu.ee\/hele-jaal\/"},"modified":"2021-11-01T17:37:13","modified_gmt":"2021-11-01T17:37:13","slug":"hele-jaal","status":"publish","type":"page","link":"https:\/\/loodu.ee\/fi\/hele-jaal\/","title":{"rendered":"Pohjolan neidon kirkas \u00e4\u00e4ni (hele jaal)"},"content":{"rendered":"<div id=\"acf-block_60c9d1b496142\" class=\"acf-block-element block-banner position-relative size-fw\"><div class=\"swiper-container\"><div class=\"swiper-wrapper\"><div class=\"swiper-slide\"><div class=\"block-banner--item position-relative method_bg\"><img loading=\"lazy\" decoding=\"async\" width=\"1410\" height=\"500\" src=\"https:\/\/loodu.ee\/wp-content\/uploads\/fly-images\/1346\/pexels-harrison-haines-3172571-1410x500-c.jpg\" class=\"attachment-size-fw\" alt=\"pexels-harrison-haines-3172571\" \/><div class=\"block-banner--content d-flex flex-wrap position-absolute\"><div class=\"block-banner--content-inner w-100 position-relative\"><p class=\"font-isanda has-giant-font-size text-uppercase\">Kaikki pohjoismainen on virolaisille tuttua ja l\u00e4heist\u00e4. Pohjoismaiselle el\u00e4m\u00e4ntyylille on ominaista varastojen ker\u00e4\u00e4minen, huolehtiminen ja vastuuntuntoisuus, koska vain valmistautuneet ja el\u00e4m\u00e4n vakavasti ottavat selvi\u00e4v\u00e4t kylm\u00e4st\u00e4 ja pitk\u00e4st\u00e4 talvesta.<\/p><\/div><\/div><\/div><\/div><\/div><\/div><div class=\"swiper-button-prev\"><svg xmlns=\"http:\/\/www.w3.org\/2000\/svg\" width=\"16\" height=\"22\" viewBox=\"0 0 16 22\"><path d=\"M2860.332,1671.928c.072-.019.105-.028.126-1.987v.1c0,.139,0,.311.005.468,0,.026,0,.156.007.161s.007-.186.007-.812c0-.487,0-.82-.007-.828v.008c0,.01,0,.035,0,.09.009-1.2.016-2.891.028-6.3l.018-4.662c0,.008,0,.008,0,.008s.009-.019.009-.148a.511.511,0,0,0-.011-.16l0,0,0-.548c0-.027.007-.174.007-.374,0-.137,0-.275,0-.346l.01-2.629.227-.194a7.586,7.586,0,0,1,1.137-.9c.063-.016.094-.037.1-.069.039-.119-.2-.428-1.1-1.505-.866-1.036-1.1-1.3-1.217-1.3a.1.1,0,0,0-.076.046l-.025.028-.1.113c-.064.077-1.183,1.019-1.843,1.551-.117.095-.36.294-.53.437l-.028.023-.095.078-.021.018-.132.109-.067.056-.361.3c-.175.142-.42.343-.586.479l-.141.115-.062.051c-.509.419-2.286,1.814-6.338,4.974l-.354.277-.377.293-.005,0-.014.011c-2.047,1.6-2.533,1.974-2.529,2.162,0,.063.06.1.132.153l.016.012.009.006.006.005,0,0,.045.034.865.689.144.115.014.011.245.2.983.788.314.251.616.493c1.391,1.112,1.852,1.482,2.77,2.218l.139.112.055.044.459.366.016.013.029.023.274.219.061.049.953.76,1.58,1.265c1.507,1.208,2.9,2.325,3.334,2.666a1.3,1.3,0,0,0,.836.391A1.658,1.658,0,0,0,2860.332,1671.928Zm.181-5.4c0-.14.006-1.168.006-3.15,0-2.1,0-3.169-.007-3.186l0,.028c0,.056,0,.208,0,.57-.007,1.411-.007,3.721,0,5.148,0,.313,0,.527,0,.59Z\" transform=\"translate(-2846 -1650)\" fill=\"#d44464\"\/><\/svg><\/div><div class=\"swiper-button-next\"><svg xmlns=\"http:\/\/www.w3.org\/2000\/svg\" width=\"16\" height=\"22\" viewBox=\"0 0 16 22\"><path d=\"M2847.669,1671.928c-.072-.019-.105-.028-.126-1.987v.1c0,.139,0,.311-.005.468,0,.026,0,.156-.007.161s-.007-.186-.007-.812c0-.487,0-.82.007-.828v.008c0,.01,0,.035,0,.09-.009-1.2-.016-2.891-.028-6.3l-.018-4.662c0,.008,0,.008,0,.008s-.009-.019-.009-.148a.511.511,0,0,1,.011-.16l0,0,0-.548c0-.027-.007-.174-.007-.374,0-.137,0-.275,0-.346l-.01-2.629-.227-.194a7.586,7.586,0,0,0-1.137-.9c-.062-.016-.094-.037-.1-.069-.039-.119.2-.428,1.1-1.505.866-1.036,1.1-1.3,1.217-1.3a.1.1,0,0,1,.076.046l.025.028.1.113c.064.077,1.183,1.019,1.843,1.551.117.095.36.294.53.437l.028.023.095.078.021.018.132.109.067.056.361.3c.175.142.42.343.586.479l.141.115.062.051c.509.419,2.286,1.814,6.338,4.974l.354.277.377.293.005,0,.014.011c2.047,1.6,2.533,1.974,2.529,2.162,0,.063-.06.1-.132.153l-.016.012-.009.006-.006.005,0,0-.045.034-.865.689-.144.115-.014.011-.245.2-.983.788-.314.251-.616.493c-1.391,1.112-1.852,1.482-2.77,2.218l-.139.112-.055.044-.459.366-.016.013-.029.023-.274.219-.061.049-.953.76-1.58,1.265c-1.507,1.208-2.9,2.325-3.334,2.666a1.3,1.3,0,0,1-.836.391A1.658,1.658,0,0,1,2847.669,1671.928Zm-.181-5.4c0-.14-.006-1.168-.006-3.15,0-2.1,0-3.169.007-3.186l0,.028c0,.056,0,.208,0,.57.007,1.411.007,3.721,0,5.148,0,.313,0,.527,0,.59Z\" transform=\"translate(-2846 -1650)\" fill=\"#d44464\"\/><\/svg><\/div><\/div>\n<div class=\"wp-block-columns are-vertically-aligned-top is-layout-flex wp-container-core-columns-is-layout-9d6595d7 wp-block-columns-is-layout-flex\">\n<div class=\"wp-block-column is-vertically-aligned-top is-layout-flow wp-block-column-is-layout-flow\" style=\"flex-basis:66.66%\">\n<p class=\"wp-el\"><strong>Luonto ei ole suopea pohjoisen ihmisille. Siit\u00e4 syyst\u00e4 pohjoisen ihminen on sielultaan taistelija, joka on kiitollinen lyhyest\u00e4 kes\u00e4st\u00e4 ja riemun ajasta.<\/strong><\/p>\n\n\n\n<p class=\"wp-el\">Pohjoismainen ihminen pit\u00e4\u00e4 suuressa arvossa nuoren neidon puhdasta ja raikasta kauneutta. T\u00e4m\u00e4 kauneus ilmeni selvimmin muinaisissa asukkaissa, jotka osasivat arvostaa luonnonvoimien mahtia, joka m\u00e4\u00e4ritteli el\u00e4m\u00e4n ja kuoleman. Se my\u00f6s m\u00e4\u00e4ritti, kuinka kauan talvi kesti ja kuinka suopea kes\u00e4 oli.<\/p>\n\n\n\n<p class=\"has-text-align-center has-pink-color has-text-color has-huge-font-size wp-el\">***<\/p>\n\n\n\n<p class=\"wp-el\">Pohjolan neidon kirkas \u00e4\u00e4ni (hele jaal) alkukantaisessa hiljaisuudessa sai jokaisen karun pohjolan miehen syd\u00e4men vapisemaan, koska siin\u00e4 oli jotain maagista ja voimakasta. Hele jaal (viron kirjakieless\u00e4 hele h\u00e4\u00e4l) tarkoittaa viron keskimurteessa kirkasta \u00e4\u00e4nt\u00e4. Pohjolan neito puhui luonnon kielt\u00e4 ja tiesi ja tunsi luonnonvoimat. Niin se oli tuhansia vuosia sitten, ja niin se oli 150 vuotta sitten, kuten Tammsaare kirjoitti romaanissaan \u201dTotuus ja oikeus\u201d, ja niin se on viel\u00e4 nyky\u00e4\u00e4nkin. Nykyp\u00e4iv\u00e4n pohjoismaisessa naisessa on samaa maagista intuitiota ja luonnonvoimaa kuin edelt\u00e4jiss\u00e4\u00e4n sata, tuhat ja useita tuhansia vuosia sitten.<\/p>\n\n\n\n<p class=\"wp-el\">Muinaisen viisauden l\u00f6yt\u00e4minen itsest\u00e4\u00e4n ja luonnosta antaa ihmisille mahdollisuuden saada osansa mahdista ja voimasta, joiden olemassaolo saattaa helposti unohtua nykyajan pinnallisessa el\u00e4m\u00e4ss\u00e4.<\/p>\n\n\n\n<div style=\"height:50px\" aria-hidden=\"true\" class=\"wp-block-spacer\"><\/div>\n\n\n\n<div class=\"wp-block-image\"><figure class=\"aligncenter size-large\"><img loading=\"lazy\" decoding=\"async\" width=\"100\" height=\"80\" src=\"https:\/\/www.loodu.ee\/wp-content\/uploads\/2021\/06\/loodu.svg\" alt=\"\" class=\"wp-image-496\"\/><\/figure><\/div>\n<\/div>\n\n\n\n<div class=\"wp-block-column is-vertically-aligned-top is-layout-flow wp-block-column-is-layout-flow\" style=\"flex-basis:33.33%\">\n<figure class=\"wp-block-image size-large\"><img loading=\"lazy\" decoding=\"async\" width=\"640\" height=\"960\" src=\"https:\/\/www.loodu.ee\/wp-content\/uploads\/2021\/06\/pexels-yaroslav-shuraev-4937768.jpg\" alt=\"\" class=\"wp-image-538\"\/><\/figure>\n<\/div>\n<\/div>\n","protected":false},"excerpt":{"rendered":"<p>Luonto ei ole suopea pohjoisen ihmisille. Siit\u00e4 syyst\u00e4 pohjoisen ihminen on sielultaan taistelija, joka on kiitollinen lyhyest\u00e4 kes\u00e4st\u00e4 ja riemun&#8230;<\/p>\n","protected":false},"author":1,"featured_media":0,"parent":0,"menu_order":0,"comment_status":"closed","ping_status":"closed","template":"","meta":{"_acf_changed":false,"inline_featured_image":false,"footnotes":""},"class_list":["post-1345","page","type-page","status-publish","hentry"],"acf":[],"_links":{"self":[{"href":"https:\/\/loodu.ee\/fi\/wp-json\/wp\/v2\/pages\/1345","targetHints":{"allow":["GET"]}}],"collection":[{"href":"https:\/\/loodu.ee\/fi\/wp-json\/wp\/v2\/pages"}],"about":[{"href":"https:\/\/loodu.ee\/fi\/wp-json\/wp\/v2\/types\/page"}],"author":[{"embeddable":true,"href":"https:\/\/loodu.ee\/fi\/wp-json\/wp\/v2\/users\/1"}],"replies":[{"embeddable":true,"href":"https:\/\/loodu.ee\/fi\/wp-json\/wp\/v2\/comments?post=1345"}],"version-history":[{"count":2,"href":"https:\/\/loodu.ee\/fi\/wp-json\/wp\/v2\/pages\/1345\/revisions"}],"predecessor-version":[{"id":1350,"href":"https:\/\/loodu.ee\/fi\/wp-json\/wp\/v2\/pages\/1345\/revisions\/1350"}],"wp:attachment":[{"href":"https:\/\/loodu.ee\/fi\/wp-json\/wp\/v2\/media?parent=1345"}],"curies":[{"name":"wp","href":"https:\/\/api.w.org\/{rel}","templated":true}]}}