{"id":1716,"date":"2021-12-07T19:14:02","date_gmt":"2021-12-07T19:14:02","guid":{"rendered":"https:\/\/loodu.ee\/kataja\/"},"modified":"2022-11-07T16:43:23","modified_gmt":"2022-11-07T16:43:23","slug":"kataja","status":"publish","type":"page","link":"https:\/\/loodu.ee\/fi\/pohjoismaiset-ainesosat\/kataja\/","title":{"rendered":"Kataja"},"content":{"rendered":"<div id=\"acf-block_60bf159098427\" class=\"wp-el block-txtmedia\"><div class=\"d-flex flex-wrap\"><div class=\"d-flex--item item--content align-self-md-center\">\n\n<p class=\"wp-el\">Tavallisella katajalla (Juniperus communis) on havaittu olevan anti-inflammatorisia ja antimikrobisia vaikutuksia. Haavojen ja palovammojen nopeutunut paraneminen on havaittu ihosolujen kasvun kiihtymisen seurauksena.<\/p>\n\n\n\n<p class=\"wp-el\">Katajan myyttiset ominaisuudet ovat saaneet tieteellist\u00e4 tukea nyky\u00e4\u00e4n. Virossa kataja liitet\u00e4\u00e4n p\u00e4\u00e4asiassa Saarenmaahan, jossa kataja on l\u00f6yt\u00e4nyt etunsa kasvaessaan kostean meri-ilman ja huonon kalkkipitoisen maaper\u00e4n yhdistelm\u00e4ss\u00e4. Samanlaisia olosuhteita on my\u00f6s Pohjois-Virossa.<\/p>\n\n\n\n<p class=\"wp-el\">\u00c4iti Maan muinaisissa kev\u00e4tjuhlissa sijansa oli kataja, jota pidettiin pyh\u00e4n\u00e4 puuna ja sen marjojen savu karkoitti pahat henget, koska niit\u00e4 piti vakavasti pel\u00e4t\u00e4 Maan portilla pidetyiss\u00e4 tapahtumissa. alamaailma. Oletettavasti n\u00e4in\u00e4 hedelm\u00e4llisyyden juhlap\u00e4ivin\u00e4 naisille kasteltiin katajan oksia, koska katajalla uskottiin olevan hedelm\u00e4llisyytt\u00e4 lis\u00e4\u00e4v\u00e4 ja puhdistava vaikutus. T\u00e4m\u00e4 merkitys oli luultavasti laajempi, koska my\u00f6s syyrialaisen hedelm\u00e4llisyyden jumalattaren Astarten symboli oli kataja.<\/p>\n\n\n\n<p class=\"wp-el\">Usko katajan puhdistavaan vaikutukseen levisi niin laajalle, ett\u00e4 ruton aikana katajaa poltettiin ymp\u00e4rist\u00f6n suojelemiseksi ja puuastioita puhdistettiin katajaliuoksella. Roomalaiset nimesiv\u00e4t t\u00e4m\u00e4n ominaisuuden my\u00f6s katajaksi. Katajauutetta tai l\u00e4mpim\u00e4\u00e4n veteen sekoitettua \u00f6ljy\u00e4 suositellaan edelleen miedona puhdistusaineena.<\/p>\n\n\n\n<p class=\"wp-el\">Katajan puhdistavien ja antimikrobisten ominaisuuksien vuoksi pohjoiset kansat ovat k\u00e4ytt\u00e4neet katajanpuisia astioita oluen valmistukseen. Puuastioissa havaittiin elintarvikkeiden parempi s\u00e4ilyvyys. Muinaiset roomalaiset puhdistivat my\u00f6s puuastioita katajaliuoksella. Usko katajan puhdistavaan vaikutukseen oli niin laajalle levinnyt, ett\u00e4 ruton aikana katajaa poltettiin ymp\u00e4r\u00f6iv\u00e4n ymp\u00e4rist\u00f6n puhdistamiseksi. Pohjoismaisten tuhansia vuosia rakastamia katajanmarjoja pidet\u00e4\u00e4n nyky\u00e4\u00e4n superruokana.<\/p>\n\n\n\n<p class=\"wp-el\">Tieteellisesti katajan ep\u00e4miellytt\u00e4v\u00e4t ominaisuudet bakteereille ja sienille on yhdistetty \u03b1-pineeniin, \u03b2-pineeniin ja p-symeeniin. Formulaatiossa oleva deoksipodofyllotoksiini on m\u00e4\u00e4ritelty virustenvastaiseksi aineeksi. Kataja on l\u00f6yt\u00e4nyt paikkansa antimikrobisissa ja haavoja ja palovammoja parantavissa ominaisuuksissa. My\u00f6s nivel- ja lihaskipuihin sek\u00e4 akneen taipuvaiseen ihoon.<\/p>\n\n\n\n<p class=\"wp-el\">Ihonhoidossa kataja kiinnostaa sen luonnollisia antioksidantteja, jotka korjaavat ja vahvistavat ihosoluja v\u00e4hent\u00e4en siten ik\u00e4\u00e4ntymisen merkkej\u00e4 ja antamalla ihon vastustaa itsen\u00e4isesti haitallisia vaikutuksia, kuten voimakasta auringonvaloa. Antioksidantit rajoittavat vapaiden radikaalien haitallisia vaikutuksia.<\/p>\n\n\n\n<p class=\"wp-el\">Lis\u00e4ksi katajalla on ihoa rauhoittavia ominaisuuksia, kuten punoitusta v\u00e4hent\u00e4vi\u00e4 ominaisuuksia. Kansanl\u00e4\u00e4ketieteess\u00e4 kataja pidet\u00e4\u00e4n mielen ahdistusta v\u00e4hent\u00e4v\u00e4n\u00e4 kasvina. Katajan ihoa kiinteytt\u00e4v\u00e4 vaikutus vaikuttaa selv\u00e4sti kasvojen ulkon\u00e4k\u00f6\u00f6n.<\/p>\n\n\n\n<p class=\"wp-el\">Katajaa on k\u00e4ytetty neutraloimaan ihohuokosissa piilevi\u00e4 haitallisia aineita. N\u00e4in katajapohjainen kosmetiikka on l\u00f6yt\u00e4nyt k\u00e4ytt\u00f6\u00e4 ihon pinnan puhtaana pit\u00e4miseen. Lis\u00e4ksi katajalla on havaittu olevan anti-inflammatorisia ominaisuuksia. T\u00e4m\u00e4n vuoksi katajaa sis\u00e4lt\u00e4vi\u00e4 kosmetiikkatuotteita on pidetty erityisen sopivina akneen taipuvaiselle iholle. Kataja auttaa v\u00e4hent\u00e4m\u00e4\u00e4n huokosten tukkeutumista ja v\u00e4hent\u00e4m\u00e4\u00e4n aknelle sopivia olosuhteita. Katajan on my\u00f6s todettu parantavan ihon hormonaalista tasapainoa, mik\u00e4 voi s\u00e4\u00e4dell\u00e4 ihon luonnollisen rasvaisuuden ja kosteuden muodostumista. Katajan sanotaan stimuloivan aineenvaihduntaa ihonalaisessa rasvakerroksessa ja auttavan siten v\u00e4hent\u00e4m\u00e4\u00e4n rasvaa ja selluliittia. Katajaa on suositeltu v\u00e4syneiden raajojen hierontaan.<\/p>\n\n\n\n<p class=\"wp-el\">T\u00e4h\u00e4n menness\u00e4 LOODU on tuonut markkinoille kolme katajapitoista tuotetta: katajavoide, huulirasva ja katajasiirappi. Molemmat salvat sopivat pit\u00e4m\u00e4\u00e4n huulet hyv\u00e4ss\u00e4 kunnossa, mutta Katajasalva salva on kuusiton ja tuettu propolisilla.&#13;\n<p>&#13;\n<a href=\"https:\/\/loodu.ee\/fi\/toode\/huulibalsami\/\">Huulibalsami<\/a>&#13;\n<a href=\"https:\/\/loodu.ee\/fi\/toode\/katajasalva\/\">Katajasalva<\/a> &#13;\n<a href=\"https:\/\/loodu.ee\/fi\/toode\/katajasiirappi\/\">Katajasiirappi<\/a> &#13;\n<a href=\"https:\/\/loodu.ee\/fi\/toode\/suopursuvoide\/\">Suopursusalva<\/a>&#13;\n<\/p><\/p>\n\n<\/div><div class=\"d-flex--item position-relative item--media align-self-md-center\"><div class=\"swiper-container\"><div class=\"swiper-wrapper\"><div class=\"swiper-slide\"><img loading=\"lazy\" decoding=\"async\" width=\"640\" height=\"350\" src=\"https:\/\/loodu.ee\/wp-content\/uploads\/fly-images\/1558\/juniper-4833381_640-685x350-c.jpg\" class=\"attachment-size-sm\" alt=\"juniper-4833381_640\" \/><\/div><\/div><\/div><div class=\"swiper-button-prev\"><svg xmlns=\"http:\/\/www.w3.org\/2000\/svg\" width=\"16\" height=\"22\" viewBox=\"0 0 16 22\"><path d=\"M2860.332,1671.928c.072-.019.105-.028.126-1.987v.1c0,.139,0,.311.005.468,0,.026,0,.156.007.161s.007-.186.007-.812c0-.487,0-.82-.007-.828v.008c0,.01,0,.035,0,.09.009-1.2.016-2.891.028-6.3l.018-4.662c0,.008,0,.008,0,.008s.009-.019.009-.148a.511.511,0,0,0-.011-.16l0,0,0-.548c0-.027.007-.174.007-.374,0-.137,0-.275,0-.346l.01-2.629.227-.194a7.586,7.586,0,0,1,1.137-.9c.063-.016.094-.037.1-.069.039-.119-.2-.428-1.1-1.505-.866-1.036-1.1-1.3-1.217-1.3a.1.1,0,0,0-.076.046l-.025.028-.1.113c-.064.077-1.183,1.019-1.843,1.551-.117.095-.36.294-.53.437l-.028.023-.095.078-.021.018-.132.109-.067.056-.361.3c-.175.142-.42.343-.586.479l-.141.115-.062.051c-.509.419-2.286,1.814-6.338,4.974l-.354.277-.377.293-.005,0-.014.011c-2.047,1.6-2.533,1.974-2.529,2.162,0,.063.06.1.132.153l.016.012.009.006.006.005,0,0,.045.034.865.689.144.115.014.011.245.2.983.788.314.251.616.493c1.391,1.112,1.852,1.482,2.77,2.218l.139.112.055.044.459.366.016.013.029.023.274.219.061.049.953.76,1.58,1.265c1.507,1.208,2.9,2.325,3.334,2.666a1.3,1.3,0,0,0,.836.391A1.658,1.658,0,0,0,2860.332,1671.928Zm.181-5.4c0-.14.006-1.168.006-3.15,0-2.1,0-3.169-.007-3.186l0,.028c0,.056,0,.208,0,.57-.007,1.411-.007,3.721,0,5.148,0,.313,0,.527,0,.59Z\" transform=\"translate(-2846 -1650)\" fill=\"#d44464\"\/><\/svg><\/div><div class=\"swiper-button-next\"><svg xmlns=\"http:\/\/www.w3.org\/2000\/svg\" width=\"16\" height=\"22\" viewBox=\"0 0 16 22\"><path d=\"M2847.669,1671.928c-.072-.019-.105-.028-.126-1.987v.1c0,.139,0,.311-.005.468,0,.026,0,.156-.007.161s-.007-.186-.007-.812c0-.487,0-.82.007-.828v.008c0,.01,0,.035,0,.09-.009-1.2-.016-2.891-.028-6.3l-.018-4.662c0,.008,0,.008,0,.008s-.009-.019-.009-.148a.511.511,0,0,1,.011-.16l0,0,0-.548c0-.027-.007-.174-.007-.374,0-.137,0-.275,0-.346l-.01-2.629-.227-.194a7.586,7.586,0,0,0-1.137-.9c-.062-.016-.094-.037-.1-.069-.039-.119.2-.428,1.1-1.505.866-1.036,1.1-1.3,1.217-1.3a.1.1,0,0,1,.076.046l.025.028.1.113c.064.077,1.183,1.019,1.843,1.551.117.095.36.294.53.437l.028.023.095.078.021.018.132.109.067.056.361.3c.175.142.42.343.586.479l.141.115.062.051c.509.419,2.286,1.814,6.338,4.974l.354.277.377.293.005,0,.014.011c2.047,1.6,2.533,1.974,2.529,2.162,0,.063-.06.1-.132.153l-.016.012-.009.006-.006.005,0,0-.045.034-.865.689-.144.115-.014.011-.245.2-.983.788-.314.251-.616.493c-1.391,1.112-1.852,1.482-2.77,2.218l-.139.112-.055.044-.459.366-.016.013-.029.023-.274.219-.061.049-.953.76-1.58,1.265c-1.507,1.208-2.9,2.325-3.334,2.666a1.3,1.3,0,0,1-.836.391A1.658,1.658,0,0,1,2847.669,1671.928Zm-.181-5.4c0-.14-.006-1.168-.006-3.15,0-2.1,0-3.169.007-3.186l0,.028c0,.056,0,.208,0,.57.007,1.411.007,3.721,0,5.148,0,.313,0,.527,0,.59Z\" transform=\"translate(-2846 -1650)\" fill=\"#d44464\"\/><\/svg><\/div><\/div><\/div><\/div>","protected":false},"excerpt":{"rendered":"","protected":false},"author":1,"featured_media":0,"parent":1743,"menu_order":40,"comment_status":"closed","ping_status":"closed","template":"","meta":{"_acf_changed":false,"inline_featured_image":false,"footnotes":""},"class_list":["post-1716","page","type-page","status-publish","hentry"],"acf":[],"_links":{"self":[{"href":"https:\/\/loodu.ee\/fi\/wp-json\/wp\/v2\/pages\/1716","targetHints":{"allow":["GET"]}}],"collection":[{"href":"https:\/\/loodu.ee\/fi\/wp-json\/wp\/v2\/pages"}],"about":[{"href":"https:\/\/loodu.ee\/fi\/wp-json\/wp\/v2\/types\/page"}],"author":[{"embeddable":true,"href":"https:\/\/loodu.ee\/fi\/wp-json\/wp\/v2\/users\/1"}],"replies":[{"embeddable":true,"href":"https:\/\/loodu.ee\/fi\/wp-json\/wp\/v2\/comments?post=1716"}],"version-history":[{"count":5,"href":"https:\/\/loodu.ee\/fi\/wp-json\/wp\/v2\/pages\/1716\/revisions"}],"predecessor-version":[{"id":3002,"href":"https:\/\/loodu.ee\/fi\/wp-json\/wp\/v2\/pages\/1716\/revisions\/3002"}],"up":[{"embeddable":true,"href":"https:\/\/loodu.ee\/fi\/wp-json\/wp\/v2\/pages\/1743"}],"wp:attachment":[{"href":"https:\/\/loodu.ee\/fi\/wp-json\/wp\/v2\/media?parent=1716"}],"curies":[{"name":"wp","href":"https:\/\/api.w.org\/{rel}","templated":true}]}}