{"id":1726,"date":"2021-12-07T19:16:51","date_gmt":"2021-12-07T19:16:51","guid":{"rendered":"https:\/\/loodu.ee\/propolis\/"},"modified":"2022-11-07T17:20:39","modified_gmt":"2022-11-07T17:20:39","slug":"propolis","status":"publish","type":"page","link":"https:\/\/loodu.ee\/fi\/pohjoismaiset-ainesosat\/propolis\/","title":{"rendered":"Kittivaha"},"content":{"rendered":"<div id=\"acf-block_60bf1c3168a5a\" class=\"wp-el block-txtmedia\"><div class=\"d-flex flex-wrap\"><div class=\"d-flex--item item--content align-self-md-center\">\n\n<p class=\"wp-el\">Kittivaha on koostumukseltaan monimuotoista, ja se sis\u00e4lt\u00e4\u00e4 yli 300 ainesosaa. Sill\u00e4 on antibakteerisia, antiviraalisia, antioksidanttisia, tulehdusta ja sieni-infektioita ehk\u00e4isevi\u00e4, kipua lievitt\u00e4vi\u00e4 ja vastustuskyky\u00e4 vahvistavia ominaisuuksia. N\u00e4m\u00e4 ominaisuudet johtuvat propoliksen sis\u00e4lt\u00e4mist\u00e4 flavonoideista, fenoleista, terpeeneist\u00e4 ja kofeiinihaposta. Propolista on k\u00e4ytetty jo muinaisista ajoista asti. Se on luonnon nerokas keksint\u00f6, jota mehil\u00e4iset tuottavat suojellakseen pes\u00e4\u00e4ns\u00e4 sairauksilta. Iholla el\u00e4v\u00e4t bakteerit ja mikrobit eiv\u00e4t pid\u00e4 propoliksen sis\u00e4lt\u00e4mist\u00e4 aineista. Sill\u00e4 on havaittu olevan vaurioituneen ihon parantumista ja palautumista edist\u00e4vi\u00e4 vaikutuksia. Se edist\u00e4\u00e4 tyypin 3 kollageenin tehokkaampaa kertymist\u00e4, mink\u00e4 uskotaan edesauttavan ihon s\u00e4ilymist\u00e4 nuorekkaana ja est\u00e4v\u00e4n juonteiden synty\u00e4. Propolis on osoittautunut hy\u00f6dylliseksi my\u00f6s palovammojen ja haavojen hoidossa. Sill\u00e4 on havaittu olevan erityisen hyvi\u00e4 vaikutuksia aknen torjunnassa sek\u00e4 herpeksen, ekseeman ja sieni-infektioiden hoidossa.&#13;\n<p>&#13;\n<a href=\"https:\/\/loodu.ee\/fi\/toode\/cbd-tassubalsami\/\">CBD Tassubalsami<\/a>&#13;\n<a href=\"https:\/\/loodu.ee\/fi\/toode\/perusvoide\/\">Perusvoide<\/a>&#13;\n<a href=\"https:\/\/loodu.ee\/fi\/toode\/katajasalva\/\">Katajasalva<\/a>&#13;\n<a href=\"https:\/\/loodu.ee\/fi\/toode\/mustikka-kurkkusiirappia\/\">Mustikka kurkkusiirappi<\/a>&#13;\n<a href=\"https:\/\/loodu.ee\/fi\/toode\/kapasalv\/\">Tassusalva<\/a>&#13;\n<a href=\"https:\/\/loodu.ee\/fi\/toode\/tyrnisalva\/\">Tyrnisalva<\/a>&#13;\n\u00a0<\/p><\/p>\n\n<\/div><div class=\"d-flex--item position-relative item--media align-self-md-center\"><div class=\"swiper-container\"><div class=\"swiper-wrapper\"><div class=\"swiper-slide\"><img loading=\"lazy\" decoding=\"async\" width=\"685\" height=\"350\" src=\"https:\/\/loodu.ee\/wp-content\/uploads\/fly-images\/1578\/taruvaik-685x350-c.jpg\" class=\"attachment-size-sm\" alt=\"taruvaik\" \/><\/div><\/div><\/div><div class=\"swiper-button-prev\"><svg xmlns=\"http:\/\/www.w3.org\/2000\/svg\" width=\"16\" height=\"22\" viewBox=\"0 0 16 22\"><path d=\"M2860.332,1671.928c.072-.019.105-.028.126-1.987v.1c0,.139,0,.311.005.468,0,.026,0,.156.007.161s.007-.186.007-.812c0-.487,0-.82-.007-.828v.008c0,.01,0,.035,0,.09.009-1.2.016-2.891.028-6.3l.018-4.662c0,.008,0,.008,0,.008s.009-.019.009-.148a.511.511,0,0,0-.011-.16l0,0,0-.548c0-.027.007-.174.007-.374,0-.137,0-.275,0-.346l.01-2.629.227-.194a7.586,7.586,0,0,1,1.137-.9c.063-.016.094-.037.1-.069.039-.119-.2-.428-1.1-1.505-.866-1.036-1.1-1.3-1.217-1.3a.1.1,0,0,0-.076.046l-.025.028-.1.113c-.064.077-1.183,1.019-1.843,1.551-.117.095-.36.294-.53.437l-.028.023-.095.078-.021.018-.132.109-.067.056-.361.3c-.175.142-.42.343-.586.479l-.141.115-.062.051c-.509.419-2.286,1.814-6.338,4.974l-.354.277-.377.293-.005,0-.014.011c-2.047,1.6-2.533,1.974-2.529,2.162,0,.063.06.1.132.153l.016.012.009.006.006.005,0,0,.045.034.865.689.144.115.014.011.245.2.983.788.314.251.616.493c1.391,1.112,1.852,1.482,2.77,2.218l.139.112.055.044.459.366.016.013.029.023.274.219.061.049.953.76,1.58,1.265c1.507,1.208,2.9,2.325,3.334,2.666a1.3,1.3,0,0,0,.836.391A1.658,1.658,0,0,0,2860.332,1671.928Zm.181-5.4c0-.14.006-1.168.006-3.15,0-2.1,0-3.169-.007-3.186l0,.028c0,.056,0,.208,0,.57-.007,1.411-.007,3.721,0,5.148,0,.313,0,.527,0,.59Z\" transform=\"translate(-2846 -1650)\" fill=\"#d44464\"\/><\/svg><\/div><div class=\"swiper-button-next\"><svg xmlns=\"http:\/\/www.w3.org\/2000\/svg\" width=\"16\" height=\"22\" viewBox=\"0 0 16 22\"><path d=\"M2847.669,1671.928c-.072-.019-.105-.028-.126-1.987v.1c0,.139,0,.311-.005.468,0,.026,0,.156-.007.161s-.007-.186-.007-.812c0-.487,0-.82.007-.828v.008c0,.01,0,.035,0,.09-.009-1.2-.016-2.891-.028-6.3l-.018-4.662c0,.008,0,.008,0,.008s-.009-.019-.009-.148a.511.511,0,0,1,.011-.16l0,0,0-.548c0-.027-.007-.174-.007-.374,0-.137,0-.275,0-.346l-.01-2.629-.227-.194a7.586,7.586,0,0,0-1.137-.9c-.062-.016-.094-.037-.1-.069-.039-.119.2-.428,1.1-1.505.866-1.036,1.1-1.3,1.217-1.3a.1.1,0,0,1,.076.046l.025.028.1.113c.064.077,1.183,1.019,1.843,1.551.117.095.36.294.53.437l.028.023.095.078.021.018.132.109.067.056.361.3c.175.142.42.343.586.479l.141.115.062.051c.509.419,2.286,1.814,6.338,4.974l.354.277.377.293.005,0,.014.011c2.047,1.6,2.533,1.974,2.529,2.162,0,.063-.06.1-.132.153l-.016.012-.009.006-.006.005,0,0-.045.034-.865.689-.144.115-.014.011-.245.2-.983.788-.314.251-.616.493c-1.391,1.112-1.852,1.482-2.77,2.218l-.139.112-.055.044-.459.366-.016.013-.029.023-.274.219-.061.049-.953.76-1.58,1.265c-1.507,1.208-2.9,2.325-3.334,2.666a1.3,1.3,0,0,1-.836.391A1.658,1.658,0,0,1,2847.669,1671.928Zm-.181-5.4c0-.14-.006-1.168-.006-3.15,0-2.1,0-3.169.007-3.186l0,.028c0,.056,0,.208,0,.57.007,1.411.007,3.721,0,5.148,0,.313,0,.527,0,.59Z\" transform=\"translate(-2846 -1650)\" fill=\"#d44464\"\/><\/svg><\/div><\/div><\/div><\/div>","protected":false},"excerpt":{"rendered":"","protected":false},"author":1,"featured_media":0,"parent":1743,"menu_order":90,"comment_status":"closed","ping_status":"closed","template":"","meta":{"_acf_changed":false,"inline_featured_image":false,"footnotes":""},"class_list":["post-1726","page","type-page","status-publish","hentry"],"acf":[],"_links":{"self":[{"href":"https:\/\/loodu.ee\/fi\/wp-json\/wp\/v2\/pages\/1726","targetHints":{"allow":["GET"]}}],"collection":[{"href":"https:\/\/loodu.ee\/fi\/wp-json\/wp\/v2\/pages"}],"about":[{"href":"https:\/\/loodu.ee\/fi\/wp-json\/wp\/v2\/types\/page"}],"author":[{"embeddable":true,"href":"https:\/\/loodu.ee\/fi\/wp-json\/wp\/v2\/users\/1"}],"replies":[{"embeddable":true,"href":"https:\/\/loodu.ee\/fi\/wp-json\/wp\/v2\/comments?post=1726"}],"version-history":[{"count":5,"href":"https:\/\/loodu.ee\/fi\/wp-json\/wp\/v2\/pages\/1726\/revisions"}],"predecessor-version":[{"id":3042,"href":"https:\/\/loodu.ee\/fi\/wp-json\/wp\/v2\/pages\/1726\/revisions\/3042"}],"up":[{"embeddable":true,"href":"https:\/\/loodu.ee\/fi\/wp-json\/wp\/v2\/pages\/1743"}],"wp:attachment":[{"href":"https:\/\/loodu.ee\/fi\/wp-json\/wp\/v2\/media?parent=1726"}],"curies":[{"name":"wp","href":"https:\/\/api.w.org\/{rel}","templated":true}]}}