{"id":1748,"date":"2021-12-07T19:57:16","date_gmt":"2021-12-07T19:57:16","guid":{"rendered":"https:\/\/loodu.ee\/myyntipisteet\/"},"modified":"2022-01-11T13:57:15","modified_gmt":"2022-01-11T13:57:15","slug":"myyntipisteet","status":"publish","type":"page","link":"https:\/\/loodu.ee\/fi\/myyntipisteet\/","title":{"rendered":"Myyntipisteet"},"content":{"rendered":"\n<p class=\"wp-el\"><\/p>\n\n<figure class=\"wp-block-table is-style-stripes\"><table><tbody><tr><td>\u00a0<\/td><td class=\"has-text-align-center\" data-align=\"center\">Fyysinen kauppa<\/td><td class=\"has-text-align-center\" data-align=\"center\">Kuusenpihkasalva<\/td><td class=\"has-text-align-center\" data-align=\"center\">Katajasalva<\/td><td class=\"has-text-align-center\" data-align=\"center\">Tassusalva<\/td><td class=\"has-text-align-center\" data-align=\"center\">Silmanymp\u00e4rys\u00f6ljy<\/td><td class=\"has-text-align-center\" data-align=\"center\">Hamppusalva<\/td><td class=\"has-text-align-center\" data-align=\"center\">Kamomillasalva<\/td><td class=\"has-text-align-center\" data-align=\"center\">Nokkossalva<\/td><td class=\"has-text-align-center\" data-align=\"center\">Keh\u00e4kukkasalva<\/td><td class=\"has-text-align-center\" data-align=\"center\">Huulibalsami<\/td><td class=\"has-text-align-center\" data-align=\"center\">Gojimarja\u00f6ljy<\/td><\/tr><tr><td>Apotheka e-apteekki<\/td><td class=\"has-text-align-center\" data-align=\"center\"><\/td><td class=\"has-text-align-center\" data-align=\"center\">*<\/td><td class=\"has-text-align-center\" data-align=\"center\">*<\/td><td class=\"has-text-align-center\" data-align=\"center\">\u00a0<\/td><td class=\"has-text-align-center\" data-align=\"center\">*<\/td><td class=\"has-text-align-center\" data-align=\"center\">\u00a0<\/td><td class=\"has-text-align-center\" data-align=\"center\">*<\/td><td class=\"has-text-align-center\" data-align=\"center\">*<\/td><td class=\"has-text-align-center\" data-align=\"center\">*<\/td><td class=\"has-text-align-center\" data-align=\"center\">*<\/td><td class=\"has-text-align-center\" data-align=\"center\">*<\/td><\/tr><tr><td>Apotheka Beauty verkkokauppa<\/td><td class=\"has-text-align-center\" data-align=\"center\"><\/td><td class=\"has-text-align-center\" data-align=\"center\">*<\/td><td class=\"has-text-align-center\" data-align=\"center\">*<\/td><td class=\"has-text-align-center\" data-align=\"center\">\u00a0<\/td><td class=\"has-text-align-center\" data-align=\"center\">*<\/td><td class=\"has-text-align-center\" data-align=\"center\">\u00a0<\/td><td class=\"has-text-align-center\" data-align=\"center\">*<\/td><td class=\"has-text-align-center\" data-align=\"center\">*<\/td><td class=\"has-text-align-center\" data-align=\"center\">*<\/td><td class=\"has-text-align-center\" data-align=\"center\">*<\/td><td class=\"has-text-align-center\" data-align=\"center\">*<\/td><\/tr><tr><td>Apotheka Viru Keskuse apteekki<\/td><td class=\"has-text-align-center\" data-align=\"center\">*<\/td><td class=\"has-text-align-center\" data-align=\"center\">*<\/td><td class=\"has-text-align-center\" data-align=\"center\">*<\/td><td class=\"has-text-align-center\" data-align=\"center\">\u00a0<\/td><td class=\"has-text-align-center\" data-align=\"center\">*<\/td><td class=\"has-text-align-center\" data-align=\"center\">\u00a0<\/td><td class=\"has-text-align-center\" data-align=\"center\">*<\/td><td class=\"has-text-align-center\" data-align=\"center\">*<\/td><td class=\"has-text-align-center\" data-align=\"center\">*<\/td><td class=\"has-text-align-center\" data-align=\"center\">*<\/td><td class=\"has-text-align-center\" data-align=\"center\">*<\/td><\/tr><tr><td>Apotheka Kristiine apteekki<\/td><td class=\"has-text-align-center\" data-align=\"center\">*<\/td><td class=\"has-text-align-center\" data-align=\"center\">*<\/td><td class=\"has-text-align-center\" data-align=\"center\">*<\/td><td class=\"has-text-align-center\" data-align=\"center\">\u00a0<\/td><td class=\"has-text-align-center\" data-align=\"center\">*<\/td><td class=\"has-text-align-center\" data-align=\"center\">\u00a0<\/td><td class=\"has-text-align-center\" data-align=\"center\">*<\/td><td class=\"has-text-align-center\" data-align=\"center\">*<\/td><td class=\"has-text-align-center\" data-align=\"center\">*<\/td><td class=\"has-text-align-center\" data-align=\"center\">*<\/td><td class=\"has-text-align-center\" data-align=\"center\">*<\/td><\/tr><tr><td>Apotheka Arsenali apteekki<\/td><td class=\"has-text-align-center\" data-align=\"center\">*<\/td><td class=\"has-text-align-center\" data-align=\"center\">\u00a0<\/td><td class=\"has-text-align-center\" data-align=\"center\">*<\/td><td class=\"has-text-align-center\" data-align=\"center\">\u00a0<\/td><td class=\"has-text-align-center\" data-align=\"center\">*<\/td><td class=\"has-text-align-center\" data-align=\"center\">\u00a0<\/td><td class=\"has-text-align-center\" data-align=\"center\">\u00a0<\/td><td class=\"has-text-align-center\" data-align=\"center\">*<\/td><td class=\"has-text-align-center\" data-align=\"center\">\u00a0<\/td><td class=\"has-text-align-center\" data-align=\"center\">\u00a0<\/td><td class=\"has-text-align-center\" data-align=\"center\">*<\/td><\/tr><tr><td>Apotheka Mustika Prisma apteekki<\/td><td class=\"has-text-align-center\" data-align=\"center\">*<\/td><td class=\"has-text-align-center\" data-align=\"center\">*<\/td><td class=\"has-text-align-center\" data-align=\"center\">\u00a0<\/td><td class=\"has-text-align-center\" data-align=\"center\">\u00a0<\/td><td class=\"has-text-align-center\" data-align=\"center\">\u00a0<\/td><td class=\"has-text-align-center\" data-align=\"center\">\u00a0<\/td><td class=\"has-text-align-center\" data-align=\"center\">*<\/td><td class=\"has-text-align-center\" data-align=\"center\">\u00a0<\/td><td class=\"has-text-align-center\" data-align=\"center\">\u00a0<\/td><td class=\"has-text-align-center\" data-align=\"center\">*<\/td><td class=\"has-text-align-center\" data-align=\"center\">\u00a0<\/td><\/tr><tr><td>Apotheka P\u00f5ltsamaa Selveri apteekki<\/td><td class=\"has-text-align-center\" data-align=\"center\">*<\/td><td class=\"has-text-align-center\" data-align=\"center\">*<\/td><td class=\"has-text-align-center\" data-align=\"center\">\u00a0<\/td><td class=\"has-text-align-center\" data-align=\"center\">\u00a0<\/td><td class=\"has-text-align-center\" data-align=\"center\">\u00a0<\/td><td class=\"has-text-align-center\" data-align=\"center\">\u00a0<\/td><td class=\"has-text-align-center\" data-align=\"center\">*<\/td><td class=\"has-text-align-center\" data-align=\"center\">*<\/td><td class=\"has-text-align-center\" data-align=\"center\">\u00a0<\/td><td class=\"has-text-align-center\" data-align=\"center\">\u00a0<\/td><td class=\"has-text-align-center\" data-align=\"center\">\u00a0<\/td><\/tr><tr><td>Anne S\u00fcdameapteekki<\/td><td class=\"has-text-align-center\" data-align=\"center\">*<\/td><td class=\"has-text-align-center\" data-align=\"center\">*<\/td><td class=\"has-text-align-center\" data-align=\"center\">\u00a0<\/td><td class=\"has-text-align-center\" data-align=\"center\">\u00a0<\/td><td class=\"has-text-align-center\" data-align=\"center\">\u00a0<\/td><td class=\"has-text-align-center\" data-align=\"center\">\u00a0<\/td><td class=\"has-text-align-center\" data-align=\"center\">\u00a0<\/td><td class=\"has-text-align-center\" data-align=\"center\">\u00a0<\/td><td class=\"has-text-align-center\" data-align=\"center\">\u00a0<\/td><td class=\"has-text-align-center\" data-align=\"center\">\u00a0<\/td><td class=\"has-text-align-center\" data-align=\"center\">\u00a0<\/td><\/tr><tr><td>BENU Abja Apteekki<\/td><td class=\"has-text-align-center\" data-align=\"center\">*<\/td><td class=\"has-text-align-center\" data-align=\"center\">\u00a0<\/td><td class=\"has-text-align-center\" data-align=\"center\">*<\/td><td class=\"has-text-align-center\" data-align=\"center\">\u00a0<\/td><td class=\"has-text-align-center\" data-align=\"center\">\u00a0<\/td><td class=\"has-text-align-center\" data-align=\"center\">\u00a0<\/td><td class=\"has-text-align-center\" data-align=\"center\">\u00a0<\/td><td class=\"has-text-align-center\" data-align=\"center\">\u00a0<\/td><td class=\"has-text-align-center\" data-align=\"center\">\u00a0<\/td><td class=\"has-text-align-center\" data-align=\"center\">\u00a0<\/td><td class=\"has-text-align-center\" data-align=\"center\">\u00a0<\/td><\/tr><tr><td>tervis24.ee ja Mustam\u00e4e Tervisepood<\/td><td class=\"has-text-align-center\" data-align=\"center\">*<\/td><td class=\"has-text-align-center\" data-align=\"center\">*<\/td><td class=\"has-text-align-center\" data-align=\"center\">*<\/td><td class=\"has-text-align-center\" data-align=\"center\">*<\/td><td class=\"has-text-align-center\" data-align=\"center\">\u00a0<\/td><td class=\"has-text-align-center\" data-align=\"center\">*<\/td><td class=\"has-text-align-center\" data-align=\"center\">\u00a0<\/td><td class=\"has-text-align-center\" data-align=\"center\">*<\/td><td class=\"has-text-align-center\" data-align=\"center\">\u00a0<\/td><td class=\"has-text-align-center\" data-align=\"center\">\u00a0<\/td><td class=\"has-text-align-center\" data-align=\"center\">\u00a0<\/td><\/tr><tr><td>Loodusand verkkokauppa<\/td><td class=\"has-text-align-center\" data-align=\"center\"><\/td><td class=\"has-text-align-center\" data-align=\"center\">*<\/td><td class=\"has-text-align-center\" data-align=\"center\">*<\/td><td class=\"has-text-align-center\" data-align=\"center\">*<\/td><td class=\"has-text-align-center\" data-align=\"center\">*<\/td><td class=\"has-text-align-center\" data-align=\"center\">*<\/td><td class=\"has-text-align-center\" data-align=\"center\">*<\/td><td class=\"has-text-align-center\" data-align=\"center\">*<\/td><td class=\"has-text-align-center\" data-align=\"center\">*<\/td><td class=\"has-text-align-center\" data-align=\"center\">*<\/td><td class=\"has-text-align-center\" data-align=\"center\">*<\/td><\/tr><tr><td>Bosse lemmikki kaupppa Haabersti jm<\/td><td class=\"has-text-align-center\" data-align=\"center\">*<\/td><td class=\"has-text-align-center\" data-align=\"center\">\u00a0<\/td><td class=\"has-text-align-center\" data-align=\"center\">\u00a0<\/td><td class=\"has-text-align-center\" data-align=\"center\">*<\/td><td class=\"has-text-align-center\" data-align=\"center\">\u00a0<\/td><td class=\"has-text-align-center\" data-align=\"center\">\u00a0<\/td><td class=\"has-text-align-center\" data-align=\"center\">\u00a0<\/td><td class=\"has-text-align-center\" data-align=\"center\">\u00a0<\/td><td class=\"has-text-align-center\" data-align=\"center\">\u00a0<\/td><td class=\"has-text-align-center\" data-align=\"center\">\u00a0<\/td><td class=\"has-text-align-center\" data-align=\"center\">\u00a0<\/td><\/tr><tr><td>JustHemp CBD pood Tallinnas ja Tartus<\/td><td class=\"has-text-align-center\" data-align=\"center\">*<\/td><td class=\"has-text-align-center\" data-align=\"center\">\u00a0<\/td><td class=\"has-text-align-center\" data-align=\"center\">\u00a0<\/td><td class=\"has-text-align-center\" data-align=\"center\">\u00a0<\/td><td class=\"has-text-align-center\" data-align=\"center\">*<\/td><td class=\"has-text-align-center\" data-align=\"center\">*<\/td><td class=\"has-text-align-center\" data-align=\"center\">\u00a0<\/td><td class=\"has-text-align-center\" data-align=\"center\">\u00a0<\/td><td class=\"has-text-align-center\" data-align=\"center\">\u00a0<\/td><td class=\"has-text-align-center\" data-align=\"center\">\u00a0<\/td><td class=\"has-text-align-center\" data-align=\"center\">\u00a0<\/td><\/tr><tr><td>Mahekaup Tallinn Hobujaama 12<\/td><td class=\"has-text-align-center\" data-align=\"center\">*<\/td><td class=\"has-text-align-center\" data-align=\"center\">*<\/td><td class=\"has-text-align-center\" data-align=\"center\">*<\/td><td class=\"has-text-align-center\" data-align=\"center\">*<\/td><td class=\"has-text-align-center\" data-align=\"center\">*<\/td><td class=\"has-text-align-center\" data-align=\"center\">*<\/td><td class=\"has-text-align-center\" data-align=\"center\">*<\/td><td class=\"has-text-align-center\" data-align=\"center\">*<\/td><td class=\"has-text-align-center\" data-align=\"center\">*<\/td><td class=\"has-text-align-center\" data-align=\"center\">*<\/td><td class=\"has-text-align-center\" data-align=\"center\">*<\/td><\/tr><tr><td>Biore Tervisestuudio Rakvere Laada 5<\/td><td class=\"has-text-align-center\" data-align=\"center\">*<\/td><td class=\"has-text-align-center\" data-align=\"center\">*<\/td><td class=\"has-text-align-center\" data-align=\"center\">*<\/td><td class=\"has-text-align-center\" data-align=\"center\">*<\/td><td class=\"has-text-align-center\" data-align=\"center\">*<\/td><td class=\"has-text-align-center\" data-align=\"center\">*<\/td><td class=\"has-text-align-center\" data-align=\"center\">*<\/td><td class=\"has-text-align-center\" data-align=\"center\">*<\/td><td class=\"has-text-align-center\" data-align=\"center\">*<\/td><td class=\"has-text-align-center\" data-align=\"center\">*<\/td><td class=\"has-text-align-center\" data-align=\"center\">*<\/td><\/tr><tr><td>Roserii verkkokauppa<\/td><td class=\"has-text-align-center\" data-align=\"center\"><\/td><td class=\"has-text-align-center\" data-align=\"center\">*<\/td><td class=\"has-text-align-center\" data-align=\"center\">*<\/td><td class=\"has-text-align-center\" data-align=\"center\">*<\/td><td class=\"has-text-align-center\" data-align=\"center\">*<\/td><td class=\"has-text-align-center\" data-align=\"center\">*<\/td><td class=\"has-text-align-center\" data-align=\"center\">*<\/td><td class=\"has-text-align-center\" data-align=\"center\">*<\/td><td class=\"has-text-align-center\" data-align=\"center\">*<\/td><td class=\"has-text-align-center\" data-align=\"center\">*<\/td><td class=\"has-text-align-center\" data-align=\"center\">*<\/td><\/tr><tr><td>Via Naturale Tartu Kalevi 108<\/td><td class=\"has-text-align-center\" data-align=\"center\">*<\/td><td class=\"has-text-align-center\" data-align=\"center\">*<\/td><td class=\"has-text-align-center\" data-align=\"center\">*<\/td><td class=\"has-text-align-center\" data-align=\"center\">*<\/td><td class=\"has-text-align-center\" data-align=\"center\">*<\/td><td class=\"has-text-align-center\" data-align=\"center\">*<\/td><td class=\"has-text-align-center\" data-align=\"center\">*<\/td><td class=\"has-text-align-center\" data-align=\"center\">*<\/td><td class=\"has-text-align-center\" data-align=\"center\">*<\/td><td class=\"has-text-align-center\" data-align=\"center\">*<\/td><td class=\"has-text-align-center\" data-align=\"center\">*<\/td><\/tr><\/tbody><\/table><\/figure>\n","protected":false},"excerpt":{"rendered":"<p>\u00a0 Fyysinen kauppa Kuusenpihkasalva Katajasalva Tassusalva Silmanymp\u00e4rys\u00f6ljy Hamppusalva Kamomillasalva Nokkossalva Keh\u00e4kukkasalva Huulibalsami Gojimarja\u00f6ljy Apotheka e-apteekki * * \u00a0 * \u00a0&#8230;<\/p>\n","protected":false},"author":1,"featured_media":0,"parent":0,"menu_order":0,"comment_status":"closed","ping_status":"closed","template":"","meta":{"_acf_changed":false,"inline_featured_image":false,"footnotes":""},"class_list":["post-1748","page","type-page","status-publish","hentry"],"acf":[],"_links":{"self":[{"href":"https:\/\/loodu.ee\/fi\/wp-json\/wp\/v2\/pages\/1748","targetHints":{"allow":["GET"]}}],"collection":[{"href":"https:\/\/loodu.ee\/fi\/wp-json\/wp\/v2\/pages"}],"about":[{"href":"https:\/\/loodu.ee\/fi\/wp-json\/wp\/v2\/types\/page"}],"author":[{"embeddable":true,"href":"https:\/\/loodu.ee\/fi\/wp-json\/wp\/v2\/users\/1"}],"replies":[{"embeddable":true,"href":"https:\/\/loodu.ee\/fi\/wp-json\/wp\/v2\/comments?post=1748"}],"version-history":[{"count":5,"href":"https:\/\/loodu.ee\/fi\/wp-json\/wp\/v2\/pages\/1748\/revisions"}],"predecessor-version":[{"id":1927,"href":"https:\/\/loodu.ee\/fi\/wp-json\/wp\/v2\/pages\/1748\/revisions\/1927"}],"wp:attachment":[{"href":"https:\/\/loodu.ee\/fi\/wp-json\/wp\/v2\/media?parent=1748"}],"curies":[{"name":"wp","href":"https:\/\/api.w.org\/{rel}","templated":true}]}}