{"id":1753,"date":"2021-12-07T20:23:22","date_gmt":"2021-12-07T20:23:22","guid":{"rendered":"https:\/\/loodu.ee\/tietosuojakaytanto\/"},"modified":"2021-12-07T20:23:22","modified_gmt":"2021-12-07T20:23:22","slug":"tietosuojakaytanto","status":"publish","type":"page","link":"https:\/\/loodu.ee\/fi\/tietosuojakaytanto\/","title":{"rendered":"Tietosuojak\u00e4yt\u00e4nt\u00f6"},"content":{"rendered":"\n<h3 class=\"wp-el wp-block-heading\">1.\tYleist\u00e4<\/h3>\n\n<p class=\"wp-el\">1.1.\tT\u00e4m\u00e4 tietosuojak\u00e4yt\u00e4nt\u00f6 s\u00e4\u00e4telee henkil\u00f6tietojen ker\u00e4\u00e4mist\u00e4, k\u00e4sittely\u00e4 ja s\u00e4ilytt\u00e4mist\u00e4 koskevia periaatteita. Henkil\u00f6tietoja ker\u00e4\u00e4, k\u00e4sittelee ja s\u00e4ilytt\u00e4\u00e4 rekisterinpit\u00e4j\u00e4 (vastuullinen tietojenk\u00e4sittelij\u00e4) Loodu O\u00dc (rekisteritunnus 14992146) (j\u00e4ljemp\u00e4n\u00e4 rekisterinpit\u00e4j\u00e4).<\/p>\n\n<p class=\"wp-el\">1.2.\tRekister\u00f6ity on tietosuojak\u00e4yt\u00e4nn\u00f6n tarkoittamassa merkityksess\u00e4 asiakas tai muu luonnollinen henkil\u00f6, jonka henkil\u00f6tietoja rekisterinpit\u00e4j\u00e4 k\u00e4sittelee.<\/p>\n\n<p class=\"wp-el\">1.3.\tAsiakas on tietosuojak\u00e4yt\u00e4nn\u00f6n tarkoittamassa merkityksess\u00e4 jokainen, joka ostaa rekisterinpit\u00e4j\u00e4n kotisivulta tuotteita tai palveluita.<\/p>\n\n<p class=\"wp-el\">1.4.\tRekisterinpit\u00e4j\u00e4 noudattaa lains\u00e4\u00e4d\u00e4nn\u00f6ss\u00e4 s\u00e4\u00e4dettyj\u00e4 tietojenk\u00e4sittelyn periaatteita, eli rekisterinpit\u00e4j\u00e4 muun muassa k\u00e4sittelee henkil\u00f6tietoja laillisesti, oikeudenmukaisesti ja turvallisesti. Rekisterinpit\u00e4j\u00e4 pystyy vahvistamaan, ett\u00e4 henkil\u00f6tietoja on k\u00e4sitelty lains\u00e4\u00e4d\u00e4nn\u00f6ss\u00e4 s\u00e4\u00e4detyll\u00e4 tavalla.<\/p>\n\n<h3 class=\"wp-el wp-block-heading\">2.\tHenkil\u00f6tietojen ker\u00e4\u00e4minen, k\u00e4sittely ja s\u00e4ilytt\u00e4minen<\/h3>\n\n<p class=\"wp-el\">2.1.\tHenkil\u00f6tiedot, joita rekisterinpit\u00e4j\u00e4 ker\u00e4\u00e4, k\u00e4sittelee ja s\u00e4ilytt\u00e4\u00e4, on ker\u00e4tty s\u00e4hk\u00f6isesti, l\u00e4hinn\u00e4 kotisivun ja s\u00e4hk\u00f6postin v\u00e4lityksell\u00e4.<\/p>\n\n<p class=\"wp-el\">2.2.\tHenkil\u00f6tietonsa ilmoittamalla rekister\u00f6ity antaa rekisterinpit\u00e4j\u00e4lle oikeuden ker\u00e4t\u00e4, j\u00e4rjestell\u00e4, k\u00e4ytt\u00e4\u00e4 ja hallita tietosuojak\u00e4yt\u00e4nn\u00f6ss\u00e4 m\u00e4\u00e4ritettyyn tarkoitukseen niit\u00e4 henkil\u00f6tietoja, joita rekister\u00f6ity ilmoittaa rekisterinpit\u00e4j\u00e4lle suoraan tai ep\u00e4suorasti ostaessaan kotisivulta tuotteita tai palveluita.<\/p>\n\n<p class=\"wp-el\">2.3.\tRekister\u00f6ity vastaa siit\u00e4, ett\u00e4 h\u00e4nen esitt\u00e4m\u00e4ns\u00e4 tiedot ovat t\u00e4sm\u00e4llisi\u00e4, oikeita ja t\u00e4ydellisi\u00e4. Tietoisesti v\u00e4\u00e4rien tietojen esitt\u00e4minen katsotaan tietosuojak\u00e4yt\u00e4nn\u00f6n rikkomiseksi. Rekister\u00f6ity on velvollinen ilmoittamaan rekisterinpit\u00e4j\u00e4lle esitettyjen tietojen muuttumisesta viipym\u00e4tt\u00e4.<\/p>\n\n<p class=\"wp-el\">2.4.\tRekisterinpit\u00e4j\u00e4 ei vastaa rekister\u00f6idyn esitt\u00e4mien v\u00e4\u00e4rien tietojen rekister\u00f6idylle ja kolmansille osapuolille aiheuttamasta vahingosta.<\/p>\n\n<h3 class=\"wp-el wp-block-heading\">3.\tAsiakkaiden henkil\u00f6tietojen k\u00e4sittely<\/h3>\n\n<p class=\"wp-el\">3.1.\tRekisterinpit\u00e4j\u00e4 voi k\u00e4sitell\u00e4 seuraavia rekister\u00f6idyn henkil\u00f6tietoja:<\/p>\n\n<p class=\"wp-el\">3.1.1.\tetu- ja sukunimi<\/p>\n\n<p class=\"wp-el\">3.1.2.\tsyntym\u00e4aika<\/p>\n\n<p class=\"wp-el\">3.1.3.\tpuhelinnumero<\/p>\n\n<p class=\"wp-el\">3.1.4.\ts\u00e4hk\u00f6postiosoite<\/p>\n\n<p class=\"wp-el\">3.1.5.\ttoimitusosoite<\/p>\n\n<p class=\"wp-el\">3.1.6.\tpankkitilin numero<\/p>\n\n<p class=\"wp-el\">3.1.7.\tmaksukortin tiedot.<\/p>\n\n<p class=\"wp-el\">3.2.\tLis\u00e4ksi rekisterinpit\u00e4j\u00e4ll\u00e4 on oikeus ker\u00e4t\u00e4 asiakkaasta tietoja, jotka ovat saatavilla julkisista rekistereist\u00e4.<\/p>\n\n<p class=\"wp-el\">3.3.\tHenkil\u00f6tietojen k\u00e4sittelyn oikeudellisena perusteena ovat yleisen henkil\u00f6tietoasetuksen 6 pyk\u00e4l\u00e4n 1 momentin kohdat a, b, c ja f:<\/p>\n\n<p class=\"wp-el\">a)\tRekister\u00f6ity on antanut suostumuksensa henkil\u00f6tietojensa k\u00e4sittelyyn yht\u00e4 tai useampaa erityist\u00e4 tarkoitusta varten.<\/p>\n\n<p class=\"wp-el\">b)\tK\u00e4sittely on tarpeen sellaisen sopimuksen t\u00e4yt\u00e4nt\u00f6\u00f6npanemiseksi, jossa rekister\u00f6ity on osapuolena, tai sopimuksen tekemist\u00e4 edelt\u00e4vien toimenpiteiden toteuttamiseksi rekister\u00f6idyn pyynn\u00f6st\u00e4.<\/p>\n\n<p class=\"wp-el\">c)\tK\u00e4sittely on tarpeen rekisterinpit\u00e4j\u00e4n lakis\u00e4\u00e4teisen velvoitteen noudattamiseksi.<\/p>\n\n<p class=\"wp-el\">f)      K\u00e4sittely on tarpeen rekisterinpit\u00e4j\u00e4n tai kolmannen osapuolen oikeutettujen etujen toteuttamiseksi, paitsi milloin henkil\u00f6tietojen suojaa edellytt\u00e4v\u00e4t rekister\u00f6idyn edut tai perusoikeudet ja -vapaudet syrj\u00e4ytt\u00e4v\u00e4t t\u00e4llaiset edut, erityisesti jos rekister\u00f6ity on lapsi.<\/p>\n\n<p class=\"wp-el\">3.4.\tHenkil\u00f6tietojen k\u00e4sittely k\u00e4sittelytarkoituksen mukaan:<\/p>\n\n<p class=\"wp-el\">3.4.1.\tK\u00e4sittelytarkoitus \u2013 turvallisuus<\/p>\n\n<p class=\"wp-el\">Henkil\u00f6tietojen s\u00e4ilytt\u00e4misen enimm\u00e4isaika: laissa mainittujen m\u00e4\u00e4r\u00e4aikojen mukaisesti<\/p>\n\n<p class=\"wp-el\">3.4.2.\tK\u00e4sittelytarkoitus \u2013 tilauksen k\u00e4sittely<\/p>\n\n<p class=\"wp-el\">Henkil\u00f6tietojen s\u00e4ilytt\u00e4misen enimm\u00e4isaika: 10 vuotta<\/p>\n\n<p class=\"wp-el\">3.4.3.\tK\u00e4sittelytarkoitus \u2013 verkkokaupan palvelujen toimimisen varmistaminen<\/p>\n\n<p class=\"wp-el\">Henkil\u00f6tietojen s\u00e4ilytt\u00e4misen enimm\u00e4isaika: 10 vuotta<\/p>\n\n<p class=\"wp-el\">3.4.4.\tK\u00e4sittelytarkoitus \u2013 asiakashallinta<\/p>\n\n<p class=\"wp-el\">Henkil\u00f6tietojen s\u00e4ilytt\u00e4misen enimm\u00e4isaika: 10 vuotta<\/p>\n\n<p class=\"wp-el\">3.4.5.\tK\u00e4sittelytarkoitus \u2013 taloudellinen toiminta, kirjanpito<\/p>\n\n<p class=\"wp-el\">Henkil\u00f6tietojen s\u00e4ilytt\u00e4misen enimm\u00e4isaika: laissa mainittujen m\u00e4\u00e4r\u00e4aikojen mukaisesti<\/p>\n\n<p class=\"wp-el\">3.4.6.\tK\u00e4sittelytarkoitus \u2013 markkinointi<\/p>\n\n<p class=\"wp-el\">Henkil\u00f6tietojen s\u00e4ilytt\u00e4misen enimm\u00e4isaika: 5 vuotta<\/p>\n\n<p class=\"wp-el\">3.5.\tRekisterinpit\u00e4j\u00e4ll\u00e4 on oikeus v\u00e4litt\u00e4\u00e4 asiakkaiden henkil\u00f6tietoja kolmansille henkil\u00f6ille, joita ovat esimerkiksi valtuutetut tietojenk\u00e4sittelij\u00e4t, kirjanpit\u00e4j\u00e4t, kuljetus- ja l\u00e4hettiyhti\u00f6t ja pankkisiirtopalveluita tarjoavat yritykset. Rekisterinpit\u00e4j\u00e4 on henkil\u00f6tietojen vastuullinen k\u00e4sittelij\u00e4. Rekisterinpit\u00e4j\u00e4 v\u00e4litt\u00e4\u00e4 maksujen suorittamiseen tarvittavat henkil\u00f6tiedot valtuutetulle k\u00e4sittelij\u00e4lle Montonio Finance UAB:lle ja kuljetusyritykselle tuotteiden kuljetusta varten.<\/p>\n\n<p class=\"wp-el\">3.6.\tRekister\u00f6idyn henkil\u00f6tietojen k\u00e4sittelyn ja s\u00e4ilytt\u00e4misen yhteydess\u00e4 rekisterinpit\u00e4j\u00e4 k\u00e4ytt\u00e4\u00e4 organisatorisia ja teknisi\u00e4 keinoja, jotka takaavat henkil\u00f6tietojen suojan sattumanvaraiselta tai laittomalta h\u00e4vitt\u00e4miselt\u00e4, muuttamiselta, julkistamiselta ja kaikelta muulta laittomalta k\u00e4sittelylt\u00e4.<\/p>\n\n<p class=\"wp-el\">3.7.\tRekisterinpit\u00e4j\u00e4 s\u00e4ilytt\u00e4\u00e4 rekister\u00f6ityjen tietoja k\u00e4sittelytarkoituksen mukaan enint\u00e4\u00e4n 10 vuotta.<\/p>\n\n<p class=\"wp-el\">3.8.\tRekisterinpit\u00e4j\u00e4 voi ker\u00e4t\u00e4 muita kuin henkil\u00f6tietoja, joita ei voida suoraan yhdist\u00e4\u00e4 tiettyyn henkil\u00f6\u00f6n (sukupuoli, ik\u00e4, kieli, sijainti). Rekisterinpit\u00e4j\u00e4 voi my\u00f6s ker\u00e4t\u00e4 tietoja asiakkaiden toiminnasta verkkosivuillaan. N\u00e4it\u00e4 tietoja ker\u00e4t\u00e4\u00e4n ja k\u00e4ytet\u00e4\u00e4n selvitt\u00e4m\u00e4\u00e4n, mitk\u00e4 verkkosivuston osat, tuotteet ja palvelut kiinnostavat eniten. Yhdistettyj\u00e4 tietoja k\u00e4sitell\u00e4\u00e4n t\u00e4ss\u00e4 tietosuojak\u00e4yt\u00e4nn\u00f6ss\u00e4 muina kuin henkil\u00f6tietoina.<\/p>\n\n<h3 class=\"wp-el wp-block-heading\">4.\tRekister\u00f6idyn oikeudet<\/h3>\n\n<p class=\"wp-el\">4.1.\tRekister\u00f6idyll\u00e4 on oikeus p\u00e4\u00e4st\u00e4 henkil\u00f6tietoihinsa ja tutustua niihin.<\/p>\n\n<p class=\"wp-el\">4.2.\tRekister\u00f6idyll\u00e4 on oikeus saada tietoa henkil\u00f6tietojensa k\u00e4sittelyst\u00e4.<\/p>\n\n<p class=\"wp-el\">4.3.\tRekister\u00f6idyll\u00e4 on oikeus t\u00e4ydent\u00e4\u00e4 tai korjata ep\u00e4t\u00e4sm\u00e4llisi\u00e4 tietoja.<\/p>\n\n<p class=\"wp-el\">4.4.\tJos rekisterinpit\u00e4j\u00e4 k\u00e4sittelee rekister\u00f6idyn henkil\u00f6tietoja rekister\u00f6idyn suostumuksen perusteella, rekister\u00f6idyll\u00e4 on koska tahansa oikeus perua suostumuksensa.<\/p>\n\n<p class=\"wp-el\">4.5.\tRekister\u00f6ity voi oikeuksiensa k\u00e4ytt\u00e4miseksi ottaa yhteytt\u00e4 verkkokaupan asiakastukeen osoitteella info@loodu.ee.<\/p>\n\n<p class=\"wp-el\">4.6.\tRekister\u00f6idyll\u00e4 on oikeuksiensa puolustamiseksi mahdollisuus esitt\u00e4\u00e4 valitus Viron tietosuojaviranomaiselle (Andmekaitse Inspektsioon).<\/p>\n\n<h3 class=\"wp-el wp-block-heading\">5.\tLopuksi<\/h3>\n\n<p class=\"wp-el\">5.1.\tT\u00e4m\u00e4 tietosuojak\u00e4yt\u00e4nt\u00f6 on laadittu Euroopan parlamentin ja neuvoston antaman asetuksen nro 2016\/679 luonnollisten henkil\u00f6iden suojelusta henkil\u00f6tietojen k\u00e4sittelyss\u00e4 sek\u00e4 n\u00e4iden tietojen vapaasta liikkuvuudesta ja direktiivin 95\/46\/EY kumoamisesta (yleinen tietosuoja-asetus) mukaisesti, ja se on Viron tasavallan henkil\u00f6tietosuojalain sek\u00e4 Viron tasavallan ja Euroopan unionin s\u00e4\u00e4d\u00f6sten mukainen.<\/p>\n\n<p class=\"wp-el\">5.2.\tRekisterinpit\u00e4j\u00e4ll\u00e4 on oikeus muuttaa tietosuojak\u00e4yt\u00e4nt\u00f6\u00e4 osittain tai kokonaan ilmoittamalla rekister\u00f6idyille muutoksista kotisivun loodu.ee kautta.<\/p>\n","protected":false},"excerpt":{"rendered":"<p>1. Yleist\u00e4 1.1. T\u00e4m\u00e4 tietosuojak\u00e4yt\u00e4nt\u00f6 s\u00e4\u00e4telee henkil\u00f6tietojen ker\u00e4\u00e4mist\u00e4, k\u00e4sittely\u00e4 ja s\u00e4ilytt\u00e4mist\u00e4 koskevia periaatteita. Henkil\u00f6tietoja ker\u00e4\u00e4, k\u00e4sittelee ja s\u00e4ilytt\u00e4\u00e4 rekisterinpit\u00e4j\u00e4 (vastuullinen&#8230;<\/p>\n","protected":false},"author":1,"featured_media":0,"parent":0,"menu_order":110,"comment_status":"closed","ping_status":"closed","template":"","meta":{"_acf_changed":false,"inline_featured_image":false,"footnotes":""},"class_list":["post-1753","page","type-page","status-publish","hentry"],"acf":[],"_links":{"self":[{"href":"https:\/\/loodu.ee\/fi\/wp-json\/wp\/v2\/pages\/1753","targetHints":{"allow":["GET"]}}],"collection":[{"href":"https:\/\/loodu.ee\/fi\/wp-json\/wp\/v2\/pages"}],"about":[{"href":"https:\/\/loodu.ee\/fi\/wp-json\/wp\/v2\/types\/page"}],"author":[{"embeddable":true,"href":"https:\/\/loodu.ee\/fi\/wp-json\/wp\/v2\/users\/1"}],"replies":[{"embeddable":true,"href":"https:\/\/loodu.ee\/fi\/wp-json\/wp\/v2\/comments?post=1753"}],"version-history":[{"count":1,"href":"https:\/\/loodu.ee\/fi\/wp-json\/wp\/v2\/pages\/1753\/revisions"}],"predecessor-version":[{"id":1754,"href":"https:\/\/loodu.ee\/fi\/wp-json\/wp\/v2\/pages\/1753\/revisions\/1754"}],"wp:attachment":[{"href":"https:\/\/loodu.ee\/fi\/wp-json\/wp\/v2\/media?parent=1753"}],"curies":[{"name":"wp","href":"https:\/\/api.w.org\/{rel}","templated":true}]}}