{"id":1760,"date":"2021-12-07T20:36:36","date_gmt":"2021-12-07T20:36:36","guid":{"rendered":"https:\/\/loodu.ee\/usein-kysyttya\/"},"modified":"2021-12-07T20:36:36","modified_gmt":"2021-12-07T20:36:36","slug":"usein-kysyttya","status":"publish","type":"page","link":"https:\/\/loodu.ee\/fi\/usein-kysyttya\/","title":{"rendered":"Usein kysytty\u00e4"},"content":{"rendered":"\n<h3 class=\"wp-el wp-block-heading\">Voinko noutaa tuotteet itse?<\/h3>\n\n<p class=\"wp-el\">Et, sill\u00e4 l\u00e4het\u00e4mme tuotteet verkkokaupassa tarjottujen kuljetuspalvelujen kautta.<\/p>\n\n<h3 class=\"wp-el wp-block-heading\">Onko tuotteessa etanolia ja kuinka paljon?<\/h3>\n\n<p class=\"wp-el\">Jos etanoli on ilmoitettu tuotteen ainesosana, sit\u00e4 on k\u00e4ytetty salvoissa v\u00e4liainesosana muiden ainesosien lis\u00e4\u00e4miseksi ja sit\u00e4 on lopputuotteessa merkitykset\u00f6n m\u00e4\u00e4r\u00e4 tai ei lainkaan.<\/p>\n\n<h3 class=\"wp-el wp-block-heading\">Mihin maihin tuotteita voi tilata?<\/h3>\n\n<p class=\"wp-el\">L\u00e4het\u00e4mme t\u00e4ll\u00e4 hetkell\u00e4 tilauksia seuraaviin maihin: Viro, Suomi, Ruotsi, Latvia ja Liettua.<\/p>\n\n<h3 class=\"wp-el wp-block-heading\">Voiko tilauksia tehd\u00e4 my\u00f6s puhelimitse?<\/h3>\n\n<p class=\"wp-el\">Loodu-verkkokauppa on avoinna 24 tuntia vuorokaudessa ja palvelee asiakkaita vain verkossa.<\/p>\n\n<h3 class=\"wp-el wp-block-heading\">Kuinka paljon toimitus maksaa?<\/h3>\n\n<p class=\"wp-el\">Jos tilauksen arvo on yli 35 euroa, toimitus Viron pakettiautomaatteihin on ilmainen.<\/p>\n\n<ul class=\"wp-el wp-block-list\"><li>DPD-pakettiautomaattiin Virossa 2,40<\/li><li>Omniva-pakettiautomaattiin Virossa 2,82<\/li><li>Smartpost-pakettiautomaattiin Virossa 3,59<\/li><li>Viron Postin toimipaikkaan 4,42<\/li><li>Parcel Connect Baltic -pakettiautomaattiin Latviassa ja Liettuassa 6,59<\/li><li>Latvian, Liettuan, Suomen ja Ruotsin postitoimipaikkoihin 7,50<\/li><li>Smartpost-pakettiautomaattiin Suomessa 9,96<\/li><\/ul>\n\n<h3 class=\"wp-el wp-block-heading\">Etk\u00f6 l\u00f6yt\u00e4nyt vastausta kysymykseesi?<\/h3>\n\n<p class=\"wp-el\">Kysy meilt\u00e4 info@loodu.ee<\/p>\n","protected":false},"excerpt":{"rendered":"<p>Voinko noutaa tuotteet itse? Et, sill\u00e4 l\u00e4het\u00e4mme tuotteet verkkokaupassa tarjottujen kuljetuspalvelujen kautta. Onko tuotteessa etanolia ja kuinka paljon? Jos etanoli&#8230;<\/p>\n","protected":false},"author":1,"featured_media":0,"parent":0,"menu_order":120,"comment_status":"closed","ping_status":"closed","template":"","meta":{"_acf_changed":false,"inline_featured_image":false,"footnotes":""},"class_list":["post-1760","page","type-page","status-publish","hentry"],"acf":[],"_links":{"self":[{"href":"https:\/\/loodu.ee\/fi\/wp-json\/wp\/v2\/pages\/1760","targetHints":{"allow":["GET"]}}],"collection":[{"href":"https:\/\/loodu.ee\/fi\/wp-json\/wp\/v2\/pages"}],"about":[{"href":"https:\/\/loodu.ee\/fi\/wp-json\/wp\/v2\/types\/page"}],"author":[{"embeddable":true,"href":"https:\/\/loodu.ee\/fi\/wp-json\/wp\/v2\/users\/1"}],"replies":[{"embeddable":true,"href":"https:\/\/loodu.ee\/fi\/wp-json\/wp\/v2\/comments?post=1760"}],"version-history":[{"count":1,"href":"https:\/\/loodu.ee\/fi\/wp-json\/wp\/v2\/pages\/1760\/revisions"}],"predecessor-version":[{"id":1761,"href":"https:\/\/loodu.ee\/fi\/wp-json\/wp\/v2\/pages\/1760\/revisions\/1761"}],"wp:attachment":[{"href":"https:\/\/loodu.ee\/fi\/wp-json\/wp\/v2\/media?parent=1760"}],"curies":[{"name":"wp","href":"https:\/\/api.w.org\/{rel}","templated":true}]}}