{"id":1774,"date":"2021-12-07T21:41:28","date_gmt":"2021-12-07T21:41:28","guid":{"rendered":"https:\/\/loodu.ee\/taustaa\/"},"modified":"2021-12-07T21:42:38","modified_gmt":"2021-12-07T21:42:38","slug":"taustaa","status":"publish","type":"page","link":"https:\/\/loodu.ee\/fi\/taustaa\/","title":{"rendered":"Karhun huone"},"content":{"rendered":"<div id=\"acf-block_60e444d4195c2\" class=\"acf-block-element block-banner position-relative size-fw\"><div class=\"swiper-container\"><div class=\"swiper-wrapper\"><div class=\"swiper-slide\"><div class=\"block-banner--item position-relative method_bg\"><div class=\"block-banner--content d-flex flex-wrap position-absolute\"><div class=\"block-banner--content-inner w-100 position-relative\"><p class=\"font-isanda has-giant-font-size text-uppercase\">Karhu on eritt\u00e4in voimakas el\u00e4in. Sen voima tulee mets\u00e4n antimien, kuten marjojen sy\u00f6misest\u00e4. My\u00f6s Loodu-tuotteet on valmistettu aidoista luonnollisista ainesosista.<\/p><\/div><\/div><\/div><\/div><\/div><\/div><div class=\"swiper-button-prev\"><svg xmlns=\"http:\/\/www.w3.org\/2000\/svg\" width=\"16\" height=\"22\" viewBox=\"0 0 16 22\"><path d=\"M2860.332,1671.928c.072-.019.105-.028.126-1.987v.1c0,.139,0,.311.005.468,0,.026,0,.156.007.161s.007-.186.007-.812c0-.487,0-.82-.007-.828v.008c0,.01,0,.035,0,.09.009-1.2.016-2.891.028-6.3l.018-4.662c0,.008,0,.008,0,.008s.009-.019.009-.148a.511.511,0,0,0-.011-.16l0,0,0-.548c0-.027.007-.174.007-.374,0-.137,0-.275,0-.346l.01-2.629.227-.194a7.586,7.586,0,0,1,1.137-.9c.063-.016.094-.037.1-.069.039-.119-.2-.428-1.1-1.505-.866-1.036-1.1-1.3-1.217-1.3a.1.1,0,0,0-.076.046l-.025.028-.1.113c-.064.077-1.183,1.019-1.843,1.551-.117.095-.36.294-.53.437l-.028.023-.095.078-.021.018-.132.109-.067.056-.361.3c-.175.142-.42.343-.586.479l-.141.115-.062.051c-.509.419-2.286,1.814-6.338,4.974l-.354.277-.377.293-.005,0-.014.011c-2.047,1.6-2.533,1.974-2.529,2.162,0,.063.06.1.132.153l.016.012.009.006.006.005,0,0,.045.034.865.689.144.115.014.011.245.2.983.788.314.251.616.493c1.391,1.112,1.852,1.482,2.77,2.218l.139.112.055.044.459.366.016.013.029.023.274.219.061.049.953.76,1.58,1.265c1.507,1.208,2.9,2.325,3.334,2.666a1.3,1.3,0,0,0,.836.391A1.658,1.658,0,0,0,2860.332,1671.928Zm.181-5.4c0-.14.006-1.168.006-3.15,0-2.1,0-3.169-.007-3.186l0,.028c0,.056,0,.208,0,.57-.007,1.411-.007,3.721,0,5.148,0,.313,0,.527,0,.59Z\" transform=\"translate(-2846 -1650)\" fill=\"#d44464\"\/><\/svg><\/div><div class=\"swiper-button-next\"><svg xmlns=\"http:\/\/www.w3.org\/2000\/svg\" width=\"16\" height=\"22\" viewBox=\"0 0 16 22\"><path d=\"M2847.669,1671.928c-.072-.019-.105-.028-.126-1.987v.1c0,.139,0,.311-.005.468,0,.026,0,.156-.007.161s-.007-.186-.007-.812c0-.487,0-.82.007-.828v.008c0,.01,0,.035,0,.09-.009-1.2-.016-2.891-.028-6.3l-.018-4.662c0,.008,0,.008,0,.008s-.009-.019-.009-.148a.511.511,0,0,1,.011-.16l0,0,0-.548c0-.027-.007-.174-.007-.374,0-.137,0-.275,0-.346l-.01-2.629-.227-.194a7.586,7.586,0,0,0-1.137-.9c-.062-.016-.094-.037-.1-.069-.039-.119.2-.428,1.1-1.505.866-1.036,1.1-1.3,1.217-1.3a.1.1,0,0,1,.076.046l.025.028.1.113c.064.077,1.183,1.019,1.843,1.551.117.095.36.294.53.437l.028.023.095.078.021.018.132.109.067.056.361.3c.175.142.42.343.586.479l.141.115.062.051c.509.419,2.286,1.814,6.338,4.974l.354.277.377.293.005,0,.014.011c2.047,1.6,2.533,1.974,2.529,2.162,0,.063-.06.1-.132.153l-.016.012-.009.006-.006.005,0,0-.045.034-.865.689-.144.115-.014.011-.245.2-.983.788-.314.251-.616.493c-1.391,1.112-1.852,1.482-2.77,2.218l-.139.112-.055.044-.459.366-.016.013-.029.023-.274.219-.061.049-.953.76-1.58,1.265c-1.507,1.208-2.9,2.325-3.334,2.666a1.3,1.3,0,0,1-.836.391A1.658,1.658,0,0,1,2847.669,1671.928Zm-.181-5.4c0-.14-.006-1.168-.006-3.15,0-2.1,0-3.169.007-3.186l0,.028c0,.056,0,.208,0,.57.007,1.411.007,3.721,0,5.148,0,.313,0,.527,0,.59Z\" transform=\"translate(-2846 -1650)\" fill=\"#d44464\"\/><\/svg><\/div><\/div>\n<div class=\"wp-block-columns is-layout-flex wp-container-core-columns-is-layout-9d6595d7 wp-block-columns-is-layout-flex\">\n<div class=\"wp-block-column is-layout-flow wp-block-column-is-layout-flow\" style=\"flex-basis:66.66%\">\n<p class=\"wp-el\"><strong>Karhu on Euroopan ja Siperian mets\u00e4vy\u00f6hykkeen suurin el\u00e4in. Se on my\u00f6s ainoa el\u00e4in, joka pystyy nousemaan kahdelle jalalle ja seisomaan kuin ihminen. Muinaisina aikoina karhu oli ihmisen t\u00e4rkein kilpailija tai vaikuttaja.<\/strong><\/p>\n\n\n\n<p class=\"wp-el\">Karhun tappaminen muinaisilla aseilla ei ollut suinkaan helppoa. Reviiritaisteluissa ei ollut varmaa, voittaako karhu vai ihminen. Karhua kunnioitettiin niin paljon, ett\u00e4 sen kaadon j\u00e4lkeen pidettiin peijaiset. Viime vuosisatojen ajoilta tiedet\u00e4\u00e4n lukuisia tapauksia, joissa karhu on raadellut ihmist\u00e4. Karhukultti tuli Viroon todenn\u00e4k\u00f6isesti id\u00e4st\u00e4, miss\u00e4 karhua kunnioitetaan viel\u00e4 enemm\u00e4n. It\u00e4viikingeille karhu oli viel\u00e4kin t\u00e4rke\u00e4mpi. Villisian rinnalla karhu oli v\u00e4hint\u00e4\u00e4n toiseksi t\u00e4rkein el\u00e4in. Karhu on muuten Suomen kansallisel\u00e4in, ja sen tekemisist\u00e4 on tehty Virossa tunnettu tv-sarja \u201dM\u00f5mmi ja aabits\u201d.<\/p>\n\n\n\n<p class=\"has-text-align-center has-pink-color has-text-color has-huge-font-size wp-el\">***<\/p>\n\n\n\n<p class=\"wp-el\">Nyky\u00e4\u00e4n, kun ihmiset ovat et\u00e4\u00e4ntyneet luonnosta ja maaseutualueet ovat harvaan asuttuja, karhut ottavat takaisin alueitaan ja niiden m\u00e4\u00e4r\u00e4 Virossa kasvaa. Niinp\u00e4 nykyaikana on j\u00e4lleen enemm\u00e4n syyt\u00e4 huomioida ja kunnioittaa karhua. Voisi melkein sanoa, ett\u00e4 mets\u00e4\u00e4n menness\u00e4 menn\u00e4\u00e4n karhun kotiin \u2013 tai karhun huoneeseen. Yll\u00e4 olevassa kuvassa n\u00e4kyy pieni ja suloinen nuori karhu.&#13;\n<\/p>\n\n\n\n<div style=\"height:50px\" aria-hidden=\"true\" class=\"wp-block-spacer\"><\/div>\n\n\n\n<div class=\"wp-block-image\"><figure class=\"aligncenter size-large\"><img loading=\"lazy\" decoding=\"async\" width=\"100\" height=\"80\" src=\"https:\/\/www.loodu.ee\/wp-content\/uploads\/2021\/06\/loodu.svg\" alt=\"\" class=\"wp-image-496\"\/><\/figure><\/div>\n<\/div>\n\n\n\n<div class=\"wp-block-column is-layout-flow wp-block-column-is-layout-flow\" style=\"flex-basis:33.33%\">\n<figure class=\"wp-block-image size-large\"><img loading=\"lazy\" decoding=\"async\" width=\"640\" height=\"938\" src=\"https:\/\/www.loodu.ee\/wp-content\/uploads\/2021\/07\/pexels-janko-ferlic-3634930.jpg\" alt=\"\" class=\"wp-image-867\"\/><\/figure>\n<\/div>\n<\/div>\n\n<p class=\"wp-el\"><\/p>\n","protected":false},"excerpt":{"rendered":"<p>Karhu on Euroopan ja Siperian mets\u00e4vy\u00f6hykkeen suurin el\u00e4in. Se on my\u00f6s ainoa el\u00e4in, joka pystyy nousemaan kahdelle jalalle ja seisomaan&#8230;<\/p>\n","protected":false},"author":1,"featured_media":0,"parent":0,"menu_order":0,"comment_status":"closed","ping_status":"closed","template":"","meta":{"_acf_changed":false,"inline_featured_image":false,"footnotes":""},"class_list":["post-1774","page","type-page","status-publish","hentry"],"acf":[],"_links":{"self":[{"href":"https:\/\/loodu.ee\/fi\/wp-json\/wp\/v2\/pages\/1774","targetHints":{"allow":["GET"]}}],"collection":[{"href":"https:\/\/loodu.ee\/fi\/wp-json\/wp\/v2\/pages"}],"about":[{"href":"https:\/\/loodu.ee\/fi\/wp-json\/wp\/v2\/types\/page"}],"author":[{"embeddable":true,"href":"https:\/\/loodu.ee\/fi\/wp-json\/wp\/v2\/users\/1"}],"replies":[{"embeddable":true,"href":"https:\/\/loodu.ee\/fi\/wp-json\/wp\/v2\/comments?post=1774"}],"version-history":[{"count":3,"href":"https:\/\/loodu.ee\/fi\/wp-json\/wp\/v2\/pages\/1774\/revisions"}],"predecessor-version":[{"id":1777,"href":"https:\/\/loodu.ee\/fi\/wp-json\/wp\/v2\/pages\/1774\/revisions\/1777"}],"wp:attachment":[{"href":"https:\/\/loodu.ee\/fi\/wp-json\/wp\/v2\/media?parent=1774"}],"curies":[{"name":"wp","href":"https:\/\/api.w.org\/{rel}","templated":true}]}}