{"id":1779,"date":"2021-12-07T21:50:01","date_gmt":"2021-12-07T21:50:01","guid":{"rendered":"https:\/\/loodu.ee\/mika-on-loodu\/"},"modified":"2021-12-07T21:50:02","modified_gmt":"2021-12-07T21:50:02","slug":"mika-on-loodu","status":"publish","type":"page","link":"https:\/\/loodu.ee\/fi\/mika-on-loodu\/","title":{"rendered":"Mik\u00e4 on Loodu?"},"content":{"rendered":"<div id=\"acf-block_60c9d92bad381\" class=\"acf-block-element block-banner position-relative size-fw\"><div class=\"swiper-container\"><div class=\"swiper-wrapper\"><div class=\"swiper-slide\"><div class=\"block-banner--item position-relative method_bg\"><img loading=\"lazy\" decoding=\"async\" width=\"1410\" height=\"500\" src=\"https:\/\/loodu.ee\/wp-content\/uploads\/fly-images\/1637\/pexels-rudolf-jakkel-418831-1410x500-c.jpg\" class=\"attachment-size-fw\" alt=\"pexels-rudolf-jakkel-418831\" \/><div class=\"block-banner--content d-flex flex-wrap position-absolute\"><div class=\"block-banner--content-inner w-100 position-relative\"><p class=\"font-isanda has-giant-font-size text-uppercase\">Loodu on viroa ja tarkoittaa jotain, joka on luotu. Suurin luoja maailmassa on luonto, joka osoittaa luomisty\u00f6ss\u00e4\u00e4n suurinta viisautta.<\/p><\/div><\/div><\/div><\/div><\/div><\/div><div class=\"swiper-button-prev\"><svg xmlns=\"http:\/\/www.w3.org\/2000\/svg\" width=\"16\" height=\"22\" viewBox=\"0 0 16 22\"><path d=\"M2860.332,1671.928c.072-.019.105-.028.126-1.987v.1c0,.139,0,.311.005.468,0,.026,0,.156.007.161s.007-.186.007-.812c0-.487,0-.82-.007-.828v.008c0,.01,0,.035,0,.09.009-1.2.016-2.891.028-6.3l.018-4.662c0,.008,0,.008,0,.008s.009-.019.009-.148a.511.511,0,0,0-.011-.16l0,0,0-.548c0-.027.007-.174.007-.374,0-.137,0-.275,0-.346l.01-2.629.227-.194a7.586,7.586,0,0,1,1.137-.9c.063-.016.094-.037.1-.069.039-.119-.2-.428-1.1-1.505-.866-1.036-1.1-1.3-1.217-1.3a.1.1,0,0,0-.076.046l-.025.028-.1.113c-.064.077-1.183,1.019-1.843,1.551-.117.095-.36.294-.53.437l-.028.023-.095.078-.021.018-.132.109-.067.056-.361.3c-.175.142-.42.343-.586.479l-.141.115-.062.051c-.509.419-2.286,1.814-6.338,4.974l-.354.277-.377.293-.005,0-.014.011c-2.047,1.6-2.533,1.974-2.529,2.162,0,.063.06.1.132.153l.016.012.009.006.006.005,0,0,.045.034.865.689.144.115.014.011.245.2.983.788.314.251.616.493c1.391,1.112,1.852,1.482,2.77,2.218l.139.112.055.044.459.366.016.013.029.023.274.219.061.049.953.76,1.58,1.265c1.507,1.208,2.9,2.325,3.334,2.666a1.3,1.3,0,0,0,.836.391A1.658,1.658,0,0,0,2860.332,1671.928Zm.181-5.4c0-.14.006-1.168.006-3.15,0-2.1,0-3.169-.007-3.186l0,.028c0,.056,0,.208,0,.57-.007,1.411-.007,3.721,0,5.148,0,.313,0,.527,0,.59Z\" transform=\"translate(-2846 -1650)\" fill=\"#d44464\"\/><\/svg><\/div><div class=\"swiper-button-next\"><svg xmlns=\"http:\/\/www.w3.org\/2000\/svg\" width=\"16\" height=\"22\" viewBox=\"0 0 16 22\"><path d=\"M2847.669,1671.928c-.072-.019-.105-.028-.126-1.987v.1c0,.139,0,.311-.005.468,0,.026,0,.156-.007.161s-.007-.186-.007-.812c0-.487,0-.82.007-.828v.008c0,.01,0,.035,0,.09-.009-1.2-.016-2.891-.028-6.3l-.018-4.662c0,.008,0,.008,0,.008s-.009-.019-.009-.148a.511.511,0,0,1,.011-.16l0,0,0-.548c0-.027-.007-.174-.007-.374,0-.137,0-.275,0-.346l-.01-2.629-.227-.194a7.586,7.586,0,0,0-1.137-.9c-.062-.016-.094-.037-.1-.069-.039-.119.2-.428,1.1-1.505.866-1.036,1.1-1.3,1.217-1.3a.1.1,0,0,1,.076.046l.025.028.1.113c.064.077,1.183,1.019,1.843,1.551.117.095.36.294.53.437l.028.023.095.078.021.018.132.109.067.056.361.3c.175.142.42.343.586.479l.141.115.062.051c.509.419,2.286,1.814,6.338,4.974l.354.277.377.293.005,0,.014.011c2.047,1.6,2.533,1.974,2.529,2.162,0,.063-.06.1-.132.153l-.016.012-.009.006-.006.005,0,0-.045.034-.865.689-.144.115-.014.011-.245.2-.983.788-.314.251-.616.493c-1.391,1.112-1.852,1.482-2.77,2.218l-.139.112-.055.044-.459.366-.016.013-.029.023-.274.219-.061.049-.953.76-1.58,1.265c-1.507,1.208-2.9,2.325-3.334,2.666a1.3,1.3,0,0,1-.836.391A1.658,1.658,0,0,1,2847.669,1671.928Zm-.181-5.4c0-.14-.006-1.168-.006-3.15,0-2.1,0-3.169.007-3.186l0,.028c0,.056,0,.208,0,.57.007,1.411.007,3.721,0,5.148,0,.313,0,.527,0,.59Z\" transform=\"translate(-2846 -1650)\" fill=\"#d44464\"\/><\/svg><\/div><\/div>\n<div class=\"wp-block-media-text alignwide has-media-on-the-right is-stacked-on-mobile is-vertically-aligned-center\" style=\"grid-template-columns:auto 28%\"><figure class=\"wp-block-media-text__media\"><img loading=\"lazy\" decoding=\"async\" width=\"100\" height=\"80\" src=\"https:\/\/www.loodu.ee\/wp-content\/uploads\/2021\/06\/loodu.svg\" alt=\"\" class=\"wp-image-496 size-thumbnail\"\/><\/figure><div class=\"wp-block-media-text__content\">\n<p class=\"has-large-font-size wp-el\">Loodu-tuotemerkin tuotteissa luotetaan mahdollisimman paljon luonnon viisauteen siin\u00e4, mit\u00e4 se on luonut. Loodu-tuotteet ovat luonnonl\u00e4heisi\u00e4, ja niihin liittyy mahdollisimman v\u00e4h\u00e4n ihmisen liiallista luomis- ja k\u00e4sity\u00f6t\u00e4. Olemme valinneet suoraan luonnosta per\u00e4isin olevien Loodu-tuotemerkin tuotteiden logoksi villisian, joka mielest\u00e4mme kuvaa parhaiten luonnonmukaisuutta ja luontoon k\u00e4tkeytyv\u00e4\u00e4 voimaa. Uskomme erityisesti muinaisen Pohjolan kansojen perinteisiin ja viisauteen, sill\u00e4 he olivat esivanhempiamme.<\/p>\n<\/div><\/div>\n\n<div style=\"height:50px\" aria-hidden=\"true\" class=\"wp-block-spacer\"><\/div>\n\n<p class=\"wp-el\">Pohjolan ja It\u00e4meren l\u00e4heisyydess\u00e4 asuneille ihmisille villisika oli pyh\u00e4 el\u00e4in, ja villisika-amulettia kannettiin mukana hyv\u00e4n terveyden ja vahvan voiman saavuttamiseksi. Jos mekin haluamme uskoa asioihin, jotka olivat pyhi\u00e4 ja t\u00e4rkeit\u00e4 esivanhemmillemme, voimme kantaa mukanamme villisika-amulettia tai tuotetta, jossa on villisian kuva. Aivan kuten muinaiset pohjoismaalaiset kantoivat mukanaan, piilottivat tyynyns\u00e4 alle tai piirsiv\u00e4t sotaretkell\u00e4 kilpeens\u00e4 onnea tuovia riimumerkkej\u00e4, villisian merkkej\u00e4 ja muita vastaavia. Terveytt\u00e4 ja voimaa tarvitaan nyky\u00e4\u00e4nkin.<\/p>\n\n<p class=\"has-text-align-center has-huge-font-size wp-el\"><span class=\"tadv-color\" style=\"color: #d44464;\">***<\/span><\/p>\n\n<p class=\"wp-el\">Muinaisroomalainen maantieteilij\u00e4 ja historioitsija Tacitus kuvasi kaksi tuhatta vuotta sitten teoksessaan Germania It\u00e4meren it\u00e4rannikolla asuneiden aestien tapaa palvoa jumalien \u00e4iti\u00e4 ja sen merkkin\u00e4 kantaa mukanaan villisika-amulettia. Villisian palvonnassa oli luultavasti kyse samankaltaisen jumalattaren kunnioittamisesta kuin my\u00f6hemm\u00e4n aikakauden Skandinaviassa maan ja hedelm\u00e4llisyyden jumalattaren Freijan palvonnassa.&#13;\n&#13;\nJo pakanallisen aikakauden jouluna Freijalle uhrattiin sika ja liha sy\u00f6tiin, jotta saatiin sian voimat. Uskottiin, ett\u00e4 t\u00e4llainen jumalaa miellytt\u00e4v\u00e4 uhri auttaa \u201dkuolevaa aurinkoa\u201d syntym\u00e4\u00e4n uudelleen. Pohjoismaissa sikaa on pidetty pyh\u00e4n\u00e4 l\u00e4hes nykyaikoihin asti. Sen tunnetuimpia ilmentymi\u00e4 ovat sian teurastaminen jouluna ja makkaroiden valmistaminen ja sy\u00f6minen. Joissakin paikoissa taas leivottiin sianmuotoista leip\u00e4\u00e4 (viroksi j\u00f5uluorikas). Niinp\u00e4 siasta on tullut uudestisyntymisen, hedelm\u00e4llisyyden, perheonnen ja turvallisuuden symboli. Sian pyhyydest\u00e4 kertoo my\u00f6s se, ett\u00e4 kaikki virolaisten rituaaliset liharuoat valmistettiin sianlihasta. Muinaisnorjalaisessa mytologiassa jumalatar Freijan veli Freyr ratsasti kultaisella Gullinbursti-nimisell\u00e4 karjulla, joka symboloi rikkautta, runsautta, hedelm\u00e4llisyytt\u00e4 ja auringonpaistetta. Sika oli eritt\u00e4in t\u00e4rke\u00e4 my\u00f6s L\u00e4nsi-Euroopan muinaiskelttil\u00e4isess\u00e4 mytologiassa ja symboliikassa. Kelttil\u00e4iset druidit uskoivat villisian olevan pyh\u00e4 ja sen lihan sy\u00f6misen parantavan terveytt\u00e4 ja antavan voimaa. Sianliha oli siis jumalien ja sotilaiden ruokaa. Miehet saivat sianlihasta seksuaalista kyvykkyytt\u00e4 ja hedelm\u00e4llisyytt\u00e4. Kelteille sika oli hyv\u00e4n \u00e4idin symboli, koska porsaitaan puolustavan emakon raivo ja valmius taistella viimeiseen hengenvetoon on yleisesti tunnettu.<\/p>\n\n<p class=\"wp-el\"><strong>Loodu-tuotemerkin tuotteet sis\u00e4lt\u00e4v\u00e4t luonnon tarjoamaa voimaa, jota symboloi parhaiten villisika rohkeudellaan, uskaliaisuudellaan ja voimallaan.<\/strong><\/p>\n\n<p class=\"has-text-align-center has-huge-font-size wp-el\"><span class=\"tadv-color\" style=\"color: #d44464;\">***<\/span><\/p>\n\n<p class=\"wp-el\"><strong>Miksi Pohjoismaat?<\/strong><\/p>\n\n<p class=\"wp-el\">Historiallisesti Viro liittyy enemm\u00e4n Pohjoismaihin kuin It\u00e4-Eurooppaan. Voidaankin kysy\u00e4, erottaako vai yhdist\u00e4\u00e4k\u00f6 It\u00e4meri? Viikinkiaikana It\u00e4meri yhdisti eik\u00e4 erottanut. Viikinkiaika on my\u00f6s Viron historiassa tunnustettu aikakausi. Virulaisilla oli suorat yhteydet Veikseljoen suulla asuviin gootteihin.<\/p>\n\n<p class=\"wp-el\">Saarenmaan Salmen kyl\u00e4n venehautojen l\u00f6yd\u00f6n j\u00e4lkeen puhuttiin jopa eurooppalaisen viikinkiajan aikarajojen muuttamisesta. Viikinkien jumalan Odinin hauta sijaitsee Osmussaarella Virossa. Legendojen mukaan anglosaksien sankari Starkad oli per\u00e4isin Virosta. Hedelm\u00e4llisyyden jumalattaren Nerthusin palvonnan ansiosta Saarenmaan Kaalij\u00e4rvi oli luultavasti pyh\u00e4 koko Pohjoismaiden mittakaavassa.<\/p>\n\n<p class=\"wp-el\">Muinaisen Euroopan n\u00e4k\u00f6kulmasta Pohjois-Eurooppa oli enimm\u00e4kseen villi\u00e4 ja barbaarista aluetta, jossa asui isokokoisia ihmisi\u00e4, jotka eiv\u00e4t pel\u00e4nneet kylm\u00e4\u00e4, m\u00e4rk\u00e4\u00e4 eiv\u00e4tk\u00e4 sotaa.<\/p>\n\n<p class=\"wp-el\">Mielest\u00e4mme voimme vain olla ylpeit\u00e4 esivanhempiemme viisaudesta ja maineesta, ja haluamme my\u00f6s elvytt\u00e4\u00e4 sit\u00e4. Kuusenpihka, mehil\u00e4isvaha ja hamppu olivat osa el\u00e4m\u00e4\u00e4 silloin ja voisivat olla nyky\u00e4\u00e4nkin, aivan kuin t\u00e4ysin omia vanhoja hyvi\u00e4 ainesosiamme, jotka on vain unohdettu.<\/p>\n","protected":false},"excerpt":{"rendered":"<p>Loodu-tuotemerkin tuotteissa luotetaan mahdollisimman paljon luonnon viisauteen siin\u00e4, mit\u00e4 se on luonut. Loodu-tuotteet ovat luonnonl\u00e4heisi\u00e4, ja niihin liittyy mahdollisimman v\u00e4h\u00e4n&#8230;<\/p>\n","protected":false},"author":1,"featured_media":0,"parent":0,"menu_order":10,"comment_status":"closed","ping_status":"closed","template":"","meta":{"_acf_changed":false,"inline_featured_image":false,"footnotes":""},"class_list":["post-1779","page","type-page","status-publish","hentry"],"acf":[],"_links":{"self":[{"href":"https:\/\/loodu.ee\/fi\/wp-json\/wp\/v2\/pages\/1779","targetHints":{"allow":["GET"]}}],"collection":[{"href":"https:\/\/loodu.ee\/fi\/wp-json\/wp\/v2\/pages"}],"about":[{"href":"https:\/\/loodu.ee\/fi\/wp-json\/wp\/v2\/types\/page"}],"author":[{"embeddable":true,"href":"https:\/\/loodu.ee\/fi\/wp-json\/wp\/v2\/users\/1"}],"replies":[{"embeddable":true,"href":"https:\/\/loodu.ee\/fi\/wp-json\/wp\/v2\/comments?post=1779"}],"version-history":[{"count":1,"href":"https:\/\/loodu.ee\/fi\/wp-json\/wp\/v2\/pages\/1779\/revisions"}],"predecessor-version":[{"id":1780,"href":"https:\/\/loodu.ee\/fi\/wp-json\/wp\/v2\/pages\/1779\/revisions\/1780"}],"wp:attachment":[{"href":"https:\/\/loodu.ee\/fi\/wp-json\/wp\/v2\/media?parent=1779"}],"curies":[{"name":"wp","href":"https:\/\/api.w.org\/{rel}","templated":true}]}}