{"id":1796,"date":"2021-12-08T18:44:45","date_gmt":"2021-12-08T18:44:45","guid":{"rendered":"https:\/\/loodu.ee\/karnauba\/"},"modified":"2022-11-07T16:58:29","modified_gmt":"2022-11-07T16:58:29","slug":"karnauba","status":"publish","type":"page","link":"https:\/\/loodu.ee\/fi\/muut-ainesosat\/karnauba\/","title":{"rendered":"Karnauba"},"content":{"rendered":"<div id=\"acf-block_60bf1d6320ac4\" class=\"wp-el block-txtmedia\"><div class=\"d-flex flex-wrap\"><div class=\"d-flex--item item--content align-self-md-center\">\n\n<p class=\"wp-el\">Kosmetiikka-alalla karnaubavahaa k\u00e4ytet\u00e4\u00e4n silmien ymp\u00e4rill\u00e4 olevissa tuotteissa, joissa tavoitteena on pident\u00e4\u00e4 pinnalla viipymisen kestoa ja samalla sitoa muita osia. Antaa tasaisen ja tasaisen kalvomaisen pinnan pinnoitettavalle pinnalle. Se auttaa pit\u00e4m\u00e4\u00e4n lian poissa, v\u00e4hent\u00e4m\u00e4\u00e4n kitkaa ja pit\u00e4m\u00e4\u00e4n kosteuden poissa. N\u00e4ist\u00e4 syist\u00e4 karnaubavahaa k\u00e4ytet\u00e4\u00e4n auton ulkokuoressa. Karnaubavahaa pidet\u00e4\u00e4n luonnollisena ja haitattomana, joten se p\u00e4\u00e4llystet\u00e4\u00e4n hedelmill\u00e4 s\u00e4ilyvyyden parantamiseksi.<\/p>\n\n\n\n<p class=\"wp-el\">Suojakerroksen muodostavan kyvyn ansiosta karnaubavahaa k\u00e4ytet\u00e4\u00e4n nahkatuotteiden kest\u00e4vyyden parantamiseen ja l\u00e4\u00e4keteollisuudessa tablettien p\u00e4\u00e4llystykseen. Vaikka karnaubavaha onkin pehment\u00e4v\u00e4 vaha, se on suhteellisen korkean sulamispisteens\u00e4 vuoksi kovempaa kuin muut vahat normaaleissa l\u00e4mp\u00f6tiloissa ja auttaa muodostamaan vahvan suojaavan ja pysyv\u00e4n kerroksen. Karnaubavaha saadaan Etel\u00e4-Amerikassa kasvavan karnaubapalmun lehdist\u00e4. Karnaubavahaa pidet\u00e4\u00e4n hypoallergeenisena, ja karnaubavahan k\u00e4yt\u00f6st\u00e4 lemmikkiel\u00e4inten tassuvahana on huomattavaa kokemusta maailmanlaajuisesti.&#13;\n<p>&#13;\n<a href=\"https:\/\/loodu.ee\/fi\/toode\/kapasalv\/\">Tassusalva<\/a>&#13;\n<\/p><\/p>\n\n<\/div><div class=\"d-flex--item position-relative item--media align-self-md-center\"><div class=\"swiper-container\"><div class=\"swiper-wrapper\"><div class=\"swiper-slide\"><img loading=\"lazy\" decoding=\"async\" width=\"640\" height=\"350\" src=\"https:\/\/loodu.ee\/wp-content\/uploads\/fly-images\/1618\/carnauba-wax-1403125_640-685x350-c.jpg\" class=\"attachment-size-sm\" alt=\"carnauba-wax-1403125_640\" \/><\/div><\/div><\/div><div class=\"swiper-button-prev\"><svg xmlns=\"http:\/\/www.w3.org\/2000\/svg\" width=\"16\" height=\"22\" viewBox=\"0 0 16 22\"><path d=\"M2860.332,1671.928c.072-.019.105-.028.126-1.987v.1c0,.139,0,.311.005.468,0,.026,0,.156.007.161s.007-.186.007-.812c0-.487,0-.82-.007-.828v.008c0,.01,0,.035,0,.09.009-1.2.016-2.891.028-6.3l.018-4.662c0,.008,0,.008,0,.008s.009-.019.009-.148a.511.511,0,0,0-.011-.16l0,0,0-.548c0-.027.007-.174.007-.374,0-.137,0-.275,0-.346l.01-2.629.227-.194a7.586,7.586,0,0,1,1.137-.9c.063-.016.094-.037.1-.069.039-.119-.2-.428-1.1-1.505-.866-1.036-1.1-1.3-1.217-1.3a.1.1,0,0,0-.076.046l-.025.028-.1.113c-.064.077-1.183,1.019-1.843,1.551-.117.095-.36.294-.53.437l-.028.023-.095.078-.021.018-.132.109-.067.056-.361.3c-.175.142-.42.343-.586.479l-.141.115-.062.051c-.509.419-2.286,1.814-6.338,4.974l-.354.277-.377.293-.005,0-.014.011c-2.047,1.6-2.533,1.974-2.529,2.162,0,.063.06.1.132.153l.016.012.009.006.006.005,0,0,.045.034.865.689.144.115.014.011.245.2.983.788.314.251.616.493c1.391,1.112,1.852,1.482,2.77,2.218l.139.112.055.044.459.366.016.013.029.023.274.219.061.049.953.76,1.58,1.265c1.507,1.208,2.9,2.325,3.334,2.666a1.3,1.3,0,0,0,.836.391A1.658,1.658,0,0,0,2860.332,1671.928Zm.181-5.4c0-.14.006-1.168.006-3.15,0-2.1,0-3.169-.007-3.186l0,.028c0,.056,0,.208,0,.57-.007,1.411-.007,3.721,0,5.148,0,.313,0,.527,0,.59Z\" transform=\"translate(-2846 -1650)\" fill=\"#d44464\"\/><\/svg><\/div><div class=\"swiper-button-next\"><svg xmlns=\"http:\/\/www.w3.org\/2000\/svg\" width=\"16\" height=\"22\" viewBox=\"0 0 16 22\"><path d=\"M2847.669,1671.928c-.072-.019-.105-.028-.126-1.987v.1c0,.139,0,.311-.005.468,0,.026,0,.156-.007.161s-.007-.186-.007-.812c0-.487,0-.82.007-.828v.008c0,.01,0,.035,0,.09-.009-1.2-.016-2.891-.028-6.3l-.018-4.662c0,.008,0,.008,0,.008s-.009-.019-.009-.148a.511.511,0,0,1,.011-.16l0,0,0-.548c0-.027-.007-.174-.007-.374,0-.137,0-.275,0-.346l-.01-2.629-.227-.194a7.586,7.586,0,0,0-1.137-.9c-.062-.016-.094-.037-.1-.069-.039-.119.2-.428,1.1-1.505.866-1.036,1.1-1.3,1.217-1.3a.1.1,0,0,1,.076.046l.025.028.1.113c.064.077,1.183,1.019,1.843,1.551.117.095.36.294.53.437l.028.023.095.078.021.018.132.109.067.056.361.3c.175.142.42.343.586.479l.141.115.062.051c.509.419,2.286,1.814,6.338,4.974l.354.277.377.293.005,0,.014.011c2.047,1.6,2.533,1.974,2.529,2.162,0,.063-.06.1-.132.153l-.016.012-.009.006-.006.005,0,0-.045.034-.865.689-.144.115-.014.011-.245.2-.983.788-.314.251-.616.493c-1.391,1.112-1.852,1.482-2.77,2.218l-.139.112-.055.044-.459.366-.016.013-.029.023-.274.219-.061.049-.953.76-1.58,1.265c-1.507,1.208-2.9,2.325-3.334,2.666a1.3,1.3,0,0,1-.836.391A1.658,1.658,0,0,1,2847.669,1671.928Zm-.181-5.4c0-.14-.006-1.168-.006-3.15,0-2.1,0-3.169.007-3.186l0,.028c0,.056,0,.208,0,.57.007,1.411.007,3.721,0,5.148,0,.313,0,.527,0,.59Z\" transform=\"translate(-2846 -1650)\" fill=\"#d44464\"\/><\/svg><\/div><\/div><\/div><\/div>","protected":false},"excerpt":{"rendered":"","protected":false},"author":1,"featured_media":0,"parent":1810,"menu_order":80,"comment_status":"closed","ping_status":"closed","template":"","meta":{"_acf_changed":false,"inline_featured_image":false,"footnotes":""},"class_list":["post-1796","page","type-page","status-publish","hentry"],"acf":[],"_links":{"self":[{"href":"https:\/\/loodu.ee\/fi\/wp-json\/wp\/v2\/pages\/1796","targetHints":{"allow":["GET"]}}],"collection":[{"href":"https:\/\/loodu.ee\/fi\/wp-json\/wp\/v2\/pages"}],"about":[{"href":"https:\/\/loodu.ee\/fi\/wp-json\/wp\/v2\/types\/page"}],"author":[{"embeddable":true,"href":"https:\/\/loodu.ee\/fi\/wp-json\/wp\/v2\/users\/1"}],"replies":[{"embeddable":true,"href":"https:\/\/loodu.ee\/fi\/wp-json\/wp\/v2\/comments?post=1796"}],"version-history":[{"count":5,"href":"https:\/\/loodu.ee\/fi\/wp-json\/wp\/v2\/pages\/1796\/revisions"}],"predecessor-version":[{"id":3012,"href":"https:\/\/loodu.ee\/fi\/wp-json\/wp\/v2\/pages\/1796\/revisions\/3012"}],"up":[{"embeddable":true,"href":"https:\/\/loodu.ee\/fi\/wp-json\/wp\/v2\/pages\/1810"}],"wp:attachment":[{"href":"https:\/\/loodu.ee\/fi\/wp-json\/wp\/v2\/media?parent=1796"}],"curies":[{"name":"wp","href":"https:\/\/api.w.org\/{rel}","templated":true}]}}