{"id":1814,"date":"2021-12-08T19:18:13","date_gmt":"2021-12-08T19:18:13","guid":{"rendered":"https:\/\/loodu.ee\/villisian-merkityksesta\/"},"modified":"2021-12-08T19:18:13","modified_gmt":"2021-12-08T19:18:13","slug":"villisian-merkityksesta","status":"publish","type":"page","link":"https:\/\/loodu.ee\/fi\/villisian-merkityksesta\/","title":{"rendered":"Villisian merkityksest\u00e4"},"content":{"rendered":"<div id=\"acf-block_60e447bd0bd78\" class=\"acf-block-element block-banner position-relative size-fw\"><div class=\"swiper-container\"><div class=\"swiper-wrapper\"><div class=\"swiper-slide\"><div class=\"block-banner--item position-relative method_bg\"><img loading=\"lazy\" decoding=\"async\" width=\"1410\" height=\"500\" src=\"https:\/\/loodu.ee\/wp-content\/uploads\/fly-images\/1409\/wild-boar-5219619-scaled-1410x500-c.jpg\" class=\"attachment-size-fw\" alt=\"wild-boar-5219619\" \/><div class=\"block-banner--content d-flex flex-wrap position-absolute\"><div class=\"block-banner--content-inner w-100 position-relative\"><p class=\"font-isanda has-giant-font-size text-uppercase\">Muinaisroomalainen maantieteilij\u00e4 ja historioitsija Tacitus kuvasi kaksi tuhatta vuotta sitten teoksessaan Germania It\u00e4meren it\u00e4rannikolla asuneiden aestien tapaa palvoa jumalien \u00e4iti\u00e4 ja sen merkkin\u00e4 kantaa mukanaan villisika-amulettia.<\/p><\/div><\/div><\/div><\/div><\/div><\/div><div class=\"swiper-button-prev\"><svg xmlns=\"http:\/\/www.w3.org\/2000\/svg\" width=\"16\" height=\"22\" viewBox=\"0 0 16 22\"><path d=\"M2860.332,1671.928c.072-.019.105-.028.126-1.987v.1c0,.139,0,.311.005.468,0,.026,0,.156.007.161s.007-.186.007-.812c0-.487,0-.82-.007-.828v.008c0,.01,0,.035,0,.09.009-1.2.016-2.891.028-6.3l.018-4.662c0,.008,0,.008,0,.008s.009-.019.009-.148a.511.511,0,0,0-.011-.16l0,0,0-.548c0-.027.007-.174.007-.374,0-.137,0-.275,0-.346l.01-2.629.227-.194a7.586,7.586,0,0,1,1.137-.9c.063-.016.094-.037.1-.069.039-.119-.2-.428-1.1-1.505-.866-1.036-1.1-1.3-1.217-1.3a.1.1,0,0,0-.076.046l-.025.028-.1.113c-.064.077-1.183,1.019-1.843,1.551-.117.095-.36.294-.53.437l-.028.023-.095.078-.021.018-.132.109-.067.056-.361.3c-.175.142-.42.343-.586.479l-.141.115-.062.051c-.509.419-2.286,1.814-6.338,4.974l-.354.277-.377.293-.005,0-.014.011c-2.047,1.6-2.533,1.974-2.529,2.162,0,.063.06.1.132.153l.016.012.009.006.006.005,0,0,.045.034.865.689.144.115.014.011.245.2.983.788.314.251.616.493c1.391,1.112,1.852,1.482,2.77,2.218l.139.112.055.044.459.366.016.013.029.023.274.219.061.049.953.76,1.58,1.265c1.507,1.208,2.9,2.325,3.334,2.666a1.3,1.3,0,0,0,.836.391A1.658,1.658,0,0,0,2860.332,1671.928Zm.181-5.4c0-.14.006-1.168.006-3.15,0-2.1,0-3.169-.007-3.186l0,.028c0,.056,0,.208,0,.57-.007,1.411-.007,3.721,0,5.148,0,.313,0,.527,0,.59Z\" transform=\"translate(-2846 -1650)\" fill=\"#d44464\"\/><\/svg><\/div><div class=\"swiper-button-next\"><svg xmlns=\"http:\/\/www.w3.org\/2000\/svg\" width=\"16\" height=\"22\" viewBox=\"0 0 16 22\"><path d=\"M2847.669,1671.928c-.072-.019-.105-.028-.126-1.987v.1c0,.139,0,.311-.005.468,0,.026,0,.156-.007.161s-.007-.186-.007-.812c0-.487,0-.82.007-.828v.008c0,.01,0,.035,0,.09-.009-1.2-.016-2.891-.028-6.3l-.018-4.662c0,.008,0,.008,0,.008s-.009-.019-.009-.148a.511.511,0,0,1,.011-.16l0,0,0-.548c0-.027-.007-.174-.007-.374,0-.137,0-.275,0-.346l-.01-2.629-.227-.194a7.586,7.586,0,0,0-1.137-.9c-.062-.016-.094-.037-.1-.069-.039-.119.2-.428,1.1-1.505.866-1.036,1.1-1.3,1.217-1.3a.1.1,0,0,1,.076.046l.025.028.1.113c.064.077,1.183,1.019,1.843,1.551.117.095.36.294.53.437l.028.023.095.078.021.018.132.109.067.056.361.3c.175.142.42.343.586.479l.141.115.062.051c.509.419,2.286,1.814,6.338,4.974l.354.277.377.293.005,0,.014.011c2.047,1.6,2.533,1.974,2.529,2.162,0,.063-.06.1-.132.153l-.016.012-.009.006-.006.005,0,0-.045.034-.865.689-.144.115-.014.011-.245.2-.983.788-.314.251-.616.493c-1.391,1.112-1.852,1.482-2.77,2.218l-.139.112-.055.044-.459.366-.016.013-.029.023-.274.219-.061.049-.953.76-1.58,1.265c-1.507,1.208-2.9,2.325-3.334,2.666a1.3,1.3,0,0,1-.836.391A1.658,1.658,0,0,1,2847.669,1671.928Zm-.181-5.4c0-.14-.006-1.168-.006-3.15,0-2.1,0-3.169.007-3.186l0,.028c0,.056,0,.208,0,.57.007,1.411.007,3.721,0,5.148,0,.313,0,.527,0,.59Z\" transform=\"translate(-2846 -1650)\" fill=\"#d44464\"\/><\/svg><\/div><\/div>\n<div class=\"wp-block-columns is-layout-flex wp-container-core-columns-is-layout-9d6595d7 wp-block-columns-is-layout-flex\">\n<div class=\"wp-block-column is-layout-flow wp-block-column-is-layout-flow\" style=\"flex-basis:66.66%\">\n<p class=\"wp-el\"><strong>Villisian palvonnassa oli luultavasti kyse samankaltaisen jumalattaren kunnioittamisesta kuin my\u00f6hemm\u00e4n aikakauden Skandinaviassa maan ja hedelm\u00e4llisyyden jumalattaren Freijan palvonnassa. Freijaa (jota kutsuttiin my\u00f6s nimill\u00e4 Nerthus, Hertha, Gertha ja Gerd) pidettiin jumalten \u00e4itin\u00e4. Muinaisnorjalaisessa mytologiassa jumalatar Freijan veli (monissa tarinoissa my\u00f6s h\u00e4nen miehens\u00e4) Freyr ratsasti kultaisella Gullinbursti-nimisell\u00e4 karjulla, joka symboloi rikkautta, runsautta, hedelm\u00e4llisyytt\u00e4 ja auringonpaistetta.<\/strong><\/p>\n\n\n\n<p class=\"wp-el\">Usko maan jumalattareen Freijaan tai Nerthukseen liittyy my\u00f6s historiallisesti Viroon. Arkeologi Vello L\u00f5ugasin mukaan Saarenmaan Kaalij\u00e4rvi tunnettiin muinaisten pohjoismaalaisten keskuudessa maan jumalattaren Nerthuksen kylpypaikkana. T\u00e4st\u00e4 saaresta ja pyh\u00e4st\u00e4 hiidest\u00e4 kirjoitti jo Tacitus, joka mainitsi kirjoituksessaan papin valvovan kyseist\u00e4 paikkaa. T\u00e4ss\u00e4 pyh\u00e4ss\u00e4 paikassa ovat saattaneet vierailla sit\u00e4 kunnioittamassa kaikki Pohjoismaiden kansat.<\/p>\n\n\n\n<p class=\"wp-el\">Pohjoisen pakanallisen aikakauden jouluna teurastettiin sika maan jumalattaren kunniaksi. Koska sika merkitsi my\u00f6s rehellisyytt\u00e4 ja totuutta, jouluna ennen sian teurastamista laskettiin k\u00e4si sian sel\u00e4n p\u00e4\u00e4lle ja annettiin lupauksia kuninkaalle. Sen j\u00e4lkeen sika teurastettiin ja sen liha sy\u00f6tiin, jolloin sian voima ja mahti siirtyi ihmiseen. Uskottiin, ett\u00e4 t\u00e4llainen jumalaa miellytt\u00e4v\u00e4 uhri auttaa \u201dkuolevaa aurinkoa\u201d syntym\u00e4\u00e4n uudelleen ja n\u00e4kem\u00e4\u00e4n taas kev\u00e4\u00e4n.<\/p>\n\n\n\n<p class=\"wp-el\"><strong>Pohjoismaissa sikaa on pidetty pyh\u00e4n\u00e4 l\u00e4hes nykyaikoihin asti. Sen tunnetuimpia ilmentymi\u00e4 ovat sian teurastaminen jouluna ja makkaroiden valmistaminen ja sy\u00f6minen. Joissakin paikoissa taas leivottiin sianmuotoista leip\u00e4\u00e4 (viroksi <em>j\u00f5uluorikas<\/em>). Sill\u00e4 tavalla kunnioitettiin tiedostamatta maan ja hedelm\u00e4llisyyden jumalatarta, jolta odotettiin naisellista apua.<\/strong><\/p>\n\n\n\n<p class=\"wp-el\">Niinp\u00e4 siasta on tullut uudestisyntymisen, hedelm\u00e4llisyyden, perheonnen ja turvallisuuden symboli. Sian pyhyydest\u00e4 kertoo my\u00f6s se, ett\u00e4 kaikki virolaisten rituaaliset liharuoat valmistettiin sianlihasta. Virolaisten mielest\u00e4 sika on jotain hyvin pohjoismaista ja heille ominaista. Jos ruokalistalla on sianlihaa, virolainen voi olla varma, ett\u00e4 tulossa on kunnon ateria, josta vatsa tulee t\u00e4yteen. My\u00f6s hedelm\u00e4llisyyden jumalattarelle tulee siten annetuksi uhri.<\/p>\n\n\n\n<p class=\"has-text-align-center has-pink-color has-text-color has-huge-font-size wp-el\">***<\/p>\n\n\n\n<p class=\"wp-el\">Sika oli eritt\u00e4in t\u00e4rke\u00e4 my\u00f6s L\u00e4nsi-Euroopan muinaiskelttil\u00e4isess\u00e4 mytologiassa ja symboliikassa. Kelttil\u00e4iset druidit uskoivat villisian olevan pyh\u00e4 ja sen lihan sy\u00f6misen parantavan terveytt\u00e4 ja antavan voimaa. Sianliha oli siis jumalien ja sotilaiden ruokaa. Miehet saivat sianlihasta seksuaalista kyvykkyytt\u00e4 ja hedelm\u00e4llisyytt\u00e4. Kelteille sika oli hyv\u00e4n \u00e4idin symboli, koska porsaitaan puolustavan emakon raivo ja valmius taistella viimeiseen hengenvetoon on yleisesti tunnettu.<\/p>\n\n\n\n<p class=\"wp-el\">Valkoinen villisika oli my\u00f6s 1400-luvulla hallinneen Englannin kuninkaan Rikhard III:n tunnus, koska se merkitsi rohkeutta ja raivoisaa taistelutahtoa.<\/p>\n\n\n\n<div style=\"height:50px\" aria-hidden=\"true\" class=\"wp-block-spacer\"><\/div>\n\n\n\n<div class=\"wp-block-image\"><figure class=\"aligncenter size-large\"><img loading=\"lazy\" decoding=\"async\" width=\"100\" height=\"80\" src=\"https:\/\/www.loodu.ee\/wp-content\/uploads\/2021\/06\/loodu.svg\" alt=\"\" class=\"wp-image-496\"\/><\/figure><\/div>\n<\/div>\n\n\n\n<div class=\"wp-block-column is-layout-flow wp-block-column-is-layout-flow\" style=\"flex-basis:33.33%\">\n<figure class=\"wp-block-image size-large\"><img loading=\"lazy\" decoding=\"async\" width=\"640\" height=\"1137\" src=\"https:\/\/www.loodu.ee\/wp-content\/uploads\/2021\/07\/pexels-dylan-5097073.jpg\" alt=\"\" class=\"wp-image-875\"\/><\/figure>\n<\/div>\n<\/div>\n","protected":false},"excerpt":{"rendered":"<p>Villisian palvonnassa oli luultavasti kyse samankaltaisen jumalattaren kunnioittamisesta kuin my\u00f6hemm\u00e4n aikakauden Skandinaviassa maan ja hedelm\u00e4llisyyden jumalattaren Freijan palvonnassa. Freijaa (jota&#8230;<\/p>\n","protected":false},"author":1,"featured_media":0,"parent":0,"menu_order":0,"comment_status":"closed","ping_status":"closed","template":"","meta":{"_acf_changed":false,"inline_featured_image":false,"footnotes":""},"class_list":["post-1814","page","type-page","status-publish","hentry"],"acf":[],"_links":{"self":[{"href":"https:\/\/loodu.ee\/fi\/wp-json\/wp\/v2\/pages\/1814","targetHints":{"allow":["GET"]}}],"collection":[{"href":"https:\/\/loodu.ee\/fi\/wp-json\/wp\/v2\/pages"}],"about":[{"href":"https:\/\/loodu.ee\/fi\/wp-json\/wp\/v2\/types\/page"}],"author":[{"embeddable":true,"href":"https:\/\/loodu.ee\/fi\/wp-json\/wp\/v2\/users\/1"}],"replies":[{"embeddable":true,"href":"https:\/\/loodu.ee\/fi\/wp-json\/wp\/v2\/comments?post=1814"}],"version-history":[{"count":1,"href":"https:\/\/loodu.ee\/fi\/wp-json\/wp\/v2\/pages\/1814\/revisions"}],"predecessor-version":[{"id":1815,"href":"https:\/\/loodu.ee\/fi\/wp-json\/wp\/v2\/pages\/1814\/revisions\/1815"}],"wp:attachment":[{"href":"https:\/\/loodu.ee\/fi\/wp-json\/wp\/v2\/media?parent=1814"}],"curies":[{"name":"wp","href":"https:\/\/api.w.org\/{rel}","templated":true}]}}