{"id":1817,"date":"2021-12-08T19:26:36","date_gmt":"2021-12-08T19:26:36","guid":{"rendered":"https:\/\/loodu.ee\/meidan-polkumme\/"},"modified":"2021-12-08T19:26:36","modified_gmt":"2021-12-08T19:26:36","slug":"meidan-polkumme","status":"publish","type":"page","link":"https:\/\/loodu.ee\/fi\/meidan-polkumme\/","title":{"rendered":"Meid\u00e4n polkumme"},"content":{"rendered":"<div id=\"acf-block_60c9e1a609bc3\" class=\"acf-block-element block-banner position-relative size-fw\"><div class=\"swiper-container\"><div class=\"swiper-wrapper\"><div class=\"swiper-slide\"><div class=\"block-banner--item position-relative method_bg\"><img loading=\"lazy\" decoding=\"async\" width=\"1410\" height=\"500\" src=\"https:\/\/loodu.ee\/wp-content\/uploads\/fly-images\/1644\/forest-438432_1920-1410x500-c.jpg\" class=\"attachment-size-fw\" alt=\"forest-438432_1920\" \/><div class=\"block-banner--content d-flex flex-wrap position-absolute\"><div class=\"block-banner--content-inner w-100 position-relative\"><p class=\"font-isanda has-giant-font-size text-uppercase\">Ihmisten teot t\u00e4\u00e4ll\u00e4 auringon alla perustuvat heid\u00e4n arvoihinsa, ajatuksiinsa ja pyrkimyksiins\u00e4. Jokainen haluaa luoda jotain kaunista, hy\u00f6dyllist\u00e4 ja ihailtavaa omien ihanteidensa mukaan.<\/p><\/div><\/div><\/div><\/div><\/div><\/div><div class=\"swiper-button-prev\"><svg xmlns=\"http:\/\/www.w3.org\/2000\/svg\" width=\"16\" height=\"22\" viewBox=\"0 0 16 22\"><path d=\"M2860.332,1671.928c.072-.019.105-.028.126-1.987v.1c0,.139,0,.311.005.468,0,.026,0,.156.007.161s.007-.186.007-.812c0-.487,0-.82-.007-.828v.008c0,.01,0,.035,0,.09.009-1.2.016-2.891.028-6.3l.018-4.662c0,.008,0,.008,0,.008s.009-.019.009-.148a.511.511,0,0,0-.011-.16l0,0,0-.548c0-.027.007-.174.007-.374,0-.137,0-.275,0-.346l.01-2.629.227-.194a7.586,7.586,0,0,1,1.137-.9c.063-.016.094-.037.1-.069.039-.119-.2-.428-1.1-1.505-.866-1.036-1.1-1.3-1.217-1.3a.1.1,0,0,0-.076.046l-.025.028-.1.113c-.064.077-1.183,1.019-1.843,1.551-.117.095-.36.294-.53.437l-.028.023-.095.078-.021.018-.132.109-.067.056-.361.3c-.175.142-.42.343-.586.479l-.141.115-.062.051c-.509.419-2.286,1.814-6.338,4.974l-.354.277-.377.293-.005,0-.014.011c-2.047,1.6-2.533,1.974-2.529,2.162,0,.063.06.1.132.153l.016.012.009.006.006.005,0,0,.045.034.865.689.144.115.014.011.245.2.983.788.314.251.616.493c1.391,1.112,1.852,1.482,2.77,2.218l.139.112.055.044.459.366.016.013.029.023.274.219.061.049.953.76,1.58,1.265c1.507,1.208,2.9,2.325,3.334,2.666a1.3,1.3,0,0,0,.836.391A1.658,1.658,0,0,0,2860.332,1671.928Zm.181-5.4c0-.14.006-1.168.006-3.15,0-2.1,0-3.169-.007-3.186l0,.028c0,.056,0,.208,0,.57-.007,1.411-.007,3.721,0,5.148,0,.313,0,.527,0,.59Z\" transform=\"translate(-2846 -1650)\" fill=\"#d44464\"\/><\/svg><\/div><div class=\"swiper-button-next\"><svg xmlns=\"http:\/\/www.w3.org\/2000\/svg\" width=\"16\" height=\"22\" viewBox=\"0 0 16 22\"><path d=\"M2847.669,1671.928c-.072-.019-.105-.028-.126-1.987v.1c0,.139,0,.311-.005.468,0,.026,0,.156-.007.161s-.007-.186-.007-.812c0-.487,0-.82.007-.828v.008c0,.01,0,.035,0,.09-.009-1.2-.016-2.891-.028-6.3l-.018-4.662c0,.008,0,.008,0,.008s-.009-.019-.009-.148a.511.511,0,0,1,.011-.16l0,0,0-.548c0-.027-.007-.174-.007-.374,0-.137,0-.275,0-.346l-.01-2.629-.227-.194a7.586,7.586,0,0,0-1.137-.9c-.062-.016-.094-.037-.1-.069-.039-.119.2-.428,1.1-1.505.866-1.036,1.1-1.3,1.217-1.3a.1.1,0,0,1,.076.046l.025.028.1.113c.064.077,1.183,1.019,1.843,1.551.117.095.36.294.53.437l.028.023.095.078.021.018.132.109.067.056.361.3c.175.142.42.343.586.479l.141.115.062.051c.509.419,2.286,1.814,6.338,4.974l.354.277.377.293.005,0,.014.011c2.047,1.6,2.533,1.974,2.529,2.162,0,.063-.06.1-.132.153l-.016.012-.009.006-.006.005,0,0-.045.034-.865.689-.144.115-.014.011-.245.2-.983.788-.314.251-.616.493c-1.391,1.112-1.852,1.482-2.77,2.218l-.139.112-.055.044-.459.366-.016.013-.029.023-.274.219-.061.049-.953.76-1.58,1.265c-1.507,1.208-2.9,2.325-3.334,2.666a1.3,1.3,0,0,1-.836.391A1.658,1.658,0,0,1,2847.669,1671.928Zm-.181-5.4c0-.14-.006-1.168-.006-3.15,0-2.1,0-3.169.007-3.186l0,.028c0,.056,0,.208,0,.57.007,1.411.007,3.721,0,5.148,0,.313,0,.527,0,.59Z\" transform=\"translate(-2846 -1650)\" fill=\"#d44464\"\/><\/svg><\/div><\/div><div id=\"acf-block_60c851c025fce\" class=\"wp-el block-txtmedia\"><div class=\"d-flex flex-wrap\"><div class=\"d-flex--item item--content align-self-md-center\">\n\n<p class=\"wp-el\"><strong>Me uskomme siihen, ett\u00e4 voimme luoda tuotteita, joissa yhdistyv\u00e4t perinteet, kauneus, miellytt\u00e4vyys ja luonnonl\u00e4heisyys. Jos jotain tehd\u00e4\u00e4n, se tehd\u00e4\u00e4n hyvin ja esimerkillisesti. Se on meid\u00e4n polkumme.<\/strong><\/p>\n\n\n\n<p class=\"wp-el\">On eritt\u00e4in miellytt\u00e4v\u00e4\u00e4 annostella kauniista pakkauksesta salvaa ja levitt\u00e4\u00e4 se iholle ja samalla tiet\u00e4\u00e4, ett\u00e4 se sis\u00e4lt\u00e4\u00e4 samoja voimakkaita raaka-aineita, joita pohjoisen kansojen miehet ja naiset k\u00e4yttiv\u00e4t jo sata, viisisataa, tuhat ja useita tuhansia vuosia sitten.<\/p>\n\n\n\n<p class=\"wp-el\">Olemme valinneet tuotteisiimme sellaisia ainesosia, joista nykyiset tieteelliset tutkimuksetkin l\u00f6yt\u00e4v\u00e4t my\u00f6nteisi\u00e4 ominaisuuksia ja jotka eiv\u00e4t ole mitenk\u00e4\u00e4n ristiriidassa tieteellisten v\u00e4itt\u00e4mien kanssa. Haluamme tarjota vaihtoehdon l\u00e4hestymistavalle, jonka mukaan j\u00e4rke\u00e4 n\u00e4hd\u00e4\u00e4n vain suoran kemiallisen synteesin avulla tuotetuissa tuotteissa, joita markkinoilla p\u00e4\u00e4asiassa tarjotaan.<\/p>\n\n\n\n<p class=\"wp-el\"><\/p>\n\n\n\n<p class=\"wp-el\"><strong>Salvan ja voiteen v\u00e4lisest\u00e4 erosta<\/strong><\/p>\n\n\n\n<p class=\"wp-el\">Ihonhoidossa k\u00e4ytet\u00e4\u00e4n salvoja ja voiteita. Tuotteiden k\u00e4ytt\u00e4jien on t\u00e4rke\u00e4\u00e4 tiet\u00e4\u00e4, ett\u00e4 ne eroavat toisistaan merkitt\u00e4v\u00e4sti. Salva ei t\u00e4yt\u00e4 voiteelle asetettuja odotuksia ja p\u00e4invastoin. Ero voiteiden ja salvojen v\u00e4lill\u00e4 perustuu veden m\u00e4\u00e4r\u00e4\u00e4n tuotteessa. Voide on p\u00e4\u00e4asiassa vesipohjainen, kun taas salva pohjautuu \u00f6ljyyn. Nykyajan voiteissa on vain v\u00e4h\u00e4n \u00f6ljy\u00e4.<\/p>\n\n\n\n<p class=\"wp-el\">Voiteita on helpompi levitt\u00e4\u00e4 iholle, koska ne ovat koostumukseltaan kevyempi\u00e4 kuin salvat, joiden rakenne on paksumpi ja rasvaisempi. Voiteet imeytyv\u00e4t nopeammin ja ravitsevat ja virkist\u00e4v\u00e4t ihoa. Toisaalta voiteet saattavat kuivattaa ihoa, mink\u00e4 vuoksi ne sopivat paremmin rasvaiselle iholle. Salvat puolestaan muodostavat ihon pinnalle suojaavan kerroksen, joka sitoo ihon luonnollista kosteutta ja tarjoaa pidempiaikaista suojaa erityisesti kuivalle iholle.<\/p>\n\n<\/div><div class=\"d-flex--item position-relative item--media align-self-md-center\"><div class=\"swiper-container\"><div class=\"swiper-wrapper\"><div class=\"swiper-slide\"><img loading=\"lazy\" decoding=\"async\" width=\"640\" height=\"350\" src=\"https:\/\/loodu.ee\/wp-content\/uploads\/fly-images\/1643\/fire-4387886_640-685x350-c.jpg\" class=\"attachment-size-sm\" alt=\"fire-4387886_640\" \/><\/div><\/div><\/div><div class=\"swiper-button-prev\"><svg xmlns=\"http:\/\/www.w3.org\/2000\/svg\" width=\"16\" height=\"22\" viewBox=\"0 0 16 22\"><path d=\"M2860.332,1671.928c.072-.019.105-.028.126-1.987v.1c0,.139,0,.311.005.468,0,.026,0,.156.007.161s.007-.186.007-.812c0-.487,0-.82-.007-.828v.008c0,.01,0,.035,0,.09.009-1.2.016-2.891.028-6.3l.018-4.662c0,.008,0,.008,0,.008s.009-.019.009-.148a.511.511,0,0,0-.011-.16l0,0,0-.548c0-.027.007-.174.007-.374,0-.137,0-.275,0-.346l.01-2.629.227-.194a7.586,7.586,0,0,1,1.137-.9c.063-.016.094-.037.1-.069.039-.119-.2-.428-1.1-1.505-.866-1.036-1.1-1.3-1.217-1.3a.1.1,0,0,0-.076.046l-.025.028-.1.113c-.064.077-1.183,1.019-1.843,1.551-.117.095-.36.294-.53.437l-.028.023-.095.078-.021.018-.132.109-.067.056-.361.3c-.175.142-.42.343-.586.479l-.141.115-.062.051c-.509.419-2.286,1.814-6.338,4.974l-.354.277-.377.293-.005,0-.014.011c-2.047,1.6-2.533,1.974-2.529,2.162,0,.063.06.1.132.153l.016.012.009.006.006.005,0,0,.045.034.865.689.144.115.014.011.245.2.983.788.314.251.616.493c1.391,1.112,1.852,1.482,2.77,2.218l.139.112.055.044.459.366.016.013.029.023.274.219.061.049.953.76,1.58,1.265c1.507,1.208,2.9,2.325,3.334,2.666a1.3,1.3,0,0,0,.836.391A1.658,1.658,0,0,0,2860.332,1671.928Zm.181-5.4c0-.14.006-1.168.006-3.15,0-2.1,0-3.169-.007-3.186l0,.028c0,.056,0,.208,0,.57-.007,1.411-.007,3.721,0,5.148,0,.313,0,.527,0,.59Z\" transform=\"translate(-2846 -1650)\" fill=\"#d44464\"\/><\/svg><\/div><div class=\"swiper-button-next\"><svg xmlns=\"http:\/\/www.w3.org\/2000\/svg\" width=\"16\" height=\"22\" viewBox=\"0 0 16 22\"><path d=\"M2847.669,1671.928c-.072-.019-.105-.028-.126-1.987v.1c0,.139,0,.311-.005.468,0,.026,0,.156-.007.161s-.007-.186-.007-.812c0-.487,0-.82.007-.828v.008c0,.01,0,.035,0,.09-.009-1.2-.016-2.891-.028-6.3l-.018-4.662c0,.008,0,.008,0,.008s-.009-.019-.009-.148a.511.511,0,0,1,.011-.16l0,0,0-.548c0-.027-.007-.174-.007-.374,0-.137,0-.275,0-.346l-.01-2.629-.227-.194a7.586,7.586,0,0,0-1.137-.9c-.062-.016-.094-.037-.1-.069-.039-.119.2-.428,1.1-1.505.866-1.036,1.1-1.3,1.217-1.3a.1.1,0,0,1,.076.046l.025.028.1.113c.064.077,1.183,1.019,1.843,1.551.117.095.36.294.53.437l.028.023.095.078.021.018.132.109.067.056.361.3c.175.142.42.343.586.479l.141.115.062.051c.509.419,2.286,1.814,6.338,4.974l.354.277.377.293.005,0,.014.011c2.047,1.6,2.533,1.974,2.529,2.162,0,.063-.06.1-.132.153l-.016.012-.009.006-.006.005,0,0-.045.034-.865.689-.144.115-.014.011-.245.2-.983.788-.314.251-.616.493c-1.391,1.112-1.852,1.482-2.77,2.218l-.139.112-.055.044-.459.366-.016.013-.029.023-.274.219-.061.049-.953.76-1.58,1.265c-1.507,1.208-2.9,2.325-3.334,2.666a1.3,1.3,0,0,1-.836.391A1.658,1.658,0,0,1,2847.669,1671.928Zm-.181-5.4c0-.14-.006-1.168-.006-3.15,0-2.1,0-3.169.007-3.186l0,.028c0,.056,0,.208,0,.57.007,1.411.007,3.721,0,5.148,0,.313,0,.527,0,.59Z\" transform=\"translate(-2846 -1650)\" fill=\"#d44464\"\/><\/svg><\/div><\/div><\/div><\/div>","protected":false},"excerpt":{"rendered":"","protected":false},"author":1,"featured_media":0,"parent":0,"menu_order":0,"comment_status":"closed","ping_status":"closed","template":"","meta":{"_acf_changed":false,"inline_featured_image":false,"footnotes":""},"class_list":["post-1817","page","type-page","status-publish","hentry"],"acf":[],"_links":{"self":[{"href":"https:\/\/loodu.ee\/fi\/wp-json\/wp\/v2\/pages\/1817","targetHints":{"allow":["GET"]}}],"collection":[{"href":"https:\/\/loodu.ee\/fi\/wp-json\/wp\/v2\/pages"}],"about":[{"href":"https:\/\/loodu.ee\/fi\/wp-json\/wp\/v2\/types\/page"}],"author":[{"embeddable":true,"href":"https:\/\/loodu.ee\/fi\/wp-json\/wp\/v2\/users\/1"}],"replies":[{"embeddable":true,"href":"https:\/\/loodu.ee\/fi\/wp-json\/wp\/v2\/comments?post=1817"}],"version-history":[{"count":1,"href":"https:\/\/loodu.ee\/fi\/wp-json\/wp\/v2\/pages\/1817\/revisions"}],"predecessor-version":[{"id":1818,"href":"https:\/\/loodu.ee\/fi\/wp-json\/wp\/v2\/pages\/1817\/revisions\/1818"}],"wp:attachment":[{"href":"https:\/\/loodu.ee\/fi\/wp-json\/wp\/v2\/media?parent=1817"}],"curies":[{"name":"wp","href":"https:\/\/api.w.org\/{rel}","templated":true}]}}