{"id":1822,"date":"2021-12-10T15:58:48","date_gmt":"2021-12-10T15:58:48","guid":{"rendered":"https:\/\/loodu.ee\/riimumerkkien-merkityksesta\/"},"modified":"2021-12-10T15:58:48","modified_gmt":"2021-12-10T15:58:48","slug":"riimumerkkien-merkityksesta","status":"publish","type":"page","link":"https:\/\/loodu.ee\/fi\/riimumerkkien-merkityksesta\/","title":{"rendered":"Riimumerkkien merkityksest\u00e4"},"content":{"rendered":"<div id=\"acf-block_60c8534fc1541\" class=\"wp-el block-txtmedia\"><div class=\"d-flex flex-wrap\"><div class=\"d-flex--item item--content align-self-md-center\">\n\n<h3 class=\"wp-el wp-block-heading\">Mit\u00e4 pakkauksessa olevat riimumerkit tarkoittavat?<\/h3>\n\n\n\n<p class=\"wp-el\">Kyseiset merkit ovat muinaisskandinaavisia symboleita, jotka tarkoittavat hyv\u00e4\u00e4 terveytt\u00e4, onnea ja muita haluttavia asioita. Ihmiset kantoivat riimumerkkej\u00e4 mukanaan ja piilottivat niit\u00e4 hyvien asioiden toivossa y\u00f6ksi tyynyns\u00e4 alle. Oli esimerkiksi olemassa riimuja, jotka tarkoittivat naimaonnea. Graafisten merkkien tekeminen levisi jo pronssikaudella Karjalan asukkaiden keskuudessa, jotka loivat symbolisia kalliopiirroksia. My\u00f6hemmin syntyiv\u00e4t uudenaikaisten aakkosten esimerkki\u00e4 noudattaen germaaniset riimumerkit. Irlannissa syntyi esimerkiksi Ogam-aakkosto. Viel\u00e4 paljon my\u00f6hemm\u00e4ss\u00e4 vaiheessa virolaiset kantoivat mukanaan samankaltaisilla merkeill\u00e4 varustettuja riimusauvoja, joissa merkit sijaitsivat samalla tavalla vaakaviivojen v\u00e4liss\u00e4.<\/p>\n\n<\/div><div class=\"d-flex--item position-relative item--media align-self-md-center\"><div class=\"swiper-container\"><div class=\"swiper-wrapper\"><div class=\"swiper-slide\"><img loading=\"lazy\" decoding=\"async\" width=\"685\" height=\"189\" src=\"https:\/\/loodu.ee\/wp-content\/uploads\/fly-images\/1658\/symbols-685x350-c.jpg\" class=\"attachment-size-sm\" alt=\"symbols\" \/><\/div><\/div><\/div><div class=\"swiper-button-prev\"><svg xmlns=\"http:\/\/www.w3.org\/2000\/svg\" width=\"16\" height=\"22\" viewBox=\"0 0 16 22\"><path d=\"M2860.332,1671.928c.072-.019.105-.028.126-1.987v.1c0,.139,0,.311.005.468,0,.026,0,.156.007.161s.007-.186.007-.812c0-.487,0-.82-.007-.828v.008c0,.01,0,.035,0,.09.009-1.2.016-2.891.028-6.3l.018-4.662c0,.008,0,.008,0,.008s.009-.019.009-.148a.511.511,0,0,0-.011-.16l0,0,0-.548c0-.027.007-.174.007-.374,0-.137,0-.275,0-.346l.01-2.629.227-.194a7.586,7.586,0,0,1,1.137-.9c.063-.016.094-.037.1-.069.039-.119-.2-.428-1.1-1.505-.866-1.036-1.1-1.3-1.217-1.3a.1.1,0,0,0-.076.046l-.025.028-.1.113c-.064.077-1.183,1.019-1.843,1.551-.117.095-.36.294-.53.437l-.028.023-.095.078-.021.018-.132.109-.067.056-.361.3c-.175.142-.42.343-.586.479l-.141.115-.062.051c-.509.419-2.286,1.814-6.338,4.974l-.354.277-.377.293-.005,0-.014.011c-2.047,1.6-2.533,1.974-2.529,2.162,0,.063.06.1.132.153l.016.012.009.006.006.005,0,0,.045.034.865.689.144.115.014.011.245.2.983.788.314.251.616.493c1.391,1.112,1.852,1.482,2.77,2.218l.139.112.055.044.459.366.016.013.029.023.274.219.061.049.953.76,1.58,1.265c1.507,1.208,2.9,2.325,3.334,2.666a1.3,1.3,0,0,0,.836.391A1.658,1.658,0,0,0,2860.332,1671.928Zm.181-5.4c0-.14.006-1.168.006-3.15,0-2.1,0-3.169-.007-3.186l0,.028c0,.056,0,.208,0,.57-.007,1.411-.007,3.721,0,5.148,0,.313,0,.527,0,.59Z\" transform=\"translate(-2846 -1650)\" fill=\"#d44464\"\/><\/svg><\/div><div class=\"swiper-button-next\"><svg xmlns=\"http:\/\/www.w3.org\/2000\/svg\" width=\"16\" height=\"22\" viewBox=\"0 0 16 22\"><path d=\"M2847.669,1671.928c-.072-.019-.105-.028-.126-1.987v.1c0,.139,0,.311-.005.468,0,.026,0,.156-.007.161s-.007-.186-.007-.812c0-.487,0-.82.007-.828v.008c0,.01,0,.035,0,.09-.009-1.2-.016-2.891-.028-6.3l-.018-4.662c0,.008,0,.008,0,.008s-.009-.019-.009-.148a.511.511,0,0,1,.011-.16l0,0,0-.548c0-.027-.007-.174-.007-.374,0-.137,0-.275,0-.346l-.01-2.629-.227-.194a7.586,7.586,0,0,0-1.137-.9c-.062-.016-.094-.037-.1-.069-.039-.119.2-.428,1.1-1.505.866-1.036,1.1-1.3,1.217-1.3a.1.1,0,0,1,.076.046l.025.028.1.113c.064.077,1.183,1.019,1.843,1.551.117.095.36.294.53.437l.028.023.095.078.021.018.132.109.067.056.361.3c.175.142.42.343.586.479l.141.115.062.051c.509.419,2.286,1.814,6.338,4.974l.354.277.377.293.005,0,.014.011c2.047,1.6,2.533,1.974,2.529,2.162,0,.063-.06.1-.132.153l-.016.012-.009.006-.006.005,0,0-.045.034-.865.689-.144.115-.014.011-.245.2-.983.788-.314.251-.616.493c-1.391,1.112-1.852,1.482-2.77,2.218l-.139.112-.055.044-.459.366-.016.013-.029.023-.274.219-.061.049-.953.76-1.58,1.265c-1.507,1.208-2.9,2.325-3.334,2.666a1.3,1.3,0,0,1-.836.391A1.658,1.658,0,0,1,2847.669,1671.928Zm-.181-5.4c0-.14-.006-1.168-.006-3.15,0-2.1,0-3.169.007-3.186l0,.028c0,.056,0,.208,0,.57.007,1.411.007,3.721,0,5.148,0,.313,0,.527,0,.59Z\" transform=\"translate(-2846 -1650)\" fill=\"#d44464\"\/><\/svg><\/div><\/div><\/div><\/div>\n<div style=\"height:50px\" aria-hidden=\"true\" class=\"wp-block-spacer\"><\/div>\n\n<div class=\"wp-block-columns is-layout-flex wp-container-core-columns-is-layout-9d6595d7 wp-block-columns-is-layout-flex\">\n<div class=\"wp-block-column is-vertically-aligned-center is-layout-flow wp-block-column-is-layout-flow\">\n<div class=\"wp-block-image\"><figure class=\"aligncenter size-large is-resized\"><img loading=\"lazy\" decoding=\"async\" src=\"https:\/\/www.loodu.ee\/wp-content\/uploads\/2021\/06\/loodu.svg\" alt=\"\" class=\"wp-image-496\" width=\"240\" height=\"192\"\/><\/figure><\/div>\n<\/div>\n\n\n\n<div class=\"wp-block-column is-layout-flow wp-block-column-is-layout-flow\">\n<ul class=\"wp-el wp-block-list\"><li>Yll\u00e4 olevista merkeist\u00e4 ensimm\u00e4inen tarkoittaa vaurautta, karjan runsautta, hedelm\u00e4llisyytt\u00e4, onnea ja energiaa.<\/li><li>Toinen hedelm\u00e4llisyytt\u00e4 ja aitoa rakkautta.<\/li><li>Kolmas voimaa.<\/li><li>Nelj\u00e4s tavoitteita kohti kulkemista.<\/li><li>Viides hyv\u00e4\u00e4 onnea.<\/li><li>Kuudes rakkautta.<\/li><li>Seitsem\u00e4s suojaa.<\/li><li>Kahdeksas tervehdytt\u00e4mist\u00e4.<\/li><li>Yhdeks\u00e4s terveytt\u00e4 ja el\u00e4m\u00e4nvoimaa.<\/li><li>Kymmenes luovuutta, tietoa ja tulen l\u00e4mp\u00f6\u00e4.<\/li><\/ul>\n\n\n\n<p class=\"wp-el\"><strong>Valitut hyv\u00e4\u00e4 onnea tarkoittavat merkit korostavat entisest\u00e4\u00e4n tuotteidemme tyyli\u00e4.<\/strong><\/p>\n<\/div>\n<\/div>\n","protected":false},"excerpt":{"rendered":"<p>Yll\u00e4 olevista merkeist\u00e4 ensimm\u00e4inen tarkoittaa vaurautta, karjan runsautta, hedelm\u00e4llisyytt\u00e4, onnea ja energiaa. Toinen hedelm\u00e4llisyytt\u00e4 ja aitoa rakkautta. Kolmas voimaa. Nelj\u00e4s&#8230;<\/p>\n","protected":false},"author":1,"featured_media":0,"parent":0,"menu_order":0,"comment_status":"closed","ping_status":"closed","template":"","meta":{"_acf_changed":false,"inline_featured_image":false,"footnotes":""},"class_list":["post-1822","page","type-page","status-publish","hentry"],"acf":[],"_links":{"self":[{"href":"https:\/\/loodu.ee\/fi\/wp-json\/wp\/v2\/pages\/1822","targetHints":{"allow":["GET"]}}],"collection":[{"href":"https:\/\/loodu.ee\/fi\/wp-json\/wp\/v2\/pages"}],"about":[{"href":"https:\/\/loodu.ee\/fi\/wp-json\/wp\/v2\/types\/page"}],"author":[{"embeddable":true,"href":"https:\/\/loodu.ee\/fi\/wp-json\/wp\/v2\/users\/1"}],"replies":[{"embeddable":true,"href":"https:\/\/loodu.ee\/fi\/wp-json\/wp\/v2\/comments?post=1822"}],"version-history":[{"count":1,"href":"https:\/\/loodu.ee\/fi\/wp-json\/wp\/v2\/pages\/1822\/revisions"}],"predecessor-version":[{"id":1823,"href":"https:\/\/loodu.ee\/fi\/wp-json\/wp\/v2\/pages\/1822\/revisions\/1823"}],"wp:attachment":[{"href":"https:\/\/loodu.ee\/fi\/wp-json\/wp\/v2\/media?parent=1822"}],"curies":[{"name":"wp","href":"https:\/\/api.w.org\/{rel}","templated":true}]}}