{"id":2364,"date":"2022-09-08T16:13:35","date_gmt":"2022-09-08T16:13:35","guid":{"rendered":"https:\/\/loodu.ee\/loodu-salva-on-jarkeva-valinta\/"},"modified":"2022-09-08T16:21:36","modified_gmt":"2022-09-08T16:21:36","slug":"loodu-salva-on-jarkeva-valinta","status":"publish","type":"page","link":"https:\/\/loodu.ee\/fi\/loodu-salva-on-jarkeva-valinta\/","title":{"rendered":"Loodu salva on j\u00e4rkev\u00e4 valinta"},"content":{"rendered":"<div id=\"acf-block_60e444d4195c2\" class=\"acf-block-element block-banner position-relative size-fw\"><div class=\"swiper-container\"><div class=\"swiper-wrapper\"><div class=\"swiper-slide\"><div class=\"block-banner--item position-relative method_bg\"><img loading=\"lazy\" decoding=\"async\" width=\"1410\" height=\"500\" src=\"https:\/\/loodu.ee\/wp-content\/uploads\/fly-images\/2324\/marigold-1522592-scaled-1410x500-c.jpg\" class=\"attachment-size-fw\" alt=\"marigold-1522592\" \/><div class=\"block-banner--content d-flex flex-wrap position-absolute\"><div class=\"block-banner--content-inner w-100 position-relative\"><p class=\"font-isanda has-giant-font-size text-uppercase\">Salva sopii virolaisten (suomalaisten) k\u00e4yt\u00e4nn\u00f6llisen ajattelutapaan. <\/p><\/div><\/div><\/div><\/div><\/div><\/div><div class=\"swiper-button-prev\"><svg xmlns=\"http:\/\/www.w3.org\/2000\/svg\" width=\"16\" height=\"22\" viewBox=\"0 0 16 22\"><path d=\"M2860.332,1671.928c.072-.019.105-.028.126-1.987v.1c0,.139,0,.311.005.468,0,.026,0,.156.007.161s.007-.186.007-.812c0-.487,0-.82-.007-.828v.008c0,.01,0,.035,0,.09.009-1.2.016-2.891.028-6.3l.018-4.662c0,.008,0,.008,0,.008s.009-.019.009-.148a.511.511,0,0,0-.011-.16l0,0,0-.548c0-.027.007-.174.007-.374,0-.137,0-.275,0-.346l.01-2.629.227-.194a7.586,7.586,0,0,1,1.137-.9c.063-.016.094-.037.1-.069.039-.119-.2-.428-1.1-1.505-.866-1.036-1.1-1.3-1.217-1.3a.1.1,0,0,0-.076.046l-.025.028-.1.113c-.064.077-1.183,1.019-1.843,1.551-.117.095-.36.294-.53.437l-.028.023-.095.078-.021.018-.132.109-.067.056-.361.3c-.175.142-.42.343-.586.479l-.141.115-.062.051c-.509.419-2.286,1.814-6.338,4.974l-.354.277-.377.293-.005,0-.014.011c-2.047,1.6-2.533,1.974-2.529,2.162,0,.063.06.1.132.153l.016.012.009.006.006.005,0,0,.045.034.865.689.144.115.014.011.245.2.983.788.314.251.616.493c1.391,1.112,1.852,1.482,2.77,2.218l.139.112.055.044.459.366.016.013.029.023.274.219.061.049.953.76,1.58,1.265c1.507,1.208,2.9,2.325,3.334,2.666a1.3,1.3,0,0,0,.836.391A1.658,1.658,0,0,0,2860.332,1671.928Zm.181-5.4c0-.14.006-1.168.006-3.15,0-2.1,0-3.169-.007-3.186l0,.028c0,.056,0,.208,0,.57-.007,1.411-.007,3.721,0,5.148,0,.313,0,.527,0,.59Z\" transform=\"translate(-2846 -1650)\" fill=\"#d44464\"\/><\/svg><\/div><div class=\"swiper-button-next\"><svg xmlns=\"http:\/\/www.w3.org\/2000\/svg\" width=\"16\" height=\"22\" viewBox=\"0 0 16 22\"><path d=\"M2847.669,1671.928c-.072-.019-.105-.028-.126-1.987v.1c0,.139,0,.311-.005.468,0,.026,0,.156-.007.161s-.007-.186-.007-.812c0-.487,0-.82.007-.828v.008c0,.01,0,.035,0,.09-.009-1.2-.016-2.891-.028-6.3l-.018-4.662c0,.008,0,.008,0,.008s-.009-.019-.009-.148a.511.511,0,0,1,.011-.16l0,0,0-.548c0-.027-.007-.174-.007-.374,0-.137,0-.275,0-.346l-.01-2.629-.227-.194a7.586,7.586,0,0,0-1.137-.9c-.062-.016-.094-.037-.1-.069-.039-.119.2-.428,1.1-1.505.866-1.036,1.1-1.3,1.217-1.3a.1.1,0,0,1,.076.046l.025.028.1.113c.064.077,1.183,1.019,1.843,1.551.117.095.36.294.53.437l.028.023.095.078.021.018.132.109.067.056.361.3c.175.142.42.343.586.479l.141.115.062.051c.509.419,2.286,1.814,6.338,4.974l.354.277.377.293.005,0,.014.011c2.047,1.6,2.533,1.974,2.529,2.162,0,.063-.06.1-.132.153l-.016.012-.009.006-.006.005,0,0-.045.034-.865.689-.144.115-.014.011-.245.2-.983.788-.314.251-.616.493c-1.391,1.112-1.852,1.482-2.77,2.218l-.139.112-.055.044-.459.366-.016.013-.029.023-.274.219-.061.049-.953.76-1.58,1.265c-1.507,1.208-2.9,2.325-3.334,2.666a1.3,1.3,0,0,1-.836.391A1.658,1.658,0,0,1,2847.669,1671.928Zm-.181-5.4c0-.14-.006-1.168-.006-3.15,0-2.1,0-3.169.007-3.186l0,.028c0,.056,0,.208,0,.57.007,1.411.007,3.721,0,5.148,0,.313,0,.527,0,.59Z\" transform=\"translate(-2846 -1650)\" fill=\"#d44464\"\/><\/svg><\/div><\/div>\n\n\n<div class=\"wp-block-columns is-layout-flex wp-container-core-columns-is-layout-9d6595d7 wp-block-columns-is-layout-flex\">\n<div class=\"wp-block-column is-layout-flow wp-block-column-is-layout-flow\" style=\"flex-basis:66.66%\">\n<p class=\"wp-el\">Salva taitaa j\u00e4\u00e4d\u00e4 nykymaailmassa ep\u00e4reilusti voiteen varjoon. Salva vaatii enemm\u00e4n aikaa sek\u00e4 keskittymist\u00e4. Loodun salvojen nestem\u00e4inen koostumus saata tuntua liian \u00f6ljyiselt\u00e4, se sis\u00e4lt\u00e4\u00e4 kuitenkin valtaosin rasvoja tai \u00f6ljy\u00e4 sek\u00e4 vain v\u00e4h\u00e4\u00e4n vett\u00e4. T\u00e4m\u00e4 tarkoittaa ett\u00e4 k\u00e4ytt\u00f6kokemus poikkeaa oleellisesti, rasva j\u00e4\u00e4 ihon pinnalle pysym\u00e4\u00e4n eik\u00e4 haihtuu iholta nopeasti, kuten voiteet. Salvan vaikuttavat aineet pysyv\u00e4t iholla kauemmin sek\u00e4 niiden h\u00f6yty on mahdollisesti suurempi. Suositeltava on k\u00e4ytt\u00e4\u00e4 salvoja iltaisin, tarvittaessa ylim\u00e4\u00e4r\u00e4inen \u00f6ljy pyyhk\u00e4ist\u00e4\u00e4n pois. Parhaiten sopii salva pienten alueiden hoidoksi, nestem\u00e4inen koostumus mahdollistaa miellytt\u00e4v\u00e4n voitelukokemuksen.  \r\n<\/p>\n\n\n\n<p class=\"wp-el\">Salvojen k\u00e4ytt\u00f6kokemusta ei ole v\u00e4ltt\u00e4m\u00e4tt\u00e4 kaikilla nykyaikana. Nyt olisi hyv\u00e4 hetki muistuttaa Asian maiden kauneushoidon perinnett\u00e4, jossa iho oli puhdistettava aina \u00f6ljyll\u00e4 ennen muita kauneusrutiineja. Iho tuottaa luonnollisesti \u00f6ljyj\u00e4, sek\u00e4 \u00f6ljy\u00e4 sis\u00e4lt\u00e4v\u00e4 puhdistustuote liuottaa iholla olevaa likaa, ylim\u00e4\u00e4r\u00e4ist\u00e4 rasvaa sek\u00e4 meikki\u00e4. Vett\u00e4 sis\u00e4lt\u00e4vien tuotteiden k\u00e4ytt\u00f6 ei toimi samalla tavalla. Ihonhoito rasvapitoisella salvalla  ei aiheuttaa ihon kuivuutta.  \r\n<\/p>\n\n\n\n<p class=\"wp-el\">Aasian maiden l\u00e4hestymistapana on erityisesti tunnettu Korean ihon hoito, josta \u00f6ljyll\u00e4 puhdistaminen levisi my\u00f6s muualle maailmaan. Aasiassa on vaalea sek\u00e4 viaton iho arvostettu, siksi my\u00f6s puhdistaminen on t\u00e4rke\u00e4. Aasian ihonhoidon ajattelutapana on saavutta ihokerrosten kostutus. N\u00e4in ollessa ei ole tarvetta k\u00e4ytt\u00e4\u00e4 kosmetiikkatuotteita isoin m\u00e4\u00e4rin, koska ihon kunto sek\u00e4 ulkon\u00e4k\u00f6 on jo sen verran hyv\u00e4.  \r\n<\/p>\n\n\n\n<p class=\"wp-el\">Salva on otettu huomattavasti aikaisemmin k\u00e4ytt\u00f6\u00f6n kun voide. Salva on vakavampi, pysyy iholla kauemmin sek\u00e4 siksi toimii pitemm\u00e4n. Voide sis\u00e4lt\u00e4\u00e4 ison m\u00e4\u00e4r\u00e4n vett\u00e4 sek\u00e4 vedell\u00e4 on ominaisuus kuivua nopeasti. Vesipitoisen voiteen k\u00e4yt\u00f6n j\u00e4lkeen saattaa iho olla kuivempi kun ennen k\u00e4ytt\u00e4mist\u00e4. Rasvaa sis\u00e4lt\u00e4v\u00e4 salva muodostaa iholle kerroksen, joka s\u00e4ilytt\u00e4\u00e4 ihon luonnollisen kosteuden. T\u00e4m\u00e4n takia salva on erityisen suositeltava kuivalle iholle. Salva on my\u00f6s hy\u00f6d\u00f6llist\u00e4 haavaiselle iholle sek\u00e4 huulille.  \r\n<\/p>\n\n\n\n<p class=\"wp-el\">Meid\u00e4n mielest\u00e4mme salva sopii virolaisten (suomalaisten) k\u00e4yt\u00e4nn\u00f6llisen ajattelutapaan.   Salva on my\u00f6s pohjoismaiden kansanperinteess\u00e4 hyvin tunnettu. Pohjoismaissa tarvitaan my\u00f6s suojaa pakkaselta sek\u00e4 siihen on salva erinomainen valinta. Rasvapohjainen salva ei j\u00e4\u00e4htyy pakkasessa.  \r\n<\/p>\n\n\n\n<p class=\"wp-el\">Loodun salvat sis\u00e4lt\u00e4v\u00e4t erilaisia kansanperinteest\u00e4 tunnettuja vaikuttavia aineita, ei sis\u00e4lt\u00e4\u00e4 synteettisi\u00e4 aineita, naftakemiaa eik\u00e4 tuoksuja\r\n<\/p>\n\n\n\n<p class=\"wp-el\"><\/p>\n\n\n\n<p class=\"wp-el\">Uskomme luontoon.<\/p>\n\n\n\n<p class=\"wp-el\"><\/p>\n\n\n\n<p class=\"has-text-align-center has-pink-color has-text-color has-huge-font-size wp-el\">***<\/p>\n\n\n\n<p class=\"wp-el\"><a href=\"https:\/\/loodu.ee\/fi\/tootteet\/\" data-type=\"URL\" data-id=\"https:\/\/loodu.ee\/fi\/tootteet\/\">https:\/\/loodu.ee\/fi\/tootteet\/<\/a><\/p>\n\n\n\n<div style=\"height:50px\" aria-hidden=\"true\" class=\"wp-block-spacer\"><\/div>\n\n\n<div class=\"wp-block-image\">\n<figure class=\"aligncenter size-large\"><img loading=\"lazy\" decoding=\"async\" width=\"100\" height=\"80\" src=\"https:\/\/www.loodu.ee\/wp-content\/uploads\/2021\/06\/loodu.svg\" alt=\"\" class=\"wp-image-496\"\/><\/figure>\n<\/div><\/div>\n\n\n\n<div class=\"wp-block-column is-layout-flow wp-block-column-is-layout-flow\" style=\"flex-basis:33.33%\">\n<figure class=\"wp-block-image size-large\"><img loading=\"lazy\" decoding=\"async\" width=\"1440\" height=\"964\" src=\"https:\/\/loodu.ee\/wp-content\/uploads\/2022\/08\/religion-4515138-1440x964.jpg\" alt=\"\" class=\"wp-image-2325\"\/><\/figure>\n<\/div>\n<\/div>\n","protected":false},"excerpt":{"rendered":"<p>Salva taitaa j\u00e4\u00e4d\u00e4 nykymaailmassa ep\u00e4reilusti voiteen varjoon. Salva vaatii enemm\u00e4n aikaa sek\u00e4 keskittymist\u00e4. Loodun salvojen nestem\u00e4inen koostumus saata tuntua liian&#8230;<\/p>\n","protected":false},"author":1,"featured_media":0,"parent":0,"menu_order":0,"comment_status":"closed","ping_status":"closed","template":"","meta":{"_acf_changed":false,"inline_featured_image":false,"footnotes":""},"class_list":["post-2364","page","type-page","status-publish","hentry"],"acf":[],"_links":{"self":[{"href":"https:\/\/loodu.ee\/fi\/wp-json\/wp\/v2\/pages\/2364","targetHints":{"allow":["GET"]}}],"collection":[{"href":"https:\/\/loodu.ee\/fi\/wp-json\/wp\/v2\/pages"}],"about":[{"href":"https:\/\/loodu.ee\/fi\/wp-json\/wp\/v2\/types\/page"}],"author":[{"embeddable":true,"href":"https:\/\/loodu.ee\/fi\/wp-json\/wp\/v2\/users\/1"}],"replies":[{"embeddable":true,"href":"https:\/\/loodu.ee\/fi\/wp-json\/wp\/v2\/comments?post=2364"}],"version-history":[{"count":2,"href":"https:\/\/loodu.ee\/fi\/wp-json\/wp\/v2\/pages\/2364\/revisions"}],"predecessor-version":[{"id":2369,"href":"https:\/\/loodu.ee\/fi\/wp-json\/wp\/v2\/pages\/2364\/revisions\/2369"}],"wp:attachment":[{"href":"https:\/\/loodu.ee\/fi\/wp-json\/wp\/v2\/media?parent=2364"}],"curies":[{"name":"wp","href":"https:\/\/api.w.org\/{rel}","templated":true}]}}