{"id":2621,"date":"2022-10-28T17:37:41","date_gmt":"2022-10-28T17:37:41","guid":{"rendered":"https:\/\/loodu.ee\/goose-fat\/"},"modified":"2022-11-01T15:47:44","modified_gmt":"2022-11-01T15:47:44","slug":"goose-fat","status":"publish","type":"page","link":"https:\/\/loodu.ee\/fi\/goose-fat\/","title":{"rendered":"Hanhenrasva"},"content":{"rendered":"<div id=\"acf-block_60bf21bf4b9a7\" class=\"wp-el block-txtmedia\"><div class=\"d-flex flex-wrap\"><div class=\"d-flex--item item--content align-self-md-center\">\n\n<p class=\"wp-el\">Hanhenrasvan k\u00e4ytt\u00f6\u00e4 vilustumiseen, erityisesti lapsilla, on sanottu iso\u00e4itillisen\u00e4 perinteen\u00e4. Hanhenrasvaa levitettiin ja hierottiin l\u00e4mpim\u00e4n\u00e4 rintaan, kun se oli sairas ja jotain piti tehd\u00e4 ysk\u00e4lle tai liman irtoamiseen. K\u00e4ytt\u00f6 ulottuu todenn\u00e4k\u00f6isesti paljon pidemm\u00e4lle historiaan ja on ollut perinteisess\u00e4 k\u00e4yt\u00f6ss\u00e4.<\/p>\n\n\n\n<p class=\"wp-el\">Hanhenrasva sis\u00e4lt\u00e4\u00e4 suuren m\u00e4\u00e4r\u00e4n (noin 20 %) palmitoleiinihappoa, jota pidet\u00e4\u00e4n hy\u00f6dyllisen\u00e4 aineena ja joka antaa halutut ominaisuudet. Tieteellisesti palmitoleiinihapolla on havaittu olevan anti-inflammatorisia ominaisuuksia, mik\u00e4 selitt\u00e4\u00e4 sen k\u00e4yt\u00f6n vilustumisen hoidossa. Sit\u00e4 on k\u00e4ytetty jopa haavoihin. T\u00e4llaiset tyydyttym\u00e4tt\u00f6m\u00e4t rasvahapot tukevat my\u00f6s immuunij\u00e4rjestelm\u00e4\u00e4. Hanhenrasvalla on my\u00f6s osoitettu olevan masennusta ehk\u00e4isevi\u00e4 ominaisuuksia. Kun hanhenrasvaa k\u00e4ytet\u00e4\u00e4n iholla, sen on katsottu olevan hy\u00f6dyllinen ja ihoa nuorentava vaikutus vakavien huuliherpeen tapauksessa. Levit\u00e4 sit\u00e4 poskille ja nen\u00e4lle suojaamaan sit\u00e4 etuk\u00e4teen ja hoitamaan my\u00f6hemp\u00e4\u00e4 puristusta.&#13;\n&#13;\n<p>&#13;\n<a href=\"https:\/\/loodu.ee\/fi\/toode\/hanhenrasvasalva\/\">Hanhenrasvasalva<\/a><\/p><\/p>\n\n\n\n<p class=\"wp-el\"><\/p>\n\n<\/div><div class=\"d-flex--item position-relative item--media align-self-md-center\"><div class=\"swiper-container\"><div class=\"swiper-wrapper\"><div class=\"swiper-slide\"><img loading=\"lazy\" decoding=\"async\" width=\"685\" height=\"350\" src=\"https:\/\/loodu.ee\/wp-content\/uploads\/fly-images\/2011\/grey-goose-180576-scaled-685x350-c.jpg\" class=\"attachment-size-sm\" alt=\"grey-goose-180576\" \/><\/div><\/div><\/div><div class=\"swiper-button-prev\"><svg xmlns=\"http:\/\/www.w3.org\/2000\/svg\" width=\"16\" height=\"22\" viewBox=\"0 0 16 22\"><path d=\"M2860.332,1671.928c.072-.019.105-.028.126-1.987v.1c0,.139,0,.311.005.468,0,.026,0,.156.007.161s.007-.186.007-.812c0-.487,0-.82-.007-.828v.008c0,.01,0,.035,0,.09.009-1.2.016-2.891.028-6.3l.018-4.662c0,.008,0,.008,0,.008s.009-.019.009-.148a.511.511,0,0,0-.011-.16l0,0,0-.548c0-.027.007-.174.007-.374,0-.137,0-.275,0-.346l.01-2.629.227-.194a7.586,7.586,0,0,1,1.137-.9c.063-.016.094-.037.1-.069.039-.119-.2-.428-1.1-1.505-.866-1.036-1.1-1.3-1.217-1.3a.1.1,0,0,0-.076.046l-.025.028-.1.113c-.064.077-1.183,1.019-1.843,1.551-.117.095-.36.294-.53.437l-.028.023-.095.078-.021.018-.132.109-.067.056-.361.3c-.175.142-.42.343-.586.479l-.141.115-.062.051c-.509.419-2.286,1.814-6.338,4.974l-.354.277-.377.293-.005,0-.014.011c-2.047,1.6-2.533,1.974-2.529,2.162,0,.063.06.1.132.153l.016.012.009.006.006.005,0,0,.045.034.865.689.144.115.014.011.245.2.983.788.314.251.616.493c1.391,1.112,1.852,1.482,2.77,2.218l.139.112.055.044.459.366.016.013.029.023.274.219.061.049.953.76,1.58,1.265c1.507,1.208,2.9,2.325,3.334,2.666a1.3,1.3,0,0,0,.836.391A1.658,1.658,0,0,0,2860.332,1671.928Zm.181-5.4c0-.14.006-1.168.006-3.15,0-2.1,0-3.169-.007-3.186l0,.028c0,.056,0,.208,0,.57-.007,1.411-.007,3.721,0,5.148,0,.313,0,.527,0,.59Z\" transform=\"translate(-2846 -1650)\" fill=\"#d44464\"\/><\/svg><\/div><div class=\"swiper-button-next\"><svg xmlns=\"http:\/\/www.w3.org\/2000\/svg\" width=\"16\" height=\"22\" viewBox=\"0 0 16 22\"><path d=\"M2847.669,1671.928c-.072-.019-.105-.028-.126-1.987v.1c0,.139,0,.311-.005.468,0,.026,0,.156-.007.161s-.007-.186-.007-.812c0-.487,0-.82.007-.828v.008c0,.01,0,.035,0,.09-.009-1.2-.016-2.891-.028-6.3l-.018-4.662c0,.008,0,.008,0,.008s-.009-.019-.009-.148a.511.511,0,0,1,.011-.16l0,0,0-.548c0-.027-.007-.174-.007-.374,0-.137,0-.275,0-.346l-.01-2.629-.227-.194a7.586,7.586,0,0,0-1.137-.9c-.062-.016-.094-.037-.1-.069-.039-.119.2-.428,1.1-1.505.866-1.036,1.1-1.3,1.217-1.3a.1.1,0,0,1,.076.046l.025.028.1.113c.064.077,1.183,1.019,1.843,1.551.117.095.36.294.53.437l.028.023.095.078.021.018.132.109.067.056.361.3c.175.142.42.343.586.479l.141.115.062.051c.509.419,2.286,1.814,6.338,4.974l.354.277.377.293.005,0,.014.011c2.047,1.6,2.533,1.974,2.529,2.162,0,.063-.06.1-.132.153l-.016.012-.009.006-.006.005,0,0-.045.034-.865.689-.144.115-.014.011-.245.2-.983.788-.314.251-.616.493c-1.391,1.112-1.852,1.482-2.77,2.218l-.139.112-.055.044-.459.366-.016.013-.029.023-.274.219-.061.049-.953.76-1.58,1.265c-1.507,1.208-2.9,2.325-3.334,2.666a1.3,1.3,0,0,1-.836.391A1.658,1.658,0,0,1,2847.669,1671.928Zm-.181-5.4c0-.14-.006-1.168-.006-3.15,0-2.1,0-3.169.007-3.186l0,.028c0,.056,0,.208,0,.57.007,1.411.007,3.721,0,5.148,0,.313,0,.527,0,.59Z\" transform=\"translate(-2846 -1650)\" fill=\"#d44464\"\/><\/svg><\/div><\/div><\/div><\/div>\n<p class=\"wp-el\"><\/p>\n","protected":false},"excerpt":{"rendered":"","protected":false},"author":1,"featured_media":0,"parent":0,"menu_order":0,"comment_status":"closed","ping_status":"closed","template":"","meta":{"_acf_changed":false,"inline_featured_image":false,"footnotes":""},"class_list":["post-2621","page","type-page","status-publish","hentry"],"acf":[],"_links":{"self":[{"href":"https:\/\/loodu.ee\/fi\/wp-json\/wp\/v2\/pages\/2621","targetHints":{"allow":["GET"]}}],"collection":[{"href":"https:\/\/loodu.ee\/fi\/wp-json\/wp\/v2\/pages"}],"about":[{"href":"https:\/\/loodu.ee\/fi\/wp-json\/wp\/v2\/types\/page"}],"author":[{"embeddable":true,"href":"https:\/\/loodu.ee\/fi\/wp-json\/wp\/v2\/users\/1"}],"replies":[{"embeddable":true,"href":"https:\/\/loodu.ee\/fi\/wp-json\/wp\/v2\/comments?post=2621"}],"version-history":[{"count":5,"href":"https:\/\/loodu.ee\/fi\/wp-json\/wp\/v2\/pages\/2621\/revisions"}],"predecessor-version":[{"id":2828,"href":"https:\/\/loodu.ee\/fi\/wp-json\/wp\/v2\/pages\/2621\/revisions\/2828"}],"wp:attachment":[{"href":"https:\/\/loodu.ee\/fi\/wp-json\/wp\/v2\/media?parent=2621"}],"curies":[{"name":"wp","href":"https:\/\/api.w.org\/{rel}","templated":true}]}}