{"id":2630,"date":"2022-10-28T17:42:59","date_gmt":"2022-10-28T17:42:59","guid":{"rendered":"https:\/\/loodu.ee\/lanoliini\/"},"modified":"2022-11-01T15:48:32","modified_gmt":"2022-11-01T15:48:32","slug":"lanoliini","status":"publish","type":"page","link":"https:\/\/loodu.ee\/fi\/lanoliini\/","title":{"rendered":"Lanoliini"},"content":{"rendered":"\n<p class=\"wp-el\"><\/p>\n\n<p class=\"wp-el\">Lanoliini tai villavaha pehment\u00e4\u00e4 nen\u00e4\u00e4 ja limakalvoja. Lanoliini on tunnettu ja tutkittu hy\u00f6dyllisen\u00e4 kuivumista est\u00e4v\u00e4n\u00e4 l\u00e4\u00e4kkeen\u00e4, koska se auttaa s\u00e4ilytt\u00e4m\u00e4\u00e4n luonnollisen kosteuden iholla. Aine tunnetaan paremmin l\u00e4\u00e4kkeen\u00e4 kipeisiin n\u00e4nneihin, mutta my\u00f6s hyv\u00e4n\u00e4 l\u00e4\u00e4kkeen\u00e4 liiallisen nuhakkaaseen ja kipe\u00e4\u00e4n nen\u00e4\u00e4n. Lanoliini on pohjimmiltaan luonnollinen rasva-aine tai villavaha, joka saadaan lampaan villasta. Luonnollisesti t\u00e4m\u00e4 aine muodostaa suojaavan kerroksen lampaanvillalle, eli se on samanlainen kuin ihmisen ihon eritt\u00e4m\u00e4 rasva. Talonpojat loivat lanoliinia lampaanvillasta jo satoja vuosia sitten. Ainetta k\u00e4ytettiin sen erityisten emulgointi- ja antiseptisten ominaisuuksiensa vuoksi, jotka sitovat vett\u00e4 ja rasvaa, mink\u00e4 vuoksi se tunnettiin kosmeettisena aineena.&#13;\n&#13;\n<p>&#13;\n<a href=\"https:\/\/loodu.ee\/fi\/toode\/nenasalvi\/\">Nen\u00e4salva<\/a><\/p><\/p>\n\n<p class=\"wp-el\"><\/p>\n\n<figure class=\"wp-block-image size-large is-resized\"><img loading=\"lazy\" decoding=\"async\" src=\"https:\/\/loodu.ee\/wp-content\/uploads\/2022\/03\/ireland-1985088-1440x1081.jpg\" alt=\"\" class=\"wp-image-2050\" width=\"506\" height=\"380\"\/><\/figure>\n","protected":false},"excerpt":{"rendered":"<p>Lanoliini tai villavaha pehment\u00e4\u00e4 nen\u00e4\u00e4 ja limakalvoja. Lanoliini on tunnettu ja tutkittu hy\u00f6dyllisen\u00e4 kuivumista est\u00e4v\u00e4n\u00e4 l\u00e4\u00e4kkeen\u00e4, koska se auttaa s\u00e4ilytt\u00e4m\u00e4\u00e4n&#8230;<\/p>\n","protected":false},"author":1,"featured_media":0,"parent":0,"menu_order":0,"comment_status":"closed","ping_status":"closed","template":"","meta":{"_acf_changed":false,"inline_featured_image":false,"footnotes":""},"class_list":["post-2630","page","type-page","status-publish","hentry"],"acf":[],"_links":{"self":[{"href":"https:\/\/loodu.ee\/fi\/wp-json\/wp\/v2\/pages\/2630","targetHints":{"allow":["GET"]}}],"collection":[{"href":"https:\/\/loodu.ee\/fi\/wp-json\/wp\/v2\/pages"}],"about":[{"href":"https:\/\/loodu.ee\/fi\/wp-json\/wp\/v2\/types\/page"}],"author":[{"embeddable":true,"href":"https:\/\/loodu.ee\/fi\/wp-json\/wp\/v2\/users\/1"}],"replies":[{"embeddable":true,"href":"https:\/\/loodu.ee\/fi\/wp-json\/wp\/v2\/comments?post=2630"}],"version-history":[{"count":3,"href":"https:\/\/loodu.ee\/fi\/wp-json\/wp\/v2\/pages\/2630\/revisions"}],"predecessor-version":[{"id":2830,"href":"https:\/\/loodu.ee\/fi\/wp-json\/wp\/v2\/pages\/2630\/revisions\/2830"}],"wp:attachment":[{"href":"https:\/\/loodu.ee\/fi\/wp-json\/wp\/v2\/media?parent=2630"}],"curies":[{"name":"wp","href":"https:\/\/api.w.org\/{rel}","templated":true}]}}