{"id":2666,"date":"2022-10-28T18:11:54","date_gmt":"2022-10-28T18:11:54","guid":{"rendered":"https:\/\/loodu.ee\/timjami\/"},"modified":"2022-11-01T15:56:56","modified_gmt":"2022-11-01T15:56:56","slug":"timjami","status":"publish","type":"page","link":"https:\/\/loodu.ee\/fi\/timjami\/","title":{"rendered":"Timjami"},"content":{"rendered":"\n<p class=\"wp-el\">Timjami (Thymus vulgaris) tunnetaan antibakteerisena hengitystieongelmia lievitt\u00e4v\u00e4n\u00e4 kasvina, koska se tuhoaa siell\u00e4 tulehdusta aiheuttavia mikrobeja. On tieteellisesti vahvistettu, ett\u00e4 timjamilla on melko voimakas antiseptinen vaikutus, josta tymolin katsotaan olevan vastuussa. Lis\u00e4ksi timjami sis\u00e4lt\u00e4\u00e4 suurempia m\u00e4\u00e4ri\u00e4 \u03b3-terpineni\u00e4 ja p-symeeni\u00e4.<\/p>\n\n<p class=\"wp-el\">T\u00e4rkeiden antiseptisten ominaisuuksiensa ansiosta timjamia on k\u00e4ytetty sek\u00e4 kosmetiikassa ett\u00e4 l\u00e4\u00e4ketieteess\u00e4 ja esimerkiksi ysk\u00e4nl\u00e4\u00e4kkeiden koostumuksessa. Teet\u00e4 on k\u00e4ytetty keuhkoputkentulehdukseen ja angina pectorikseen. Timjamia pidet\u00e4\u00e4n my\u00f6s hyv\u00e4n\u00e4 l\u00e4\u00e4kkeen\u00e4 vuotavaan nen\u00e4\u00e4n ja nen\u00e4n tukkoisuuteen. Lis\u00e4ksi eteerist\u00e4 timjami\u00f6ljy\u00e4 ja teet\u00e4 on k\u00e4ytetty ulkoisesti sek\u00e4 iho- ja limakalvohaavoissa.<\/p>\n\n<p class=\"wp-el\">Muinaiset kreikkalaiset liittiv\u00e4t kasvin Afroditeen, kauneuden jumalattareen, ja polttivat sen pyh\u00e4\u00e4 savua varten. Timoli teki timjamista sopivan aineen egyptil\u00e4isten muumioiden palsamointiin. Muinaisessa Roomassa timjamin puhdistavien ominaisuuksien uskottiin auttavan est\u00e4m\u00e4\u00e4n myrkytykset, ja niit\u00e4 k\u00e4ytettiin ruton aikana. Roomalaiset toivat luultavasti mukanaan timjamia Saksaan ja sit\u00e4 kautta se on p\u00e4\u00e4ssyt Viroon viljelykasvina. Euroopassa timjami kasvoi historiallisesti V\u00e4limeren alueella ja oli tunnettu kasvi keskiaikaisten luostarien yrttitarhoissa.&#13;\n&#13;\n<p>&#13;\n<a href=\"https:\/\/loodu.ee\/fi\/toode\/nenasalvi\/\">Nen\u00e4salva<\/a><\/p><\/p>\n\n<figure class=\"wp-block-image size-large is-resized\"><img loading=\"lazy\" decoding=\"async\" src=\"https:\/\/loodu.ee\/wp-content\/uploads\/2022\/03\/thyme-5174307-1440x960.jpg\" alt=\"\" class=\"wp-image-2039\" width=\"546\" height=\"364\"\/><\/figure>\n","protected":false},"excerpt":{"rendered":"<p>Timjami (Thymus vulgaris) tunnetaan antibakteerisena hengitystieongelmia lievitt\u00e4v\u00e4n\u00e4 kasvina, koska se tuhoaa siell\u00e4 tulehdusta aiheuttavia mikrobeja. On tieteellisesti vahvistettu, ett\u00e4 timjamilla&#8230;<\/p>\n","protected":false},"author":1,"featured_media":0,"parent":0,"menu_order":0,"comment_status":"closed","ping_status":"closed","template":"","meta":{"_acf_changed":false,"inline_featured_image":false,"footnotes":""},"class_list":["post-2666","page","type-page","status-publish","hentry"],"acf":[],"_links":{"self":[{"href":"https:\/\/loodu.ee\/fi\/wp-json\/wp\/v2\/pages\/2666","targetHints":{"allow":["GET"]}}],"collection":[{"href":"https:\/\/loodu.ee\/fi\/wp-json\/wp\/v2\/pages"}],"about":[{"href":"https:\/\/loodu.ee\/fi\/wp-json\/wp\/v2\/types\/page"}],"author":[{"embeddable":true,"href":"https:\/\/loodu.ee\/fi\/wp-json\/wp\/v2\/users\/1"}],"replies":[{"embeddable":true,"href":"https:\/\/loodu.ee\/fi\/wp-json\/wp\/v2\/comments?post=2666"}],"version-history":[{"count":3,"href":"https:\/\/loodu.ee\/fi\/wp-json\/wp\/v2\/pages\/2666\/revisions"}],"predecessor-version":[{"id":2832,"href":"https:\/\/loodu.ee\/fi\/wp-json\/wp\/v2\/pages\/2666\/revisions\/2832"}],"wp:attachment":[{"href":"https:\/\/loodu.ee\/fi\/wp-json\/wp\/v2\/media?parent=2666"}],"curies":[{"name":"wp","href":"https:\/\/api.w.org\/{rel}","templated":true}]}}