{"id":2671,"date":"2022-10-28T18:13:14","date_gmt":"2022-10-28T18:13:14","guid":{"rendered":"https:\/\/loodu.ee\/inkivaari\/"},"modified":"2022-11-04T16:24:27","modified_gmt":"2022-11-04T16:24:27","slug":"inkivaari","status":"publish","type":"page","link":"https:\/\/loodu.ee\/fi\/inkivaari\/","title":{"rendered":"Inkiv\u00e4\u00e4ri"},"content":{"rendered":"<div class=\"wp-block-image\">\n<figure class=\"alignright is-resized\"><img loading=\"lazy\" decoding=\"async\" src=\"https:\/\/loodu.ee\/wp-content\/uploads\/2022\/08\/ginger-1714196_1280-250x250.jpg\" alt=\"\" width=\"338\" height=\"338\"\/><\/figure>\n<\/div>\n<p class=\"wp-el\">Tavallisen inkiv\u00e4\u00e4ri (Zingiber officinale) juurakkoa kutsutaan inkiv\u00e4\u00e4riksi. Inkiv\u00e4\u00e4rill\u00e4 on maine flunssal\u00e4\u00e4kkeen\u00e4 ja immuunij\u00e4rjestelm\u00e4n vahvistajana, mink\u00e4 vuoksi inkiv\u00e4\u00e4riteet\u00e4 on juotu ennen kylm\u00e4n s\u00e4\u00e4n tuloa. Hyv\u00e4ksytyn mielipiteen mukaan inkiv\u00e4\u00e4ri voi auttaa tulehdukseen.&#13;\n&#13;\n\u00a0<\/p>\n\n<p class=\"wp-el\">Inkiv\u00e4\u00e4ri tunnettiin muinaisina aikoina Kaakkois-Aasiassa, josta se saapui Eurooppaan keskiajalla. Perinteisess\u00e4 kiinalaisessa l\u00e4\u00e4ketieteess\u00e4 vilustuminen alkuvaiheessa merkitsi kylm\u00e4n tai yinin s\u00e4\u00e4nt\u00f6\u00e4 kehossa. T\u00e4t\u00e4 varten oli k\u00e4ytett\u00e4v\u00e4 l\u00e4mp\u00f6\u00e4 tuottavia kasveja, kuten inkiv\u00e4\u00e4ri\u00e4. Viel\u00e4 muinaisista ajoista tiedet\u00e4\u00e4n, ett\u00e4 inkiv\u00e4\u00e4ri\u00e4 on perinteisesti k\u00e4ytetty pahoinvointia vastaan, mit\u00e4 my\u00f6s tutkimus on tukenut. Hy\u00f6dyllisi\u00e4 ominaisuuksia on l\u00f6ydetty monilta muilta alueilta.&#13;\n&#13;\n<\/p>\n\n<p class=\"wp-el\">Nykyp\u00e4iv\u00e4n tiede selitt\u00e4\u00e4 inkiv\u00e4\u00e4rin anti-inflammatoriset ominaisuudet sen gingerolipitoisuudella. Inkiv\u00e4\u00e4rin koostumuksesta on l\u00f6ydetty my\u00f6s antioksidantteja ja tarpeellisia hivenaineita.&#13;\n<p><a href=\"https:\/\/loodu.ee\/fi\/toode\/mustikka-kurkkusiirappia\/\">Mustikka kurkkusiirappi<\/a><\/p><\/p>\n\n<p class=\"wp-el\"><\/p>\n<div id=\"acf-block_62f3a4927b94c\" class=\"wp-el block-txtmedia\"><div class=\"d-flex flex-wrap\"><div class=\"d-flex--item item--content\">\n\n<p class=\"wp-el\"><\/p>\n\n<\/div><div class=\"d-flex--item position-relative item--media\"><\/div><\/div><\/div>","protected":false},"excerpt":{"rendered":"<p>Tavallisen inkiv\u00e4\u00e4ri (Zingiber officinale) juurakkoa kutsutaan inkiv\u00e4\u00e4riksi. Inkiv\u00e4\u00e4rill\u00e4 on maine flunssal\u00e4\u00e4kkeen\u00e4 ja immuunij\u00e4rjestelm\u00e4n vahvistajana, mink\u00e4 vuoksi inkiv\u00e4\u00e4riteet\u00e4 on juotu ennen&#8230;<\/p>\n","protected":false},"author":1,"featured_media":2258,"parent":0,"menu_order":0,"comment_status":"closed","ping_status":"closed","template":"","meta":{"_acf_changed":false,"inline_featured_image":false,"footnotes":""},"class_list":["post-2671","page","type-page","status-publish","has-post-thumbnail","hentry"],"acf":[],"_links":{"self":[{"href":"https:\/\/loodu.ee\/fi\/wp-json\/wp\/v2\/pages\/2671","targetHints":{"allow":["GET"]}}],"collection":[{"href":"https:\/\/loodu.ee\/fi\/wp-json\/wp\/v2\/pages"}],"about":[{"href":"https:\/\/loodu.ee\/fi\/wp-json\/wp\/v2\/types\/page"}],"author":[{"embeddable":true,"href":"https:\/\/loodu.ee\/fi\/wp-json\/wp\/v2\/users\/1"}],"replies":[{"embeddable":true,"href":"https:\/\/loodu.ee\/fi\/wp-json\/wp\/v2\/comments?post=2671"}],"version-history":[{"count":5,"href":"https:\/\/loodu.ee\/fi\/wp-json\/wp\/v2\/pages\/2671\/revisions"}],"predecessor-version":[{"id":2972,"href":"https:\/\/loodu.ee\/fi\/wp-json\/wp\/v2\/pages\/2671\/revisions\/2972"}],"wp:featuredmedia":[{"embeddable":true,"href":"https:\/\/loodu.ee\/fi\/wp-json\/wp\/v2\/media\/2258"}],"wp:attachment":[{"href":"https:\/\/loodu.ee\/fi\/wp-json\/wp\/v2\/media?parent=2671"}],"curies":[{"name":"wp","href":"https:\/\/api.w.org\/{rel}","templated":true}]}}