{"id":1331,"date":"2021-06-08T08:15:30","date_gmt":"2021-06-08T08:15:30","guid":{"rendered":"https:\/\/loodu.ee\/toode\/kapasalv\/"},"modified":"2025-07-01T00:06:25","modified_gmt":"2025-07-01T00:06:25","slug":"kapasalv","status":"publish","type":"product","link":"https:\/\/loodu.ee\/fi\/toode\/kapasalv\/","title":{"rendered":"Tassusalva"},"content":{"rendered":"<p><strong>K\u00e4ytt\u00f6:<\/strong><\/p>\n<p>Levit\u00e4 ohuena kerroksena tassujen iholle.<\/p>\n<p><strong>Ainesosat:<\/strong><\/p>\n<p>Rapsi\u00f6ljy, karnaubavaha, mehil\u00e4isvaha, sheavoi, teepuu\u00f6ljy, propolis, kamomillauute, etanoli.<\/p>\n<p><strong>Ainesosat (INCI):<\/strong><\/p>\n<p>Brassica Napus Seed Oil, Copernicia Cerifera Wax, Beeswax, Butyrospermum Parkii Butter, Melaleuca Alternifolia Leaf Oil, Propolis Extract, Chamomilla Recutita Extract, Alcohol.<\/p>\n<p><strong>Kuvaus:<\/strong><\/p>\n<p>Karnaubavaha auttaa muodostamaan vahvan suojaavan ja pysyv\u00e4n kerroksen tassujen iholle. Teepuu\u00f6ljyll\u00e4 on mikrobeja tuhoava vaikutus. Kamomilla on tunnettu iho\u00e4rsytyksen lievitt\u00e4j\u00e4. Propolis on muinainen ja perinteinen antimikrobinen aine. Sheavoi kosteuttaa, pehment\u00e4\u00e4 ja suojaa ihoa. Se my\u00f6s v\u00e4hent\u00e4\u00e4 kutinaa, halkeamia ja kipua. Laventelilla on rauhoittava ja kipua lievitt\u00e4v\u00e4 vaikutus. Mehil\u00e4isvahan ansiosta tuote levittyy iholle tasaisesti ja muodostaa kerroksen, joka auttaa s\u00e4ilytt\u00e4m\u00e4\u00e4n ihon kosteuden ja v\u00e4hent\u00e4m\u00e4\u00e4n kuivumista. Mehil\u00e4isvaha edist\u00e4\u00e4 my\u00f6s ihosolujen kasvua. Rapsi\u00f6ljyn monityydyttym\u00e4tt\u00f6m\u00e4t rasvahapot tukevat keramidien ja kollageenin muodostumista ihossa ja yll\u00e4pit\u00e4v\u00e4t siten ihon tervett\u00e4 rakennetta. Rapsi\u00f6ljy sis\u00e4lt\u00e4\u00e4 my\u00f6s E-vitamiinia, joka on iholle hy\u00f6dyllinen antioksidantti, joka parantaa ihosolujen hapensaantia ja vahvistaa kapillaareja.<\/p>\n<p><strong>Lue lis\u00e4\u00e4 ainesosista t\u00e4st\u00e4:<\/strong><\/p>\n<p><a href=\"https:\/\/loodu.ee\/fi\/muut-ainesosat\/karnauba\/\">Karnauba<\/a>, <a href=\"https:\/\/loodu.ee\/fi\/muut-ainesosat\/teepuu\/\">Teepuu<\/a>, <a href=\"https:\/\/loodu.ee\/fi\/pohjoismaiset-ainesosat\/kamomilla\/\">Kamomilla<\/a>, <a href=\"https:\/\/loodu.ee\/fi\/pohjoismaiset-ainesosat\/propolis\/\">Propolis<\/a>, <a href=\"https:\/\/loodu.ee\/fi\/muut-ainesosat\/shea\/\">Shea<\/a>, <a href=\"https:\/\/loodu.ee\/fi\/muut-ainesosat\/laventeli\/\">Laventeli<\/a>, <a href=\"https:\/\/loodu.ee\/fi\/pohjoismaiset-ainesosat\/mehilaisvaha\/\">Mehil\u00e4isvaha<\/a>, <a href=\"https:\/\/loodu.ee\/fi\/muut-ainesosat\/rapsioljy\/\">Rapsi\u00f6ljy<\/a><\/p>\n","protected":false},"excerpt":{"rendered":"<ul>\n<li>Koirien polkuanturoiden ja varpaanv\u00e4lien hoitoon, erityisesti talvikaudella<\/li>\n<li>Pehment\u00e4\u00e4 ja kosteuttaa \u00e4rtynytt\u00e4 ihoa ja muodostaa suojaavan kerroksen polkuanturoihin.<\/li>\n<li>Karnaubavaha<\/li>\n<li>Mehil\u00e4isvaha<\/li>\n<li>Kamomilla<\/li>\n<li>Laventeli<\/li>\n<li>Teepuu<\/li>\n<li>Ei sis\u00e4ll\u00e4 synteettisi\u00e4 ainesosia.<\/li>\n<li>Pakkauskoko: 50 ml<\/li>\n<\/ul>\n","protected":false},"featured_media":1335,"template":"","meta":{"_acf_changed":false,"inline_featured_image":false},"product_brand":[],"product_cat":[46],"product_tag":[],"class_list":{"0":"post-1331","1":"product","2":"type-product","3":"status-publish","4":"has-post-thumbnail","6":"product_cat-lemmikloomale-fi","8":"first","9":"instock","10":"shipping-taxable","11":"purchasable","12":"product-type-simple"},"acf":[],"_links":{"self":[{"href":"https:\/\/loodu.ee\/fi\/wp-json\/wp\/v2\/product\/1331","targetHints":{"allow":["GET"]}}],"collection":[{"href":"https:\/\/loodu.ee\/fi\/wp-json\/wp\/v2\/product"}],"about":[{"href":"https:\/\/loodu.ee\/fi\/wp-json\/wp\/v2\/types\/product"}],"wp:featuredmedia":[{"embeddable":true,"href":"https:\/\/loodu.ee\/fi\/wp-json\/wp\/v2\/media\/1335"}],"wp:attachment":[{"href":"https:\/\/loodu.ee\/fi\/wp-json\/wp\/v2\/media?parent=1331"}],"wp:term":[{"taxonomy":"product_brand","embeddable":true,"href":"https:\/\/loodu.ee\/fi\/wp-json\/wp\/v2\/product_brand?post=1331"},{"taxonomy":"product_cat","embeddable":true,"href":"https:\/\/loodu.ee\/fi\/wp-json\/wp\/v2\/product_cat?post=1331"},{"taxonomy":"product_tag","embeddable":true,"href":"https:\/\/loodu.ee\/fi\/wp-json\/wp\/v2\/product_tag?post=1331"}],"curies":[{"name":"wp","href":"https:\/\/api.w.org\/{rel}","templated":true}]}}