{"id":1694,"date":"2021-06-07T06:20:37","date_gmt":"2021-06-07T06:20:37","guid":{"rendered":"https:\/\/loodu.ee\/toode\/gojimarjaoljy\/"},"modified":"2025-07-01T00:06:26","modified_gmt":"2025-07-01T00:06:26","slug":"gojimarjaoljy","status":"publish","type":"product","link":"https:\/\/loodu.ee\/fi\/toode\/gojimarjaoljy\/","title":{"rendered":"Gojimarja\u00f6ljy"},"content":{"rendered":"<h5>K\u00e4ytt\u00f6:<\/h5>\n<p>Levit\u00e4 kasvoille tai muille ihoalueille tarpeen mukaan. Annostele pumppupullosta muutama tippa gojimarja\u00f6ljy\u00e4 ja hiero hell\u00e4varaisesti puhdistetulle iholle iltaisin. 15 minuutin vaikutusajan j\u00e4lkeen voit tarvittaessa poistaa ylim\u00e4\u00e4r\u00e4isen \u00f6ljyn vanulapulla.<\/p>\n<h5>Ainesosat:<\/h5>\n<p>Rapsi\u00f6ljy, viiniryp\u00e4leensiemen\u00f6ljy, aitapukinpensasuute.<\/p>\n<h5>Ainesosat (INCI):<\/h5>\n<p>Brassica Napus Seed Oil, Vitis Vinifera Seed Oil, Lycium Barbarum Fruit Extract.<\/p>\n<h5>Kuvaus:<\/h5>\n<p>Gojimarjoja kutsutaan ansaitusti nuoruuden l\u00e4hteeksi, koska niill\u00e4 on ainutlaatuinen antioksidanttien tehoa vahvistava vaikutus. Ne auttavat yll\u00e4pit\u00e4m\u00e4\u00e4n ihon kollageenitasoa ja saavat ihon n\u00e4ytt\u00e4m\u00e4\u00e4n nuorekkaalta. Viiniryp\u00e4leensiemen\u00f6ljy imeytyy helposti, kosteuttaa ja pehment\u00e4\u00e4 ihoa ja hidastaa ik\u00e4\u00e4ntymisen merkkej\u00e4. Rapsi\u00f6ljyn monityydyttym\u00e4tt\u00f6m\u00e4t rasvahapot tukevat keramidien ja kollageenin muodostumista ihossa ja yll\u00e4pit\u00e4v\u00e4t siten ihon tervett\u00e4 rakennetta. Lis\u00e4ksi rapsi\u00f6ljy sis\u00e4lt\u00e4\u00e4 E-vitamiinia, joka on iholle hy\u00f6dyllinen antioksidantti.<\/p>\n<p>Lue lis\u00e4\u00e4 ainesosista t\u00e4st\u00e4:<\/p>\n<p><a href=\"https:\/\/loodu.ee\/fi\/muut-ainesosat\/gojimarja\/\">Goji<\/a>, <a href=\"https:\/\/loodu.ee\/fi\/muut-ainesosat\/viinirypale\/\">Viiniryp\u00e4le<\/a>, <a href=\"https:\/\/loodu.ee\/fi\/muut-ainesosat\/rapsioljy\/\">Rapsi\u00f6ljy<\/a><\/p>\n","protected":false},"excerpt":{"rendered":"<ul>\n<li>Kasvojen ihon pintakerroksen kosteutta sitova ja ravitseva \u00f6ljy kuivalle iholle<\/li>\n<li>Ihoa uudistava<\/li>\n<li>Gojimarja<\/li>\n<li>Ei sis\u00e4ll\u00e4 synteettisi\u00e4 ainesosia eik\u00e4 hajusteita.<\/li>\n<li>Pakkauskoko: 15 ml<\/li>\n<\/ul>\n","protected":false},"featured_media":1512,"template":"","meta":{"_acf_changed":false,"inline_featured_image":false},"product_brand":[],"product_cat":[60],"product_tag":[],"class_list":{"0":"post-1694","1":"product","2":"type-product","3":"status-publish","4":"has-post-thumbnail","6":"product_cat-kasvot","8":"first","9":"instock","10":"shipping-taxable","11":"purchasable","12":"product-type-simple"},"acf":[],"_links":{"self":[{"href":"https:\/\/loodu.ee\/fi\/wp-json\/wp\/v2\/product\/1694","targetHints":{"allow":["GET"]}}],"collection":[{"href":"https:\/\/loodu.ee\/fi\/wp-json\/wp\/v2\/product"}],"about":[{"href":"https:\/\/loodu.ee\/fi\/wp-json\/wp\/v2\/types\/product"}],"wp:featuredmedia":[{"embeddable":true,"href":"https:\/\/loodu.ee\/fi\/wp-json\/wp\/v2\/media\/1512"}],"wp:attachment":[{"href":"https:\/\/loodu.ee\/fi\/wp-json\/wp\/v2\/media?parent=1694"}],"wp:term":[{"taxonomy":"product_brand","embeddable":true,"href":"https:\/\/loodu.ee\/fi\/wp-json\/wp\/v2\/product_brand?post=1694"},{"taxonomy":"product_cat","embeddable":true,"href":"https:\/\/loodu.ee\/fi\/wp-json\/wp\/v2\/product_cat?post=1694"},{"taxonomy":"product_tag","embeddable":true,"href":"https:\/\/loodu.ee\/fi\/wp-json\/wp\/v2\/product_tag?post=1694"}],"curies":[{"name":"wp","href":"https:\/\/api.w.org\/{rel}","templated":true}]}}