{"id":1695,"date":"2021-06-08T08:11:01","date_gmt":"2021-06-08T08:11:01","guid":{"rendered":"https:\/\/loodu.ee\/toode\/katajasalva\/"},"modified":"2025-07-01T00:06:25","modified_gmt":"2025-07-01T00:06:25","slug":"katajasalva","status":"publish","type":"product","link":"https:\/\/loodu.ee\/fi\/toode\/katajasalva\/","title":{"rendered":"Katajasalva"},"content":{"rendered":"<p><strong>K\u00e4ytt\u00f6:<\/strong><\/p>\n<p>Levit\u00e4 iholle ja huulille tarpeen mukaan.<\/p>\n<p><strong>Ainesosat:<\/strong><\/p>\n<p>Rapsi\u00f6ljy, mehil\u00e4isvaha, katajanversouute, propolis, alkoholi.<\/p>\n<p><strong>Ainesosat (INCI):<\/strong><\/p>\n<p>Brassica Napus Seed Oil, Beeswax, Juniperus Communis Sprout Extract, Propolis Extract, Alcohol.<\/p>\n<p><strong>Kuvaus:<\/strong><\/p>\n<p>Kataja tunnetaan antimikrobisista ja tulehdusta ehk\u00e4isevist\u00e4 ominaisuuksistaan, ja sill\u00e4 on haavoja ja palovammoja parantava vaikutus. Kaikki n\u00e4m\u00e4 ominaisuudet auttavat nopeuttamaan ihosolujen uusiutumista ja kasvua sek\u00e4 edesauttamaan vaurioituneen ihon uusiutumista. Propolis on muinainen ja perinteinen antimikrobinen aine, jota on k\u00e4ytetty aknen hoitoon.<\/p>\n<p>Mehil\u00e4isvahan ansiosta tuote levittyy iholle tasaisesti ja muodostaa kerroksen, joka auttaa s\u00e4ilytt\u00e4m\u00e4\u00e4n ihon kosteuden ja v\u00e4hent\u00e4m\u00e4\u00e4n kuivumista. Mehil\u00e4isvaha edist\u00e4\u00e4 my\u00f6s ihosolujen kasvua. Rapsi\u00f6ljyn monityydyttym\u00e4tt\u00f6m\u00e4t rasvahapot tukevat keramidien ja kollageenin muodostumista ihossa ja yll\u00e4pit\u00e4v\u00e4t siten ihon tervett\u00e4 rakennetta. Rapsi\u00f6ljy sis\u00e4lt\u00e4\u00e4 my\u00f6s luontaista E-vitamiinia, joka on iholle hy\u00f6dyllinen antioksidantti, joka parantaa ihosolujen hapensaantia ja vahvistaa kapillaareja.<\/p>\n<p><strong>Lue lis\u00e4\u00e4 ainesosista t\u00e4st\u00e4:<\/strong><\/p>\n<p><a href=\"https:\/\/loodu.ee\/fi\/pohjoismaiset-ainesosat\/kataja\/\">Kataja<\/a>, <a href=\"https:\/\/loodu.ee\/fi\/pohjoismaiset-ainesosat\/propolis\/\">Propolis<\/a>, <a href=\"https:\/\/loodu.ee\/fi\/pohjoismaiset-ainesosat\/mehilaisvaha\/\">Mehil\u00e4isvaha<\/a><\/p>\n","protected":false},"excerpt":{"rendered":"<ul>\n<li>Puhdistaa ja pehment\u00e4\u00e4 ihoa ja huulia.<\/li>\n<li>Parantaa ihon pintaverenkiertoa ja sitoo ihon luonnollista kosteutta.<\/li>\n<li>Sopii ihottuman, aknen ja tulehdusten hoitoon.<\/li>\n<li>Katajan latinankielinen nimi <em>Juniperus<\/em> on per\u00e4isin sanoista junio \u2019nuori\u2019 ja parere \u2019tuottaa\u2019, mik\u00e4 voisi tarkoittaa \u2019nuorentaa\u2019, \u2019uudistaa\u2019.<\/li>\n<li>Kataja<\/li>\n<li>Propolis<\/li>\n<li>Mehil\u00e4isvaha<\/li>\n<li>Ei sis\u00e4ll\u00e4 synteettisi\u00e4 ainesosia eik\u00e4 hajusteita. Tuotteeseen ei ole lis\u00e4tty eteerisi\u00e4 \u00f6ljyj\u00e4.<\/li>\n<li>Pakkauskoko: 50 ml<\/li>\n<\/ul>\n","protected":false},"featured_media":1456,"template":"","meta":{"_acf_changed":false,"inline_featured_image":false},"product_brand":[],"product_cat":[60],"product_tag":[],"class_list":{"0":"post-1695","1":"product","2":"type-product","3":"status-publish","4":"has-post-thumbnail","6":"product_cat-kasvot","8":"first","9":"instock","10":"shipping-taxable","11":"purchasable","12":"product-type-simple"},"acf":[],"_links":{"self":[{"href":"https:\/\/loodu.ee\/fi\/wp-json\/wp\/v2\/product\/1695","targetHints":{"allow":["GET"]}}],"collection":[{"href":"https:\/\/loodu.ee\/fi\/wp-json\/wp\/v2\/product"}],"about":[{"href":"https:\/\/loodu.ee\/fi\/wp-json\/wp\/v2\/types\/product"}],"wp:featuredmedia":[{"embeddable":true,"href":"https:\/\/loodu.ee\/fi\/wp-json\/wp\/v2\/media\/1456"}],"wp:attachment":[{"href":"https:\/\/loodu.ee\/fi\/wp-json\/wp\/v2\/media?parent=1695"}],"wp:term":[{"taxonomy":"product_brand","embeddable":true,"href":"https:\/\/loodu.ee\/fi\/wp-json\/wp\/v2\/product_brand?post=1695"},{"taxonomy":"product_cat","embeddable":true,"href":"https:\/\/loodu.ee\/fi\/wp-json\/wp\/v2\/product_cat?post=1695"},{"taxonomy":"product_tag","embeddable":true,"href":"https:\/\/loodu.ee\/fi\/wp-json\/wp\/v2\/product_tag?post=1695"}],"curies":[{"name":"wp","href":"https:\/\/api.w.org\/{rel}","templated":true}]}}