{"id":1702,"date":"2021-06-08T08:01:36","date_gmt":"2021-06-08T08:01:36","guid":{"rendered":"https:\/\/loodu.ee\/toode\/huulibalsami\/"},"modified":"2025-07-01T00:06:26","modified_gmt":"2025-07-01T00:06:26","slug":"huulibalsami","status":"publish","type":"product","link":"https:\/\/loodu.ee\/fi\/toode\/huulibalsami\/","title":{"rendered":"Huulibalsami"},"content":{"rendered":"<p><strong>K\u00e4ytt\u00f6:<\/strong><\/p>\n<p>Levit\u00e4 huulille ohuena kerroksena.<\/p>\n<p><strong>Ainesosat:<\/strong><\/p>\n<p>Rapsi\u00f6ljy, mehil\u00e4isvaha, katajanversouute, kuusenkerkk\u00e4uute.<\/p>\n<p><strong>Ainesosat (INCI):<\/strong><\/p>\n<p>Brassica Napus Seed Oil, Beeswax, Juniperus Communis Sprout Extract, Picea Abies Bud Extract.<\/p>\n<p><strong>Kuvaus:<\/strong><\/p>\n<p>Kataja tunnetaan antimikrobisista sek\u00e4 haavoja ja palovammoja parantavista ominaisuuksistaan. Kaikki n\u00e4m\u00e4 ominaisuudet auttavat nopeuttamaan ihosolujen uusiutumista ja kasvua. Kuusi sis\u00e4lt\u00e4\u00e4 antioksidantteja ja muita hy\u00f6dyllisi\u00e4 aineita, mink\u00e4 vuoksi se soveltuu my\u00f6s vilustumisoireiden lievitt\u00e4miseen. Mehil\u00e4isvahan ansiosta huulivoide levittyy huulille tasaisesti ja muodostaa kerroksen, joka auttaa s\u00e4ilytt\u00e4m\u00e4\u00e4n kosteuden ja v\u00e4hent\u00e4m\u00e4\u00e4n huulien kuivumista. Rapsi\u00f6ljyn monityydyttym\u00e4tt\u00f6m\u00e4t rasvahapot tukevat keramidien ja kollageenin muodostumista ihossa ja yll\u00e4pit\u00e4v\u00e4t siten ihon tervett\u00e4 rakennetta. Rapsi\u00f6ljy sis\u00e4lt\u00e4\u00e4 my\u00f6s E-vitamiinia, joka on iholle hy\u00f6dyllinen antioksidantti, joka parantaa ihosolujen hapensaantia ja vahvistaa kapillaareja.<\/p>\n<p><strong>Lue lis\u00e4\u00e4 ainesosista t\u00e4st\u00e4:<\/strong><\/p>\n<p><a href=\"https:\/\/loodu.ee\/fi\/pohjoismaiset-ainesosat\/kataja\/\">Kataja<\/a>, <a href=\"https:\/\/loodu.ee\/fi\/pohjoismaiset-ainesosat\/kuusi\/\">Kuusi<\/a>, <a href=\"https:\/\/loodu.ee\/fi\/pohjoismaiset-ainesosat\/mehilaisvaha\/\">Mehil\u00e4isvaha<\/a>, <a href=\"https:\/\/loodu.ee\/fi\/muut-ainesosat\/rapsioljy\/\">Rapsi\u00f6ljy<\/a><\/p>\n","protected":false},"excerpt":{"rendered":"<ul>\n<li>Pehment\u00e4v\u00e4 ja hoitava huulibalsami sopii erityisesti kylm\u00e4n tuulen ja paahtavan auringon kuivattamille ja halkeileville huulille.<\/li>\n<li>Sitoo huuliin luonnollista kosteutta.<\/li>\n<li>Auttaa est\u00e4m\u00e4\u00e4n huulien halkeilua.<\/li>\n<li>Rauhoittava ja korjaava<\/li>\n<li>K\u00e4yt\u00e4 aina, kun huulesi tarvitsevat kosteutusta ja suojaa tai kun kaipaat mets\u00e4n kuusien ja katajien tuoksua ja makua pirist\u00e4m\u00e4\u00e4n p\u00e4iv\u00e4\u00e4si.<\/li>\n<li>Kuusi<\/li>\n<li>Kataja<\/li>\n<li>Mehil\u00e4isvaha<\/li>\n<li>Ei sis\u00e4ll\u00e4 synteettisi\u00e4 ainesosia eik\u00e4 hajusteita. Tuotteeseen ei ole lis\u00e4tty eteerisi\u00e4 \u00f6ljyj\u00e4.<\/li>\n<li>Pakkauskoko: 15 ml<\/li>\n<\/ul>\n","protected":false},"featured_media":1498,"template":"","meta":{"_acf_changed":false,"inline_featured_image":false},"product_brand":[],"product_cat":[61],"product_tag":[],"class_list":{"0":"post-1702","1":"product","2":"type-product","3":"status-publish","4":"has-post-thumbnail","6":"product_cat-silmat-ja-huulet","8":"first","9":"instock","10":"shipping-taxable","11":"purchasable","12":"product-type-simple"},"acf":[],"_links":{"self":[{"href":"https:\/\/loodu.ee\/fi\/wp-json\/wp\/v2\/product\/1702","targetHints":{"allow":["GET"]}}],"collection":[{"href":"https:\/\/loodu.ee\/fi\/wp-json\/wp\/v2\/product"}],"about":[{"href":"https:\/\/loodu.ee\/fi\/wp-json\/wp\/v2\/types\/product"}],"wp:featuredmedia":[{"embeddable":true,"href":"https:\/\/loodu.ee\/fi\/wp-json\/wp\/v2\/media\/1498"}],"wp:attachment":[{"href":"https:\/\/loodu.ee\/fi\/wp-json\/wp\/v2\/media?parent=1702"}],"wp:term":[{"taxonomy":"product_brand","embeddable":true,"href":"https:\/\/loodu.ee\/fi\/wp-json\/wp\/v2\/product_brand?post=1702"},{"taxonomy":"product_cat","embeddable":true,"href":"https:\/\/loodu.ee\/fi\/wp-json\/wp\/v2\/product_cat?post=1702"},{"taxonomy":"product_tag","embeddable":true,"href":"https:\/\/loodu.ee\/fi\/wp-json\/wp\/v2\/product_tag?post=1702"}],"curies":[{"name":"wp","href":"https:\/\/api.w.org\/{rel}","templated":true}]}}