{"id":1704,"date":"2021-06-08T08:07:20","date_gmt":"2021-06-08T08:07:20","guid":{"rendered":"https:\/\/loodu.ee\/toode\/hamppusalva\/"},"modified":"2025-07-01T00:06:25","modified_gmt":"2025-07-01T00:06:25","slug":"hamppusalva","status":"publish","type":"product","link":"https:\/\/loodu.ee\/fi\/toode\/hamppusalva\/","title":{"rendered":"Hamppusalva"},"content":{"rendered":"<p><strong>K\u00e4ytt\u00f6:<\/strong><\/p>\n<p>Levit\u00e4 hoitoa tarvitseville ihoalueille.<\/p>\n<p><strong>Ainesosat:<\/strong><\/p>\n<p>Hampunsiemen\u00f6ljy, viiniryp\u00e4leensiemen\u00f6ljy, mehil\u00e4isvaha, hamppu-uute.<\/p>\n<p><strong>Ainesosat (INCI):<\/strong><\/p>\n<p>Cannabis Sativa Seed Oil, Vitis Vinifera Seed Oil, Beeswax, Cannabis Sativa Leaf Extract.<\/p>\n<p><strong>Kuvaus:<\/strong><\/p>\n<p>Hamppu ja CBD-hamppu-uute rauhoittavat vaurioitunutta ja \u00e4rtynytt\u00e4 ihoa.<\/p>\n<p>Viiniryp\u00e4leensiemen\u00f6ljy kosteuttaa, pehment\u00e4\u00e4 ja hidastaa ik\u00e4\u00e4ntymisen merkkej\u00e4. Mehil\u00e4isvahan ansiosta tuote levittyy iholle tasaisesti ja muodostaa kerroksen, joka auttaa s\u00e4ilytt\u00e4m\u00e4\u00e4n ihon kosteuden ja v\u00e4hent\u00e4m\u00e4\u00e4n kuivumista. Mehil\u00e4isvaha edist\u00e4\u00e4 my\u00f6s ihosolujen kasvua.<\/p>\n<p><strong>Lue lis\u00e4\u00e4 ainesosista t\u00e4st\u00e4:<\/strong><\/p>\n<p><a href=\"https:\/\/loodu.ee\/fi\/pohjoismaiset-ainesosat\/hamppu-ja-hamppu-uute\/\">Hamppu ja hamppu-uute<\/a>, <a href=\"https:\/\/loodu.ee\/fi\/muut-ainesosat\/viinirypale\/\">Viiniryp\u00e4le<\/a>, <a href=\"https:\/\/loodu.ee\/fi\/pohjoismaiset-ainesosat\/mehilaisvaha\/\">Mehil\u00e4isvaha<\/a><\/p>\n","protected":false},"excerpt":{"rendered":"<ul>\n<li>Hamppusalva ehk\u00e4isee kosteuden haihtumista iholta ja rauhoittaa ja elvytt\u00e4\u00e4 ihoa. Koska tuote sis\u00e4lt\u00e4\u00e4 runsaasti tyydyttyneit\u00e4 ja tyydyttym\u00e4tt\u00f6mi\u00e4 rasvahappoja, se sopii atooppisen ihon hoitoon ja lievitt\u00e4\u00e4 allergisia reaktioita.<\/li>\n<li>T\u00e4ysspektrinen kannabidioli (CBD)<\/li>\n<li>Hierontaan<\/li>\n<li>Hamppu\u00f6ljy<\/li>\n<li>Mehil\u00e4isvaha<\/li>\n<li>Ei sis\u00e4ll\u00e4 synteettisi\u00e4 ainesosia.<\/li>\n<li>THC &lt; 0,2 %<\/li>\n<li>Tuote on tarkoitettu vain ulkoiseen k\u00e4ytt\u00f6\u00f6n.<\/li>\n<li>Pakkauskoko: 50 ml<\/li>\n<\/ul>\n","protected":false},"featured_media":1465,"template":"","meta":{"_acf_changed":false,"inline_featured_image":false},"product_brand":[],"product_cat":[62],"product_tag":[],"class_list":{"0":"post-1704","1":"product","2":"type-product","3":"status-publish","4":"has-post-thumbnail","6":"product_cat-vartalo-ja-kadet","8":"first","9":"instock","10":"shipping-taxable","11":"purchasable","12":"product-type-simple"},"acf":[],"_links":{"self":[{"href":"https:\/\/loodu.ee\/fi\/wp-json\/wp\/v2\/product\/1704","targetHints":{"allow":["GET"]}}],"collection":[{"href":"https:\/\/loodu.ee\/fi\/wp-json\/wp\/v2\/product"}],"about":[{"href":"https:\/\/loodu.ee\/fi\/wp-json\/wp\/v2\/types\/product"}],"wp:featuredmedia":[{"embeddable":true,"href":"https:\/\/loodu.ee\/fi\/wp-json\/wp\/v2\/media\/1465"}],"wp:attachment":[{"href":"https:\/\/loodu.ee\/fi\/wp-json\/wp\/v2\/media?parent=1704"}],"wp:term":[{"taxonomy":"product_brand","embeddable":true,"href":"https:\/\/loodu.ee\/fi\/wp-json\/wp\/v2\/product_brand?post=1704"},{"taxonomy":"product_cat","embeddable":true,"href":"https:\/\/loodu.ee\/fi\/wp-json\/wp\/v2\/product_cat?post=1704"},{"taxonomy":"product_tag","embeddable":true,"href":"https:\/\/loodu.ee\/fi\/wp-json\/wp\/v2\/product_tag?post=1704"}],"curies":[{"name":"wp","href":"https:\/\/api.w.org\/{rel}","templated":true}]}}