{"id":1707,"date":"2021-06-08T08:03:32","date_gmt":"2021-06-08T08:03:32","guid":{"rendered":"https:\/\/loodu.ee\/toode\/kuusenpihkasalva\/"},"modified":"2025-07-01T00:06:26","modified_gmt":"2025-07-01T00:06:26","slug":"kuusenpihkasalva","status":"publish","type":"product","link":"https:\/\/loodu.ee\/fi\/toode\/kuusenpihkasalva\/","title":{"rendered":"Kuusenpihkasalva"},"content":{"rendered":"<p><strong>K\u00e4ytt\u00f6:<\/strong><\/p>\n<p>Levit\u00e4 2\u20133 kertaa p\u00e4iv\u00e4ss\u00e4 hoitoa tarvitseville ihoalueille.<\/p>\n<p><strong>Ainesosat:<\/strong><\/p>\n<p>Rapsi\u00f6ljy, kuusenpihka, mehil\u00e4isvaha, etanoli.<\/p>\n<p><strong>Ainesosat (INCI):<\/strong><\/p>\n<p>Brassica Napus Seed Oil,\u00a0<span style=\"font-family: Calibri, serif;\">Picea Abies Wood Extract,\u00a0<\/span>Beeswax, Alcohol.<\/p>\n<p><strong>Kuvaus:<\/strong><\/p>\n<p>Kuusenpihka on perinteisess\u00e4 haavanhoidossa Pohjoismaissa k\u00e4ytetty ainesosa, jota on alettu nyt k\u00e4ytt\u00e4\u00e4 uudelleen. Sill\u00e4 voidaan rajoittaa mikrobien ja sienten kasvua, ja nyky\u00e4\u00e4n sen k\u00e4yt\u00f6st\u00e4 on saatu hyvi\u00e4 tuloksia my\u00f6s paine- eli makuuhaavojen hoidossa. Mehil\u00e4isvahan ansiosta tuote levittyy iholle tasaisesti ja muodostaa kerroksen, joka auttaa s\u00e4ilytt\u00e4m\u00e4\u00e4n ihon kosteuden ja v\u00e4hent\u00e4m\u00e4\u00e4n kuivumista. Mehil\u00e4isvaha edist\u00e4\u00e4 my\u00f6s ihosolujen kasvua. Rapsi\u00f6ljyn monityydyttym\u00e4tt\u00f6m\u00e4t rasvahapot tukevat keramidien ja kollageenin muodostumista ihossa ja yll\u00e4pit\u00e4v\u00e4t siten ihon tervett\u00e4 rakennetta. Rapsi\u00f6ljy sis\u00e4lt\u00e4\u00e4 my\u00f6s E-vitamiinia, joka on iholle hy\u00f6dyllinen antioksidantti, joka parantaa ihosolujen hapensaantia ja vahvistaa kapillaareja.<\/p>\n<p><strong>Lue lis\u00e4\u00e4 ainesosista t\u00e4st\u00e4:<\/strong><\/p>\n<p><a href=\"https:\/\/loodu.ee\/fi\/pohjoismaiset-ainesosat\/kuusenpihka\/\">Kuusenpihka<\/a>, <a href=\"https:\/\/loodu.ee\/fi\/pohjoismaiset-ainesosat\/mehilaisvaha\/\">Mehil\u00e4isvaha<\/a>, <a href=\"https:\/\/loodu.ee\/fi\/muut-ainesosat\/rapsioljy\/\">Rapsi\u00f6ljy<\/a><\/p>\n","protected":false},"excerpt":{"rendered":"<ul>\n<li>Salva on tarkoitettu ihovaurioiden, ihon halkeamien (kantap\u00e4\u00e4n halkeamien) ja kuivan ihon hoitoon. Sopii kuiville ja halkeileville huulille.<\/li>\n<li>Salva sopii my\u00f6s ihottumien ja sieni-infektioiden hoitoon. Uudistaa ja rauhoittaa ihoa ja sitoo kosteutta. Muodostaa ohuen, pihkaisen, kevyesti tarttuvan suojakerroksen iholle.<\/li>\n<li>Kuusenpihkalla on antimikrobinen, tulehdusta ehk\u00e4isev\u00e4 ja epiteelikudoksen uusiutumista edist\u00e4v\u00e4 vaikutus.<\/li>\n<li>Kuusenpihka on yksi luonnon vahvimmista antiseptisist\u00e4 aineista, ja sit\u00e4 on k\u00e4ytetty ihon parantamiseen jo muinaisista ajoista l\u00e4htien. Se on historiasta tunnettu haaval\u00e4\u00e4ke, jolla esivanhempamme hoitivat kaikenlaisia iho-ongelmia. Kuusenpihkasta on saatu apu my\u00f6s erilaisten paiseiden, palovammojen, tulehduksellisten haavojen ja hy\u00f6nteisenpuremien hoidossa.<\/li>\n<li>Kuusenpihka<\/li>\n<li>Mehil\u00e4isvaha<\/li>\n<li>Pakkauskoko: 15 ml<\/li>\n<li>Ei sis\u00e4ll\u00e4 synteettisi\u00e4 ainesosia eik\u00e4 hajusteita. Tuotteeseen ei ole lis\u00e4tty eteerisi\u00e4 \u00f6ljyj\u00e4.<\/li>\n<\/ul>\n","protected":false},"featured_media":1485,"template":"","meta":{"_acf_changed":false,"inline_featured_image":false},"product_brand":[],"product_cat":[62],"product_tag":[],"class_list":{"0":"post-1707","1":"product","2":"type-product","3":"status-publish","4":"has-post-thumbnail","6":"product_cat-vartalo-ja-kadet","8":"first","9":"instock","10":"shipping-taxable","11":"purchasable","12":"product-type-simple"},"acf":[],"_links":{"self":[{"href":"https:\/\/loodu.ee\/fi\/wp-json\/wp\/v2\/product\/1707","targetHints":{"allow":["GET"]}}],"collection":[{"href":"https:\/\/loodu.ee\/fi\/wp-json\/wp\/v2\/product"}],"about":[{"href":"https:\/\/loodu.ee\/fi\/wp-json\/wp\/v2\/types\/product"}],"wp:featuredmedia":[{"embeddable":true,"href":"https:\/\/loodu.ee\/fi\/wp-json\/wp\/v2\/media\/1485"}],"wp:attachment":[{"href":"https:\/\/loodu.ee\/fi\/wp-json\/wp\/v2\/media?parent=1707"}],"wp:term":[{"taxonomy":"product_brand","embeddable":true,"href":"https:\/\/loodu.ee\/fi\/wp-json\/wp\/v2\/product_brand?post=1707"},{"taxonomy":"product_cat","embeddable":true,"href":"https:\/\/loodu.ee\/fi\/wp-json\/wp\/v2\/product_cat?post=1707"},{"taxonomy":"product_tag","embeddable":true,"href":"https:\/\/loodu.ee\/fi\/wp-json\/wp\/v2\/product_tag?post=1707"}],"curies":[{"name":"wp","href":"https:\/\/api.w.org\/{rel}","templated":true}]}}