{"id":1708,"date":"2021-06-08T08:12:48","date_gmt":"2021-06-08T08:12:48","guid":{"rendered":"https:\/\/loodu.ee\/toode\/nokkossalva\/"},"modified":"2025-07-01T00:06:25","modified_gmt":"2025-07-01T00:06:25","slug":"nokkossalva","status":"publish","type":"product","link":"https:\/\/loodu.ee\/fi\/toode\/nokkossalva\/","title":{"rendered":"Nokkossalva"},"content":{"rendered":"<p><strong>K\u00e4ytt\u00f6:<\/strong><\/p>\n<p>Levit\u00e4 iholle tarpeen mukaan.<\/p>\n<p><strong>Ainesosat:<\/strong><\/p>\n<p>Rapsi\u00f6ljy, mehil\u00e4isvaha, rautanokkosuute.<\/p>\n<p><strong>Ainesosat (INCI):<\/strong><\/p>\n<p>Brassica Napus Seed Oil, Beeswax, Urtica Urens Flower\/Leaf\/Stem Extract.<\/p>\n<p><strong>Kuvaus:<\/strong><\/p>\n<p>Rautanokkosella on havaittu olevan ihon korjautumista ja solujen kasvua nopeuttavia ominaisuuksia. Sit\u00e4 on k\u00e4ytetty my\u00f6s lievien nivelkipujen lievitt\u00e4miseen. Mehil\u00e4isvahan ansiosta tuote levittyy iholle tasaisesti ja muodostaa kerroksen, joka auttaa s\u00e4ilytt\u00e4m\u00e4\u00e4n ihon kosteuden ja v\u00e4hent\u00e4m\u00e4\u00e4n kuivumista. Mehil\u00e4isvaha edist\u00e4\u00e4 my\u00f6s ihosolujen kasvua. Rapsi\u00f6ljyn monityydyttym\u00e4tt\u00f6m\u00e4t rasvahapot tukevat keramidien ja kollageenin muodostumista ihossa ja yll\u00e4pit\u00e4v\u00e4t siten ihon tervett\u00e4 rakennetta.<\/p>\n<p>Rapsi\u00f6ljy sis\u00e4lt\u00e4\u00e4 my\u00f6s luontaista E-vitamiinia, joka on iholle hy\u00f6dyllinen antioksidantti, joka parantaa ihosolujen hapensaantia ja vahvistaa kapillaareja.<\/p>\n<p><strong>Lue lis\u00e4\u00e4 ainesosista t\u00e4st\u00e4:<\/strong><\/p>\n<p><a href=\"https:\/\/loodu.ee\/fi\/pohjoismaiset-ainesosat\/rautanokkonen\/\">Rautanokkonen<\/a>, <a href=\"https:\/\/loodu.ee\/fi\/pohjoismaiset-ainesosat\/mehilaisvaha\/\">Mehil\u00e4isvaha<\/a>, <a href=\"https:\/\/loodu.ee\/fi\/muut-ainesosat\/rapsioljy\/\">Rapsi\u00f6ljy<\/a><\/p>\n","protected":false},"excerpt":{"rendered":"<ul>\n<li>Puhdistaa, rauhoittaa ja uudistaa ihoa ja parantaa pintaverenkiertoa.<\/li>\n<li>L\u00e4mmitt\u00e4\u00e4 kevyesti ja kiihdytt\u00e4\u00e4 ihon aineenvaihduntaa.<\/li>\n<li>Sopii akneen taipuvaiselle iholle.<\/li>\n<li>Rautanokkonen Mehil\u00e4isvaha<\/li>\n<li>Pakkauskoko: 50 ml<\/li>\n<li>Ei sis\u00e4ll\u00e4 synteettisi\u00e4 ainesosia eik\u00e4 hajusteita. Tuotteeseen ei ole lis\u00e4tty eteerisi\u00e4 \u00f6ljyj\u00e4.<\/li>\n<\/ul>\n","protected":false},"featured_media":1446,"template":"","meta":{"_acf_changed":false,"inline_featured_image":false},"product_brand":[],"product_cat":[62],"product_tag":[],"class_list":{"0":"post-1708","1":"product","2":"type-product","3":"status-publish","4":"has-post-thumbnail","6":"product_cat-vartalo-ja-kadet","8":"first","9":"instock","10":"shipping-taxable","11":"purchasable","12":"product-type-simple"},"acf":[],"_links":{"self":[{"href":"https:\/\/loodu.ee\/fi\/wp-json\/wp\/v2\/product\/1708","targetHints":{"allow":["GET"]}}],"collection":[{"href":"https:\/\/loodu.ee\/fi\/wp-json\/wp\/v2\/product"}],"about":[{"href":"https:\/\/loodu.ee\/fi\/wp-json\/wp\/v2\/types\/product"}],"wp:featuredmedia":[{"embeddable":true,"href":"https:\/\/loodu.ee\/fi\/wp-json\/wp\/v2\/media\/1446"}],"wp:attachment":[{"href":"https:\/\/loodu.ee\/fi\/wp-json\/wp\/v2\/media?parent=1708"}],"wp:term":[{"taxonomy":"product_brand","embeddable":true,"href":"https:\/\/loodu.ee\/fi\/wp-json\/wp\/v2\/product_brand?post=1708"},{"taxonomy":"product_cat","embeddable":true,"href":"https:\/\/loodu.ee\/fi\/wp-json\/wp\/v2\/product_cat?post=1708"},{"taxonomy":"product_tag","embeddable":true,"href":"https:\/\/loodu.ee\/fi\/wp-json\/wp\/v2\/product_tag?post=1708"}],"curies":[{"name":"wp","href":"https:\/\/api.w.org\/{rel}","templated":true}]}}