{"id":1709,"date":"2021-06-08T08:05:28","date_gmt":"2021-06-08T08:05:28","guid":{"rendered":"https:\/\/loodu.ee\/toode\/kehakukkasalva\/"},"modified":"2023-05-01T00:08:36","modified_gmt":"2023-05-01T00:08:36","slug":"kehakukkasalva","status":"publish","type":"product","link":"https:\/\/loodu.ee\/fi\/toode\/kehakukkasalva\/","title":{"rendered":"Keh\u00e4kukkasalva"},"content":{"rendered":"<p><strong>K\u00e4ytt\u00f6:<\/strong><\/p>\n<p>Levit\u00e4 puhdistetulle iholle tarpeen mukaan.<\/p>\n<p><strong>Ainesosat:<\/strong><\/p>\n<p>Rapsi\u00f6ljy, viiniryp\u00e4leensiemen\u00f6ljy, mehil\u00e4isvaha, keh\u00e4kukkauute.<\/p>\n<p><strong>Ainesosat (INCI):<\/strong><\/p>\n<p>Brassica Napus Seed Oil, Vitis Vinifera Seed Oil, Beeswax, Calendula Officinalis Extract.<\/p>\n<p><strong>Kuvaus:<\/strong><\/p>\n<p>Keh\u00e4kukkaa on k\u00e4ytetty ihon naarmujen, auringonpolttamien, paleltumien, palovammojen, hy\u00f6nteisenpuremien ja syylien hoitoon. Keh\u00e4kukka sis\u00e4lt\u00e4\u00e4 karotenoideja, jotka auttavat haavan tai haavakudosten paranemisessa, sek\u00e4 flavonoideja ja terpeenej\u00e4, joilla on tulehdusta ehk\u00e4isev\u00e4 vaikutus. Nopeasti imeytyv\u00e4 viiniryp\u00e4leensiemen\u00f6ljy kosteuttaa ja pehment\u00e4\u00e4 ihoa ja hidastaa ik\u00e4\u00e4ntymisen merkkej\u00e4. Rapsi\u00f6ljyn monityydyttym\u00e4tt\u00f6m\u00e4t rasvahapot tukevat keramidien ja kollageenin muodostumista ihossa ja yll\u00e4pit\u00e4v\u00e4t siten ihon tervett\u00e4 rakennetta. Rapsi\u00f6ljy sis\u00e4lt\u00e4\u00e4 my\u00f6s luontaista E-vitamiinia, joka on iholle hy\u00f6dyllinen antioksidantti, joka parantaa ihosolujen hapensaantia ja vahvistaa kapillaareja.<\/p>\n<p><strong>Lue lis\u00e4\u00e4 ainesosista t\u00e4st\u00e4:<\/strong><\/p>\n<p><a href=\"https:\/\/loodu.ee\/fi\/pohjoismaiset-ainesosat\/kehakukkaa\/\">Keh\u00e4kukka<\/a>, <a href=\"https:\/\/loodu.ee\/fi\/muut-ainesosat\/viinirypale\/\">Viiniryp\u00e4le<\/a>, <a href=\"https:\/\/loodu.ee\/fi\/pohjoismaiset-ainesosat\/mehilaisvaha\/\">Mehil\u00e4isvaha<\/a>, <a href=\"https:\/\/loodu.ee\/fi\/muut-ainesosat\/rapsioljy\/\">Rapsi\u00f6ljy<\/a><\/p>\n","protected":false},"excerpt":{"rendered":"<ul>\n<li>Keh\u00e4kukkasalvalla on kosteutta sitova ja rauhoittava vaikutus, ja se sopii herk\u00e4lle ja kuivalle iholle p\u00e4ivitt\u00e4iseen k\u00e4ytt\u00f6\u00f6n. Parantaa ihon vastustuskyky\u00e4, rakennetta ja ulkon\u00e4k\u00f6\u00e4.<\/li>\n<li>Ei sis\u00e4ll\u00e4 synteettisi\u00e4 ainesosia eik\u00e4 hajusteita. Tuotteeseen ei ole lis\u00e4tty eteerisi\u00e4 \u00f6ljyj\u00e4.<\/li>\n<li>Pakkauskoko: 50 ml<\/li>\n<\/ul>\n","protected":false},"featured_media":1476,"template":"","meta":{"_acf_changed":false,"inline_featured_image":false},"product_brand":[],"product_cat":[62],"product_tag":[],"class_list":{"0":"post-1709","1":"product","2":"type-product","3":"status-publish","4":"has-post-thumbnail","6":"product_cat-vartalo-ja-kadet","8":"first","9":"instock","10":"shipping-taxable","11":"purchasable","12":"product-type-simple"},"acf":[],"_links":{"self":[{"href":"https:\/\/loodu.ee\/fi\/wp-json\/wp\/v2\/product\/1709","targetHints":{"allow":["GET"]}}],"collection":[{"href":"https:\/\/loodu.ee\/fi\/wp-json\/wp\/v2\/product"}],"about":[{"href":"https:\/\/loodu.ee\/fi\/wp-json\/wp\/v2\/types\/product"}],"wp:featuredmedia":[{"embeddable":true,"href":"https:\/\/loodu.ee\/fi\/wp-json\/wp\/v2\/media\/1476"}],"wp:attachment":[{"href":"https:\/\/loodu.ee\/fi\/wp-json\/wp\/v2\/media?parent=1709"}],"wp:term":[{"taxonomy":"product_brand","embeddable":true,"href":"https:\/\/loodu.ee\/fi\/wp-json\/wp\/v2\/product_brand?post=1709"},{"taxonomy":"product_cat","embeddable":true,"href":"https:\/\/loodu.ee\/fi\/wp-json\/wp\/v2\/product_cat?post=1709"},{"taxonomy":"product_tag","embeddable":true,"href":"https:\/\/loodu.ee\/fi\/wp-json\/wp\/v2\/product_tag?post=1709"}],"curies":[{"name":"wp","href":"https:\/\/api.w.org\/{rel}","templated":true}]}}