{"id":1710,"date":"2021-06-07T06:15:31","date_gmt":"2021-06-07T06:15:31","guid":{"rendered":"https:\/\/loodu.ee\/toode\/silmanymparysoljy\/"},"modified":"2025-07-01T00:06:26","modified_gmt":"2025-07-01T00:06:26","slug":"silmanymparysoljy","status":"publish","type":"product","link":"https:\/\/loodu.ee\/fi\/toode\/silmanymparysoljy\/","title":{"rendered":"Silm\u00e4nymp\u00e4rys\u00f6ljy"},"content":{"rendered":"<p><strong>K\u00e4ytt\u00f6:<\/strong><\/p>\n<p>Levit\u00e4 kasvoille silm\u00e4nymp\u00e4rysalueelle tai muille ihoalueille tarpeen mukaan. K\u00e4yt\u00e4 iltaisin. Annostele pumppupullosta muutama tippa tuotetta ja levit\u00e4 hell\u00e4varaisesti hieroen puhdistetulle silm\u00e4nymp\u00e4rysiholle.<\/p>\n<p><strong>Ainesosat:<\/strong><\/p>\n<p>Oliivi\u00f6ljy, viiniryp\u00e4leensiemen\u00f6ljy, vihre\u00e4 tee, argan\u00f6ljy, hampunsiemen\u00f6ljy, kamomillauute, hamppu-uute, laventeliuute, angervouute.<\/p>\n<p><strong>Ainesosat (INCI):<\/strong><\/p>\n<p>Olea Europaea Fruit Oil, Vitis Vinifera Seed Oil, Camellia Sinensis Leaf Extract, Argania Spinosa Kernel Oil, Cannabis Sativa Seed Oil, Chamomilla Recutita Extract, Cannabis Sativa Leaf Extract, Lavandula Angustifolia Extract, Spiraea Ulmaria Extract.<\/p>\n<p><strong>Kuvaus:<\/strong><\/p>\n<p>Hamppu ja CBD-hamppu-uute rauhoittavat vaurioitunutta ja \u00e4rtynytt\u00e4 ihoa. Laventeli edist\u00e4\u00e4 ihon uusiutumista ja antaa nuorekkaamman ulkon\u00e4\u00f6n. Oliivi\u00f6ljy on vahva antioksidantti, joka pehment\u00e4\u00e4 ihoa. Viiniryp\u00e4leensiemen\u00f6ljy kosteuttaa, pehment\u00e4\u00e4 ja hidastaa ik\u00e4\u00e4ntymisen merkkej\u00e4. Argan\u00f6ljy auttaa s\u00e4ilytt\u00e4m\u00e4\u00e4n naisten ihon kauneuden vaihdevuosien j\u00e4lkeenkin. Kamomilla on tunnettu iho\u00e4rsytyksen lievitt\u00e4j\u00e4. Angervo rauhoittaa tulehtunutta ihoa. Vihre\u00e4 tee auttaa v\u00e4hent\u00e4m\u00e4\u00e4n hyaluronidaasia eli luonnollisen hyaluronihapon v\u00e4henemist\u00e4 ihossa ja s\u00e4ilytt\u00e4m\u00e4\u00e4n nuorekkaan ulkon\u00e4\u00f6n.<\/p>\n<p><strong>Lue lis\u00e4\u00e4 ainesosista t\u00e4st\u00e4:<\/strong><\/p>\n<p><a class=\"_ps2id\" href=\"https:\/\/loodu.ee\/fi\/pohjoismaiset-ainesosat\/hamppu-ja-hamppu-uute\/\" data-ps2id-offset=\"\">Hamppu ja hamppu-uute<\/a>, <a href=\"https:\/\/loodu.ee\/fi\/muut-ainesosat\/laventeli\/\">Laventeli<\/a>, <a href=\"https:\/\/loodu.ee\/fi\/muut-ainesosat\/oliivipuu\/\">Oliivipuu<\/a>, <a href=\"https:\/\/loodu.ee\/fi\/muut-ainesosat\/viinirypale\/\">Viiniryp\u00e4le<\/a>, <a href=\"https:\/\/loodu.ee\/fi\/muut-ainesosat\/arganpuu\/\">Arganpuu<\/a>, <a href=\"https:\/\/loodu.ee\/fi\/pohjoismaiset-ainesosat\/kamomilla\/\">Kamomilla<\/a>, <a href=\"https:\/\/loodu.ee\/fi\/pohjoismaiset-ainesosat\/angervo\/\">Angervo<\/a>, <a href=\"https:\/\/loodu.ee\/fi\/muut-ainesosat\/vihrea-tee\/\">Vihre\u00e4 tee<\/a><\/p>\n","protected":false},"excerpt":{"rendered":"<ul>\n<li>Tukee silm\u00e4nymp\u00e4rysalueen ja kasvojen ihon uusiutumista. Silm\u00e4nymp\u00e4rys\u00f6ljy rauhoittaa ja kiinteytt\u00e4\u00e4 ihoa, supistaa ihohuokosia ja tasapainottaa ihon mikrobiomia. Rauhoittava ja kiinteytt\u00e4v\u00e4 silm\u00e4nymp\u00e4rys\u00f6ljy on tarkoitettu kuivalle ja herk\u00e4lle iholle.<\/li>\n<li>Kamomillan, vihre\u00e4n teen, laventelin ja angervon uutteet sis\u00e4lt\u00e4v\u00e4t luontaisia antioksidantteja, jotka auttavat lievitt\u00e4m\u00e4\u00e4n ik\u00e4\u00e4ntymisen merkkej\u00e4.<\/li>\n<li>Oliivi\u00f6ljy ja kevyt viiniryp\u00e4leensiemen\u00f6ljy ravitsevat ihoa ja imeytyv\u00e4t helposti. Argan\u00f6ljy on antioksidantti, joka sis\u00e4lt\u00e4\u00e4 runsaasti rasvahappoja, kuten omega-9:\u00e4\u00e4, joita tarvitaan ihon uusiutumiseen ja ihon stressin v\u00e4hent\u00e4miseen.<\/li>\n<li>Lyhyesti: kamomillaa, laventelia ja angervoa sis\u00e4lt\u00e4v\u00e4 rauhoittava antioksidanttien koktaili<\/li>\n<li>Ei sis\u00e4ll\u00e4 eteerisi\u00e4 \u00f6ljyj\u00e4 eik\u00e4 synteettisi\u00e4 ainesosia.<\/li>\n<li>Pakkauskoko: 15 ml<\/li>\n<\/ul>\n","protected":false},"featured_media":1526,"template":"","meta":{"_acf_changed":false,"inline_featured_image":false},"product_brand":[],"product_cat":[61],"product_tag":[],"class_list":{"0":"post-1710","1":"product","2":"type-product","3":"status-publish","4":"has-post-thumbnail","6":"product_cat-silmat-ja-huulet","8":"first","9":"instock","10":"shipping-taxable","11":"purchasable","12":"product-type-simple"},"acf":[],"_links":{"self":[{"href":"https:\/\/loodu.ee\/fi\/wp-json\/wp\/v2\/product\/1710","targetHints":{"allow":["GET"]}}],"collection":[{"href":"https:\/\/loodu.ee\/fi\/wp-json\/wp\/v2\/product"}],"about":[{"href":"https:\/\/loodu.ee\/fi\/wp-json\/wp\/v2\/types\/product"}],"wp:featuredmedia":[{"embeddable":true,"href":"https:\/\/loodu.ee\/fi\/wp-json\/wp\/v2\/media\/1526"}],"wp:attachment":[{"href":"https:\/\/loodu.ee\/fi\/wp-json\/wp\/v2\/media?parent=1710"}],"wp:term":[{"taxonomy":"product_brand","embeddable":true,"href":"https:\/\/loodu.ee\/fi\/wp-json\/wp\/v2\/product_brand?post=1710"},{"taxonomy":"product_cat","embeddable":true,"href":"https:\/\/loodu.ee\/fi\/wp-json\/wp\/v2\/product_cat?post=1710"},{"taxonomy":"product_tag","embeddable":true,"href":"https:\/\/loodu.ee\/fi\/wp-json\/wp\/v2\/product_tag?post=1710"}],"curies":[{"name":"wp","href":"https:\/\/api.w.org\/{rel}","templated":true}]}}