{"id":2289,"date":"2022-03-11T12:58:40","date_gmt":"2022-03-11T12:58:40","guid":{"rendered":"https:\/\/loodu.ee\/toode\/hanhenrasvasalva\/"},"modified":"2025-07-01T00:06:25","modified_gmt":"2025-07-01T00:06:25","slug":"hanhenrasvasalva","status":"publish","type":"product","link":"https:\/\/loodu.ee\/fi\/toode\/hanhenrasvasalva\/","title":{"rendered":"Hanhenrasvasalva"},"content":{"rendered":"<p><strong>K\u00e4ytt\u00f6ohje:<\/strong><\/p>\n<p>Rint\u00e4keh\u00e4lle sek\u00e4 jalkapohjille voideltavaksi 3 kertaa p\u00e4iv\u00e4ss\u00e4. Sopii alle 3 vuotiaille lapsille. Sopii my\u00f6s ihon suojaksi pakkaselta.<\/p>\n","protected":false},"excerpt":{"rendered":"<ul>\n<li>100% luonnollinen<\/li>\n<li>Flunssan, ysk\u00e4n hoitoksi<\/li>\n<li>Hanhen rasva<\/li>\n<li>Mehil\u00e4isvaha<\/li>\n<li>Koko 40 ml<\/li>\n<li>Ei lis\u00e4ttyj\u00e4 synteettisi\u00e4 aineita tai eetterisi\u00e4 \u00f6ljyj\u00e4<\/li>\n<li>Valmistettu Virossa<\/li>\n<\/ul>\n<p>&nbsp;<\/p>\n<p><strong>Koostumus:<\/strong><br \/>\n<a href=\"https:\/\/loodu.ee\/fi\/goose-fat\/\">Hanhenrasva<\/a>, <a href=\"https:\/\/loodu.ee\/fi\/pohjoismaiset-ainesosat\/mehilaisvaha\/\">mehil\u00e4isvaha<\/a><\/p>\n<p>&nbsp;<\/p>\n<p><strong>Kuvaus:<\/strong><\/p>\n<p>100% luonnollinen tuote, ilman eetterisi\u00e4 \u00f6ljyj\u00e4. Flunssaan, ysk\u00e4\u00e4n. Hanhenrasva, mehil\u00e4isvaha. Kansanperinteest\u00e4 tunnetu koostumus.<\/p>\n<p>&nbsp;<\/p>\n<p>Kansanperinteess\u00e4 hanhirasvaa on k\u00e4ytetty flunsaan sek\u00e4 ysk\u00e4\u00e4n, erityisesti lapsille. L\u00e4mmitetyll\u00e4 hanhen rasvalla voideltiin rint\u00e4keh\u00e4\u00e4 flunssan tai ysk\u00e4n aikana sek\u00e4 k\u00e4ytettiin irrottamaan sitke\u00e4\u00e4 limaa. Historiaalisesti sit\u00e4 on k\u00e4ytetty jo hyvin pitk\u00e4\u00e4n.<\/p>\n<p>&nbsp;<\/p>\n<p>Hanhen rasva sis\u00e4lt\u00e4\u00e4 ison m\u00e4\u00e4r\u00e4n (n20%) palmitiinihappoa, jonka ansiosta sill\u00e4 on h\u00f6ydyllisi\u00e4 ominaisuuksia. Palmitiinihapon tulehdusta hillitsev\u00e4st\u00e4 vaikutuksesta on tieteellist\u00e4 n\u00e4ytt\u00f6\u00e4, joten se voi lievitt\u00e4\u00e4 flunssan sek\u00f6 ysk\u00e4n oireita. Sen tyyppiseet tyydyttynyt rasvahapot tukee immuunij\u00e4rjestelm\u00e4\u00e4.<\/p>\n<p>&nbsp;<\/p>\n<p>Hanhen rasvalla on todettu my\u00f6s masennusta lievitt\u00e4vi\u00e4 vaikutuksia. Iholla k\u00e4ytettyn\u00e4 se suojaa pakkaselta sek\u00e4 my\u00f6s lievien paleltumavammojen hoidossa siit\u00e4 on apua. Jopa haavojen hoitossa on hanhen rasvaa k\u00e4ytetty.<\/p>\n","protected":false},"featured_media":1976,"template":"","meta":{"_acf_changed":false,"inline_featured_image":false},"product_brand":[],"product_cat":[68],"product_tag":[],"class_list":{"0":"post-2289","1":"product","2":"type-product","3":"status-publish","4":"has-post-thumbnail","6":"product_cat-tuotetyypit","8":"first","9":"instock","10":"shipping-taxable","11":"purchasable","12":"product-type-simple"},"acf":[],"_links":{"self":[{"href":"https:\/\/loodu.ee\/fi\/wp-json\/wp\/v2\/product\/2289","targetHints":{"allow":["GET"]}}],"collection":[{"href":"https:\/\/loodu.ee\/fi\/wp-json\/wp\/v2\/product"}],"about":[{"href":"https:\/\/loodu.ee\/fi\/wp-json\/wp\/v2\/types\/product"}],"wp:featuredmedia":[{"embeddable":true,"href":"https:\/\/loodu.ee\/fi\/wp-json\/wp\/v2\/media\/1976"}],"wp:attachment":[{"href":"https:\/\/loodu.ee\/fi\/wp-json\/wp\/v2\/media?parent=2289"}],"wp:term":[{"taxonomy":"product_brand","embeddable":true,"href":"https:\/\/loodu.ee\/fi\/wp-json\/wp\/v2\/product_brand?post=2289"},{"taxonomy":"product_cat","embeddable":true,"href":"https:\/\/loodu.ee\/fi\/wp-json\/wp\/v2\/product_cat?post=2289"},{"taxonomy":"product_tag","embeddable":true,"href":"https:\/\/loodu.ee\/fi\/wp-json\/wp\/v2\/product_tag?post=2289"}],"curies":[{"name":"wp","href":"https:\/\/api.w.org\/{rel}","templated":true}]}}