{"id":2291,"date":"2022-03-29T12:38:18","date_gmt":"2022-03-29T12:38:18","guid":{"rendered":"https:\/\/loodu.ee\/toode\/tervavoide\/"},"modified":"2025-07-01T00:06:25","modified_gmt":"2025-07-01T00:06:25","slug":"tervavoide","status":"publish","type":"product","link":"https:\/\/loodu.ee\/fi\/toode\/tervavoide\/","title":{"rendered":"Tervasalva"},"content":{"rendered":"<h5>K\u00c4YTT\u00c4\u00c4:<\/h5>\n<p>Levit\u00e4 ohut kerros iholle kolme kertaa p\u00e4iv\u00e4ss\u00e4.<\/p>\n<h5>AINESOSAT:<\/h5>\n<p>Oliivi\u00f6ljy, koivuterva, mehil\u00e4isvaha.<\/p>\n<h5>INCI-nimi\u00e4 ainesosia<\/h5>\n<p>Olea Europaea Fruit Oil, Betula Pendula Roth Tar Oil, Beeswax.<\/p>\n<h5>YKSITYISKOHTAINEN KUVAUS:<\/h5>\n<p>Kauniimpi iho, 100% luonnollinen. Finnelliseen ja akneen taipuvaisen ihon hoitoon. Koivutervalla on perinteisesti hoidettu iho-ongelmia, kuten akneen taipuvainen iho, halkeamia, n\u00e4ppyl\u00f6it\u00e4 ja kutisevaa ihoa.<\/p>\n<h5>LUE LIS\u00c4\u00c4 OSISTA T\u00c4\u00c4LT\u00c4:<\/h5>\n<p><a href=\"https:\/\/loodu.ee\/fi\/koivuterva\/\">Koivuterva<\/a>, <a href=\"https:\/\/loodu.ee\/fi\/muut-ainesosat\/oliivipuu\/\">oliivi\u00f6ljy<\/a><\/p>\n<p>&nbsp;<\/p>\n","protected":false},"excerpt":{"rendered":"<ul>\n<li>100 % luonnollinen<\/li>\n<li>Koivuterva<\/li>\n<li>Oliivi\u00f6ljy<\/li>\n<li>Mehil\u00e4isvaha<\/li>\n<li>Koko 40 ml<\/li>\n<li>Ei sis\u00e4ll\u00e4 synteettisi\u00e4 ja hajusteita<\/li>\n<li>Valmistettu Virossa<\/li>\n<\/ul>\n","protected":false},"featured_media":2852,"template":"","meta":{"_acf_changed":false,"inline_featured_image":false},"product_brand":[],"product_cat":[60,62],"product_tag":[],"class_list":{"0":"post-2291","1":"product","2":"type-product","3":"status-publish","4":"has-post-thumbnail","6":"product_cat-kasvot","7":"product_cat-vartalo-ja-kadet","9":"first","10":"instock","11":"shipping-taxable","12":"purchasable","13":"product-type-simple"},"acf":[],"_links":{"self":[{"href":"https:\/\/loodu.ee\/fi\/wp-json\/wp\/v2\/product\/2291","targetHints":{"allow":["GET"]}}],"collection":[{"href":"https:\/\/loodu.ee\/fi\/wp-json\/wp\/v2\/product"}],"about":[{"href":"https:\/\/loodu.ee\/fi\/wp-json\/wp\/v2\/types\/product"}],"wp:featuredmedia":[{"embeddable":true,"href":"https:\/\/loodu.ee\/fi\/wp-json\/wp\/v2\/media\/2852"}],"wp:attachment":[{"href":"https:\/\/loodu.ee\/fi\/wp-json\/wp\/v2\/media?parent=2291"}],"wp:term":[{"taxonomy":"product_brand","embeddable":true,"href":"https:\/\/loodu.ee\/fi\/wp-json\/wp\/v2\/product_brand?post=2291"},{"taxonomy":"product_cat","embeddable":true,"href":"https:\/\/loodu.ee\/fi\/wp-json\/wp\/v2\/product_cat?post=2291"},{"taxonomy":"product_tag","embeddable":true,"href":"https:\/\/loodu.ee\/fi\/wp-json\/wp\/v2\/product_tag?post=2291"}],"curies":[{"name":"wp","href":"https:\/\/api.w.org\/{rel}","templated":true}]}}