{"id":2293,"date":"2022-03-28T11:14:31","date_gmt":"2022-03-28T11:14:31","guid":{"rendered":"https:\/\/loodu.ee\/toode\/cbd-tassubalsami\/"},"modified":"2025-07-01T00:06:25","modified_gmt":"2025-07-01T00:06:25","slug":"cbd-tassubalsami","status":"publish","type":"product","link":"https:\/\/loodu.ee\/fi\/toode\/cbd-tassubalsami\/","title":{"rendered":"CBD Tassubalsami"},"content":{"rendered":"<h5>K\u00c4YTT\u00c4\u00c4:<\/h5>\n<p>Levit\u00e4 tassujen iholle tai turkille. Vain ulkoiseen k\u00e4ytt\u00f6\u00f6n.<\/p>\n<h5>AINESOSAT:<\/h5>\n<p>Rypsi\u00f6ljy, ryp\u00e4leensiemen\u00f6ljy, hampunsiemen\u00f6ljy, kookos\u00f6ljy, hamppuuute, oliivi\u00f6ljy, mehil\u00e4isvaha, kittivaha, keh\u00e4kukkauute, kamomillauute, laventeliuute.<\/p>\n<h5>INCI-nimi\u00e4 ainesosia<\/h5>\n<p>Brassica Napus Seed Oil, Vitis Vinifera Seed Oil, Cannabis Sativa Seed Oil, Cocos Nucifera Oil, Cannabis Sativa Leaf Extract, Olea Europaea Fruit Oil, Beeswax, Propolis Extract, Calendula Officinalis Extract, Chamomilla Recutita Extract, Lavandula Angustifolia Extract.<\/p>\n<h5>KUVAUS:<\/h5>\n<p>Rauhoittaa ja pehment\u00e4\u00e4, t\u00e4yden spektrin CBD, 100 % luonnollinen. Lievitt\u00e4\u00e4 koirien tassujen ja ihon \u00e4rsytyst\u00e4. THC &lt; 0,2 %.<\/p>\n<h5>LUE LIS\u00c4\u00c4 OSISTA T\u00c4\u00c4LT\u00c4:<\/h5>\n<p><a href=\"https:\/\/loodu.ee\/fi\/pohjoismaiset-ainesosat\/hamppu-ja-hamppu-uute\/\">Hamppu<\/a>, <a href=\"https:\/\/loodu.ee\/fi\/muut-ainesosat\/laventeli\/\">Laventeli<\/a>, <a href=\"https:\/\/loodu.ee\/fi\/pohjoismaiset-ainesosat\/propolis\/\">Kittivaha<\/a>, <a href=\"https:\/\/loodu.ee\/fi\/muut-ainesosat\/viinirypale\/\">Viiniryp\u00e4le<\/a><\/p>\n","protected":false},"excerpt":{"rendered":"<ul>\n<li>100 % luonnollinen, ilman eteerist\u00e4 \u00f6ljy\u00e4<\/li>\n<li>CBD<\/li>\n<li>Kannabis<\/li>\n<li>Mehil\u00e4isvaha<\/li>\n<li>Koko 50 ml<\/li>\n<li>Ei sis\u00e4ll\u00e4 synteettisi\u00e4 ja hajusteita<\/li>\n<li>Valmistettu Virossa<\/li>\n<\/ul>\n","protected":false},"featured_media":2921,"template":"","meta":{"_acf_changed":false,"inline_featured_image":false},"product_brand":[],"product_cat":[46],"product_tag":[],"class_list":{"0":"post-2293","1":"product","2":"type-product","3":"status-publish","4":"has-post-thumbnail","6":"product_cat-lemmikloomale-fi","8":"first","9":"instock","10":"shipping-taxable","11":"purchasable","12":"product-type-simple"},"acf":[],"_links":{"self":[{"href":"https:\/\/loodu.ee\/fi\/wp-json\/wp\/v2\/product\/2293","targetHints":{"allow":["GET"]}}],"collection":[{"href":"https:\/\/loodu.ee\/fi\/wp-json\/wp\/v2\/product"}],"about":[{"href":"https:\/\/loodu.ee\/fi\/wp-json\/wp\/v2\/types\/product"}],"wp:featuredmedia":[{"embeddable":true,"href":"https:\/\/loodu.ee\/fi\/wp-json\/wp\/v2\/media\/2921"}],"wp:attachment":[{"href":"https:\/\/loodu.ee\/fi\/wp-json\/wp\/v2\/media?parent=2293"}],"wp:term":[{"taxonomy":"product_brand","embeddable":true,"href":"https:\/\/loodu.ee\/fi\/wp-json\/wp\/v2\/product_brand?post=2293"},{"taxonomy":"product_cat","embeddable":true,"href":"https:\/\/loodu.ee\/fi\/wp-json\/wp\/v2\/product_cat?post=2293"},{"taxonomy":"product_tag","embeddable":true,"href":"https:\/\/loodu.ee\/fi\/wp-json\/wp\/v2\/product_tag?post=2293"}],"curies":[{"name":"wp","href":"https:\/\/api.w.org\/{rel}","templated":true}]}}