{"id":2294,"date":"2022-03-18T12:04:48","date_gmt":"2022-03-18T12:04:48","guid":{"rendered":"https:\/\/loodu.ee\/toode\/katajasiirappi\/"},"modified":"2025-07-01T00:06:25","modified_gmt":"2025-07-01T00:06:25","slug":"katajasiirappi","status":"publish","type":"product","link":"https:\/\/loodu.ee\/fi\/toode\/katajasiirappi\/","title":{"rendered":"Katajasiirappi"},"content":{"rendered":"<h5><\/h5>\n<h5>K\u00c4YTT\u00c4\u00c4:<\/h5>\n<p>Sopii nautittavaksi teelusikallisen kanssa kolme kertaa p\u00e4iv\u00e4ss\u00e4. Voidaan lis\u00e4t\u00e4 j\u00e4\u00e4tel\u00f6\u00f6n, juomiin, marinadeihin, j\u00e4lkiruokiin ja leivonnaisiin. Ravista ennen k\u00e4ytt\u00f6\u00e4! Viisi teelusikallista eli 25 ml tuotetta sis\u00e4lt\u00e4\u00e4 549 mg katajan versoja.<\/p>\n<h5>AINESOSAT:<\/h5>\n<p>Ainesosat: sokeri, vesi, katajanversot (1,8%).<\/p>\n<h5>RAVINTORYHM\u00c4TIEDOT (100 G):<\/h5>\n<table style=\"width: 413px;\">\n<tbody>\n<tr>\n<td style=\"width: 219px;\" width=\"215\">Energiapitoisuus<\/td>\n<td style=\"width: 194px;\" width=\"189\">1198kJ\/282kcal (14,1% p\u00e4ivitt\u00e4isest\u00e4 viitem\u00e4\u00e4r\u00e4st\u00e4)<\/td>\n<\/tr>\n<tr>\n<td style=\"width: 219px;\" width=\"215\">Rasvat, mukaan lukien:<\/p>\n<p>Tyydytetyt rasvahapot<\/td>\n<td style=\"width: 194px;\" width=\"189\">0,73g (1,0%)<\/p>\n<p>0,27g (1,4%)<\/td>\n<\/tr>\n<tr>\n<td style=\"width: 219px;\" width=\"215\">Hiilihydraatit, mukaan lukien:<\/p>\n<p>Sokereita<\/td>\n<td style=\"width: 194px;\" width=\"189\">68,8g (26,5%)<\/p>\n<p>67,8g (75,3%)<\/td>\n<\/tr>\n<tr>\n<td style=\"width: 219px;\" width=\"215\">Proteiinit<\/td>\n<td style=\"width: 194px;\" width=\"189\">&lt;0,10g (0,2%)<\/td>\n<\/tr>\n<tr>\n<td style=\"width: 219px;\" width=\"215\">Suola<\/td>\n<td style=\"width: 194px;\" width=\"189\">0,01g (0,2%)<\/td>\n<\/tr>\n<\/tbody>\n<\/table>\n<h5>KUVAUS:<\/h5>\n<p>Siirappi katajanversoista ja sokerista.<\/p>\n<p>K\u00e4sintehty Virossa<\/p>\n<p>LOODU Katajasiirappi sopii k\u00e4ytett\u00e4v\u00e4ksi makeissa ja ei-makeissa kastikkeissa, liharuokissa, marinadeissa, leivonnaisissa ja t\u00e4ytteiss\u00e4. My\u00f6s pannukakkujen kanssa sy\u00f6t\u00e4v\u00e4ksi, salaattikastikkeessa, vinegrettess\u00e4, riisivanukas, kastikkeena j\u00e4\u00e4tel\u00f6n p\u00e4\u00e4lle tai p\u00e4\u00e4lle, jogurtin maustamiseen sek\u00e4 alkoholittomiin ja alkoholipitoisiin cocktaileihin, joissa voit korvata ginin alkoholittomana ainesosana tai limonadeissa. Sopii hyvin pekonin, kinkun ja tomaattikastikkeen kanssa, mik\u00e4 tekee siit\u00e4 mielenkiintoisen k\u00e4ytett\u00e4v\u00e4n pastakastikkeessa. Voidaan lis\u00e4t\u00e4 kuumaan teehen makeutusaineena. K\u00e4ytt\u00f6 on samanlaista kuin vaahterasiirappia.<\/p>\n<p>Uskomme, ett\u00e4 tuotteemme auttaa tuomaan uutta makua ja el\u00e4myst\u00e4 yksitoikkoiseen p\u00e4iv\u00e4\u00e4n. Katajan voiman saamiseksi tuote voidaan ottaa teelusikalla kolme kertaa p\u00e4iv\u00e4ss\u00e4. Viisi teelusikallista eli 25 ml tuotetta sis\u00e4lt\u00e4\u00e4 549 mg Viron katajanversoja. Tuotteen m\u00e4\u00e4r\u00e4 pullossa on 244 g ja tuote on valmistettu Virossa<\/p>\n<h5>LUE LIS\u00c4\u00c4 OSISTA T\u00c4\u00c4LT\u00c4:<\/h5>\n<p><a href=\"https:\/\/loodu.ee\/fi\/pohjoismaiset-ainesosat\/kataja\/\">Kataja<\/a><\/p>\n","protected":false},"excerpt":{"rendered":"<ul>\n<li>Kataja<\/li>\n<li>Nettom\u00e4\u00e4r\u00e4: 244 g<\/li>\n<li>Valmistettu Virossa<\/li>\n<\/ul>\n","protected":false},"featured_media":2030,"template":"","meta":{"_acf_changed":false,"inline_featured_image":false},"product_brand":[],"product_cat":[78],"product_tag":[],"class_list":{"0":"post-2294","1":"product","2":"type-product","3":"status-publish","4":"has-post-thumbnail","6":"product_cat-elintarvikkeet","8":"first","9":"instock","10":"shipping-taxable","11":"purchasable","12":"product-type-simple"},"acf":[],"_links":{"self":[{"href":"https:\/\/loodu.ee\/fi\/wp-json\/wp\/v2\/product\/2294","targetHints":{"allow":["GET"]}}],"collection":[{"href":"https:\/\/loodu.ee\/fi\/wp-json\/wp\/v2\/product"}],"about":[{"href":"https:\/\/loodu.ee\/fi\/wp-json\/wp\/v2\/types\/product"}],"wp:featuredmedia":[{"embeddable":true,"href":"https:\/\/loodu.ee\/fi\/wp-json\/wp\/v2\/media\/2030"}],"wp:attachment":[{"href":"https:\/\/loodu.ee\/fi\/wp-json\/wp\/v2\/media?parent=2294"}],"wp:term":[{"taxonomy":"product_brand","embeddable":true,"href":"https:\/\/loodu.ee\/fi\/wp-json\/wp\/v2\/product_brand?post=2294"},{"taxonomy":"product_cat","embeddable":true,"href":"https:\/\/loodu.ee\/fi\/wp-json\/wp\/v2\/product_cat?post=2294"},{"taxonomy":"product_tag","embeddable":true,"href":"https:\/\/loodu.ee\/fi\/wp-json\/wp\/v2\/product_tag?post=2294"}],"curies":[{"name":"wp","href":"https:\/\/api.w.org\/{rel}","templated":true}]}}