{"id":2295,"date":"2022-03-16T16:40:57","date_gmt":"2022-03-16T16:40:57","guid":{"rendered":"https:\/\/loodu.ee\/toode\/mustikka-kurkkusiirappia\/"},"modified":"2025-07-01T00:06:25","modified_gmt":"2025-07-01T00:06:25","slug":"mustikka-kurkkusiirappia","status":"publish","type":"product","link":"https:\/\/loodu.ee\/fi\/toode\/mustikka-kurkkusiirappia\/","title":{"rendered":"Mustikka kurkkusiirappi"},"content":{"rendered":"<h5>K\u00c4YTT\u00c4\u00c4:<\/h5>\n<p>Yksi &#8211; viisi teelusikallista kolme kertaa p\u00e4iv\u00e4ss\u00e4 sopii nautittavaksi teelusikallisen kanssa. Ravista ennen k\u00e4ytt\u00f6\u00e4! Viisi teelusikallista eli 25 ml tuotetta sis\u00e4lt\u00e4\u00e4 8,5 g mustikoita. Voidaan lis\u00e4t\u00e4 j\u00e4\u00e4tel\u00f6\u00f6n, juomiin, marinadeihin, j\u00e4lkiruokiin ja leivonnaisiin.<\/p>\n<h5>AINESOSAT:<\/h5>\n<p>Ainesosat: sokeri (59,2%), mustikat (36%), vesi, etanoli (0,5%), inkiv\u00e4\u00e4ri, propolis.<\/p>\n<p><span style=\"font-size: 16px;\">RAVINTORYHM\u00c4TIEDOT (100 g):<\/span><\/p>\n<table>\n<tbody>\n<tr>\n<td width=\"215\">Energiasis\u00e4lt\u00f6<\/td>\n<td width=\"189\">1128kJ\/266kcal (13,3% p\u00e4ivitt\u00e4isest\u00e4 viitem\u00e4\u00e4r\u00e4st\u00e4)<\/td>\n<\/tr>\n<tr>\n<td width=\"215\">Rasvat, mukaan lukien:<\/p>\n<p>Tyydytetyt rasvahapot<\/td>\n<td width=\"189\">0,66g (0,9%)<\/p>\n<p>0,25g (1,3%)<\/td>\n<\/tr>\n<tr>\n<td width=\"215\">Hiilihydraatit, mukaan lukien:<\/p>\n<p>Sokereita<\/td>\n<td width=\"189\">64,7g (24,9%)<\/p>\n<p>64,6g (71,8%)<\/td>\n<\/tr>\n<tr>\n<td width=\"215\">Proteiinit<\/td>\n<td width=\"189\">&lt;0,10g (0,2%)<\/td>\n<\/tr>\n<tr>\n<td width=\"215\">Suola<\/td>\n<td width=\"189\">0,01g (0,2%)<\/td>\n<\/tr>\n<\/tbody>\n<\/table>\n<h5>KUVAUS:<\/h5>\n<p>Siirappi mustikoista, inkiv\u00e4\u00e4rist\u00e4, propolisista ja sokerista.<\/p>\n<p>Tuotteiden terveysv\u00e4itteet: Mustikka on tunnettu antioksidanttien l\u00e4hde. Inkiv\u00e4\u00e4ri voi auttaa tulehdukseen.<\/p>\n<p>\u00c4l\u00e4 k\u00e4yt\u00e4 tuotetta monipuolisen ruokavalion korvikkeena! Monipuolinen ja tasapainoinen ruokavalio ja terveellisten el\u00e4m\u00e4ntapojen noudattaminen on t\u00e4rke\u00e4\u00e4.<\/p>\n<p>Sopii pienille lapsille.<\/p>\n<p>K\u00e4sintehty Virossa<\/p>\n<h5>LUE LIS\u00c4\u00c4 OSISTA T\u00c4\u00c4LT\u00c4:<\/h5>\n<p><a href=\"https:\/\/loodu.ee\/fi\/mustikka\/\">Mustikka<\/a>, <a href=\"https:\/\/loodu.ee\/fi\/pohjoismaiset-ainesosat\/propolis\/\">propolis<\/a>, <a href=\"https:\/\/loodu.ee\/fi\/inkivaari\/\">inkiv\u00e4\u00e4ri<\/a><\/p>\n<p>&nbsp;<\/p>\n<p>&nbsp;<\/p>\n<p>&nbsp;<\/p>\n","protected":false},"excerpt":{"rendered":"<ul>\n<li>Mustikka<\/li>\n<li>Inkiv\u00e4\u00e4ri<\/li>\n<li>Propolis<\/li>\n<li>Nettom\u00e4\u00e4r\u00e4: 244 g<\/li>\n<li>Valmistettu Virossa<\/li>\n<\/ul>\n","protected":false},"featured_media":2022,"template":"","meta":{"_acf_changed":false,"inline_featured_image":false},"product_brand":[],"product_cat":[78],"product_tag":[],"class_list":{"0":"post-2295","1":"product","2":"type-product","3":"status-publish","4":"has-post-thumbnail","6":"product_cat-elintarvikkeet","8":"first","9":"instock","10":"shipping-taxable","11":"purchasable","12":"product-type-simple"},"acf":[],"_links":{"self":[{"href":"https:\/\/loodu.ee\/fi\/wp-json\/wp\/v2\/product\/2295","targetHints":{"allow":["GET"]}}],"collection":[{"href":"https:\/\/loodu.ee\/fi\/wp-json\/wp\/v2\/product"}],"about":[{"href":"https:\/\/loodu.ee\/fi\/wp-json\/wp\/v2\/types\/product"}],"wp:featuredmedia":[{"embeddable":true,"href":"https:\/\/loodu.ee\/fi\/wp-json\/wp\/v2\/media\/2022"}],"wp:attachment":[{"href":"https:\/\/loodu.ee\/fi\/wp-json\/wp\/v2\/media?parent=2295"}],"wp:term":[{"taxonomy":"product_brand","embeddable":true,"href":"https:\/\/loodu.ee\/fi\/wp-json\/wp\/v2\/product_brand?post=2295"},{"taxonomy":"product_cat","embeddable":true,"href":"https:\/\/loodu.ee\/fi\/wp-json\/wp\/v2\/product_cat?post=2295"},{"taxonomy":"product_tag","embeddable":true,"href":"https:\/\/loodu.ee\/fi\/wp-json\/wp\/v2\/product_tag?post=2295"}],"curies":[{"name":"wp","href":"https:\/\/api.w.org\/{rel}","templated":true}]}}