{"id":2296,"date":"2022-03-11T13:03:04","date_gmt":"2022-03-11T13:03:04","guid":{"rendered":"https:\/\/loodu.ee\/toode\/nenasalvi\/"},"modified":"2025-07-01T00:06:25","modified_gmt":"2025-07-01T00:06:25","slug":"nenasalvi","status":"publish","type":"product","link":"https:\/\/loodu.ee\/fi\/toode\/nenasalvi\/","title":{"rendered":"Nen\u00e4salva"},"content":{"rendered":"<h5>K\u00c4YTT\u00c4\u00c4:<\/h5>\n<p>Levit\u00e4 salva nen\u00e4\u00e4n tai nen\u00e4n alueelle useita kertoja p\u00e4iv\u00e4ss\u00e4 ja ennen nukkumaanmenoa.<\/p>\n<h5>AINESOSAT:<\/h5>\n<p>Oliivi\u00f6ljy, vesi, kookos\u00f6ljy, mehil\u00e4isvaha, lanoliini, timjamiuute, suopursuuute, eteerinen eukalyptus\u00f6ljy, piparmintun eteerinen \u00f6ljy, kittivaha, etanoli. Allergeenit limoneeni ja linalool.<\/p>\n<h5>INCI-NIMEN AINESOSAT<\/h5>\n<p>Olea Europaea Fruit Oil, Aqua, Cocos Nucifera Oil, Beeswax, Lanolin, Thymus Vulgaris Extract, Ledum Palustre Extract, Eucalyptus Globulus Leaf Oil, Mentha Piperita Oil, Propolis Extract, Alcohol. Allergens limonene, linalool.<\/p>\n<h5>KUVAUS:<\/h5>\n<p>LOODU nen\u00e4salva soveltuu hengityksen helpottamiseen vilustumisen yhteydess\u00e4, virkist\u00e4v\u00e4 ja kosteuttava punoittava ja kuiva nen\u00e4. Vaikka se on tarkoitettu p\u00e4\u00e4asiassa kylm\u00e4lle s\u00e4\u00e4lle, se sopii my\u00f6s kes\u00e4n kuiviin. LOODU-nen\u00e4salva tulee levitt\u00e4\u00e4 nen\u00e4\u00e4n tai nen\u00e4n alueelle useita kertoja p\u00e4iv\u00e4ss\u00e4 ja ennen nukkumaanmenoa. Tuote sis\u00e4lt\u00e4\u00e4 luonnosta per\u00e4isin olevia komponentteja, joita on perinteisesti k\u00e4ytetty vilustumiseen. LOODU Nen\u00e4salv ei sis\u00e4ll\u00e4 synteettisi\u00e4 ja hajusteita. 100 % luonnollinen.<\/p>\n<p>Timjamin uskotaan rauhoittavan ylempi\u00e4 hengitysteit\u00e4 ja tappavan my\u00f6s tulehdukseen liittyvi\u00e4 mikrobeja.<\/p>\n<p>Lanoliini tunnetaan herkki\u00e4 pintoja pehment\u00e4v\u00e4n\u00e4 ja nen\u00e4n kuivumista v\u00e4hent\u00e4v\u00e4n\u00e4 aineena. Lanoliini sopii nuuskauksesta punettavan nen\u00e4n ymp\u00e4rill\u00e4 olevan alueen hoitoon. Lanoliinin suosituin nimi on villavaha, koska se saadaan erottamalla se lampaanvillasta.<\/p>\n<p>Soopursua pidet\u00e4\u00e4n kansansa hyv\u00e4n\u00e4 ysk\u00e4nl\u00e4\u00e4kkeen\u00e4, jolle annettiin hengitysteit\u00e4 l\u00f6ys\u00e4vi\u00e4 ominaisuuksia. Nyky\u00e4\u00e4n terpeenien on havaittu olevan vastuussa t\u00e4st\u00e4.<\/p>\n<p>Eukalyptuksen ja piparmintun eteeriset \u00f6ljyt sopivat hengitysteiden vilustumiseen ja helpottavat hengityst\u00e4.<\/p>\n<p>Propolis tunnetaan luonnollisena aineena, joka tuhoaa mikrobeja pienin\u00e4kin m\u00e4\u00e4rin\u00e4.<\/p>\n<p>Kookos\u00f6ljy sopii nen\u00e4n herkkien pintojen hoitoon ja kosteuden pit\u00e4miseen.<\/p>\n<p>Oliivi\u00f6ljyll\u00e4 on pehment\u00e4v\u00e4 ja kosteuttava vaikutus ja se edist\u00e4\u00e4 ihon uusiutumista.<\/p>\n<p>Mehil\u00e4isvaha auttaa pit\u00e4m\u00e4\u00e4n kosteuden paremmin pinnalla.<\/p>\n<h5>LUE LIS\u00c4\u00c4 OSISTA T\u00c4\u00c4LT\u00c4:<\/h5>\n<p><a href=\"https:\/\/loodu.ee\/fi\/timjami\/\">Timjamia<\/a>, <a href=\"https:\/\/loodu.ee\/fi\/suopursu\/\">suopursu<\/a>, <a href=\"https:\/\/loodu.ee\/fi\/lanoliini\/\">lanoliini<\/a>, <a href=\"https:\/\/loodu.ee\/fi\/pohjoismaiset-ainesosat\/mehilaisvaha\/\">mehil\u00e4isvaha<\/a>, <a href=\"https:\/\/loodu.ee\/fi\/muut-ainesosat\/oliivipuu\/\">oliivipuu<\/a><\/p>\n<p>&nbsp;<\/p>\n","protected":false},"excerpt":{"rendered":"<ul>\n<li>Nen\u00e4lle!<\/li>\n<li>Lanoliini<\/li>\n<li>Timjami<\/li>\n<li>Suopursu<\/li>\n<li>Mehil\u00e4isvaha.<\/li>\n<li>Koko 40 ml<\/li>\n<li>Ei sis\u00e4ll\u00e4 synteettisi\u00e4 ja hajusteita<\/li>\n<li>Valmistettu Virossa<\/li>\n<\/ul>\n","protected":false},"featured_media":1980,"template":"","meta":{"_acf_changed":false,"inline_featured_image":false},"product_brand":[],"product_cat":[68],"product_tag":[],"class_list":{"0":"post-2296","1":"product","2":"type-product","3":"status-publish","4":"has-post-thumbnail","6":"product_cat-tuotetyypit","8":"first","9":"instock","10":"shipping-taxable","11":"purchasable","12":"product-type-simple"},"acf":[],"_links":{"self":[{"href":"https:\/\/loodu.ee\/fi\/wp-json\/wp\/v2\/product\/2296","targetHints":{"allow":["GET"]}}],"collection":[{"href":"https:\/\/loodu.ee\/fi\/wp-json\/wp\/v2\/product"}],"about":[{"href":"https:\/\/loodu.ee\/fi\/wp-json\/wp\/v2\/types\/product"}],"wp:featuredmedia":[{"embeddable":true,"href":"https:\/\/loodu.ee\/fi\/wp-json\/wp\/v2\/media\/1980"}],"wp:attachment":[{"href":"https:\/\/loodu.ee\/fi\/wp-json\/wp\/v2\/media?parent=2296"}],"wp:term":[{"taxonomy":"product_brand","embeddable":true,"href":"https:\/\/loodu.ee\/fi\/wp-json\/wp\/v2\/product_brand?post=2296"},{"taxonomy":"product_cat","embeddable":true,"href":"https:\/\/loodu.ee\/fi\/wp-json\/wp\/v2\/product_cat?post=2296"},{"taxonomy":"product_tag","embeddable":true,"href":"https:\/\/loodu.ee\/fi\/wp-json\/wp\/v2\/product_tag?post=2296"}],"curies":[{"name":"wp","href":"https:\/\/api.w.org\/{rel}","templated":true}]}}