{"id":2297,"date":"2022-03-11T12:55:54","date_gmt":"2022-03-11T12:55:54","guid":{"rendered":"https:\/\/loodu.ee\/toode\/kui\/"},"modified":"2025-07-01T00:06:25","modified_gmt":"2025-07-01T00:06:25","slug":"kui","status":"publish","type":"product","link":"https:\/\/loodu.ee\/fi\/toode\/kui\/","title":{"rendered":"Kuismatsalva"},"content":{"rendered":"<h5>K\u00c4YTT\u00c4\u00c4:<\/h5>\n<p>Levit\u00e4 ohut kerros raajojen tai vartalon iholle tarpeen mukaan 2-3 kertaa p\u00e4iv\u00e4ss\u00e4.<\/p>\n<h5>AINESOSAT:<\/h5>\n<p>Oliivi\u00f6ljy, mehil\u00e4isvaha, m\u00e4kikuismauute, si\u00e4nk\u00e4rs\u00e4m\u00f6uute,\u00a0rohtoraunioyrtti.<\/p>\n<h5>INCI-NIMEN AINESOSAT:<\/h5>\n<p>Olea Europaea Fruit Oil, Beeswax, Hypericum Perforatum Extract, Symphytym Officinale Root Extract, Achillea Millefolium Extract.<\/p>\n<h5>KUVAUS:<\/h5>\n<p>Rauhoittava, 100% luonnollinen. M\u00e4kikuisma, rohtoraunioyrtti, si\u00e4nk\u00e4rs\u00e4m\u00f6. Kansanviisaudesta tuttuja kappaleita.<\/p>\n<p>M\u00e4kikuisma rauhoittaa kehoa. LOODU m\u00e4kikuismavoide sis\u00e4lt\u00e4\u00e4 m\u00e4kikuisma, rohtoraunioyrtti ja si\u00e4nk\u00e4rs\u00e4m\u00f6. Voide soveltuu raajojen ja sit\u00e4 ymp\u00e4r\u00f6ivien alueiden iholle levitett\u00e4v\u00e4ksi. Historiallisesti mainituilla luonnollisilla ainesosilla on todettu olevan kehoa rauhoittavia vaikutuksia, joihin on nyky\u00e4\u00e4n lis\u00e4tty tarkempi k\u00e4sitys koostumuksesta.<\/p>\n<p>M\u00e4kikuisman hyperisiinin on havaittu olevan neuropaattisia tai hermokipuja v\u00e4hent\u00e4vi\u00e4 ominaisuuksia. J\u00e4lkimm\u00e4ist\u00e4 voi esiinty\u00e4 ihossa, lihaksissa ja muualla. M\u00e4kikuismaa on k\u00e4ytetty kansanl\u00e4\u00e4ketieteess\u00e4 nivelten ja lihasten rauhoittamiseen. Si\u00e4nk\u00e4rs\u00e4m\u00f6n on todettu v\u00e4hent\u00e4v\u00e4n haavakipua. Rohtoraunioyrtti on perinteisesti ja eri kansojen mukaan liitetty rauhoittavaan vaikutukseen, ja sen latinankielinen nimikin viittaa kasviin, jota k\u00e4ytet\u00e4\u00e4n luunmurtumiseen. N\u00e4m\u00e4 kasvit sopivat rauhoitusta kaipaavalle vartalolle, oli sitten kyse k\u00e4sist\u00e4, jaloista tai vartalosta.<\/p>\n<p>Loodu Naistepunasalv 40 ml ei sis\u00e4ll\u00e4 synteettisi\u00e4 ainesosia, h\u00e4iritsevi\u00e4 tuoksuja tai eteerisi\u00e4 \u00f6ljyj\u00e4. Tuotteessa on k\u00e4ytetty miellytt\u00e4v\u00e4\u00e4 mehil\u00e4isvahaa. Mehil\u00e4isvaha auttaa s\u00e4ilytt\u00e4m\u00e4\u00e4n kosteuden paremmin ihon pinnalla.<\/p>\n<h5>LUE LIS\u00c4\u00c4 OSISTA T\u00c4\u00c4LT\u00c4:<\/h5>\n<p><a href=\"https:\/\/loodu.ee\/fi\/makikuisma\/\">M\u00e4kikuisma<\/a>, <a href=\"https:\/\/loodu.ee\/fi\/rohtoraunioyrtti\/\">rohtoraunioyrtti<\/a>, si\u00e4nk\u00e4rs\u00e4m\u00f6, <a href=\"https:\/\/loodu.ee\/fi\/pohjoismaiset-ainesosat\/mehilaisvaha\/\">mehil\u00e4isvaha<\/a>, <a href=\"https:\/\/loodu.ee\/fi\/muut-ainesosat\/oliivipuu\/\">oliivipuu<\/a><\/p>\n","protected":false},"excerpt":{"rendered":"<ul>\n<li>100 % luonnollinen<\/li>\n<li>Soveltuu raajojen ja ymp\u00e4r\u00f6ivien alueiden iholle<\/li>\n<li>Oliivi\u00f6ljy<\/li>\n<li>Mehil\u00e4isvaha<\/li>\n<li>M\u00e4kikuisma uute<\/li>\n<li>Rohtoraunioyrtti uute<\/li>\n<li>Si\u00e4nk\u00e4rs\u00e4m\u00f6 uute<\/li>\n<li>Mehil\u00e4isvaha<\/li>\n<li>Koko 40 ml<\/li>\n<li>Ei sis\u00e4ll\u00e4 synteettisi\u00e4 ja hajusteita<\/li>\n<li>Ei lis\u00e4tty eteerisi\u00e4 \u00f6ljyj\u00e4<\/li>\n<li>Valmistettu Virossa<\/li>\n<\/ul>\n","protected":false},"featured_media":1972,"template":"","meta":{"_acf_changed":false,"inline_featured_image":false},"product_brand":[],"product_cat":[68],"product_tag":[],"class_list":{"0":"post-2297","1":"product","2":"type-product","3":"status-publish","4":"has-post-thumbnail","6":"product_cat-tuotetyypit","8":"first","9":"instock","10":"shipping-taxable","11":"purchasable","12":"product-type-simple"},"acf":[],"_links":{"self":[{"href":"https:\/\/loodu.ee\/fi\/wp-json\/wp\/v2\/product\/2297","targetHints":{"allow":["GET"]}}],"collection":[{"href":"https:\/\/loodu.ee\/fi\/wp-json\/wp\/v2\/product"}],"about":[{"href":"https:\/\/loodu.ee\/fi\/wp-json\/wp\/v2\/types\/product"}],"wp:featuredmedia":[{"embeddable":true,"href":"https:\/\/loodu.ee\/fi\/wp-json\/wp\/v2\/media\/1972"}],"wp:attachment":[{"href":"https:\/\/loodu.ee\/fi\/wp-json\/wp\/v2\/media?parent=2297"}],"wp:term":[{"taxonomy":"product_brand","embeddable":true,"href":"https:\/\/loodu.ee\/fi\/wp-json\/wp\/v2\/product_brand?post=2297"},{"taxonomy":"product_cat","embeddable":true,"href":"https:\/\/loodu.ee\/fi\/wp-json\/wp\/v2\/product_cat?post=2297"},{"taxonomy":"product_tag","embeddable":true,"href":"https:\/\/loodu.ee\/fi\/wp-json\/wp\/v2\/product_tag?post=2297"}],"curies":[{"name":"wp","href":"https:\/\/api.w.org\/{rel}","templated":true}]}}