{"id":4213,"date":"2024-05-20T07:44:51","date_gmt":"2024-05-20T07:44:51","guid":{"rendered":"https:\/\/loodu.ee\/?post_type=product&#038;p=4213"},"modified":"2024-05-20T07:46:45","modified_gmt":"2024-05-20T07:46:45","slug":"kamomillasalva-40-ml","status":"publish","type":"product","link":"https:\/\/loodu.ee\/fi\/toode\/kamomillasalva-40-ml\/","title":{"rendered":"Kamomillasalva 40 ml (FI)"},"content":{"rendered":"<p><strong>K\u00e4ytt\u00f6:<\/strong><\/p>\n<p>Levit\u00e4 hoitoa tarvitseville ihoalueille.<\/p>\n<p><strong>Ainesosat:<\/strong><\/p>\n<p>Rapsi\u00f6ljy, viiniryp\u00e4leensiemen\u00f6ljy, mehil\u00e4isvaha, kamomillauute.<\/p>\n<p><strong>Ainesosat (INCI):<\/strong><\/p>\n<p>Brassica Napus Seed Oil, Vitis Vinifera Seed Oil, Beeswax, Chamomilla Recutita Extract.<\/p>\n<p><strong>Kuvaus:<\/strong><\/p>\n<p>Kamomilla tunnetaan iho\u00e4rsytyksen ja lievien ihotulehdusten (mukaan lukien auringonpolttamien) lievitt\u00e4j\u00e4n\u00e4, ja sit\u00e4 on k\u00e4ytetty my\u00f6s ihon pintahaavojen ja paiseiden hoitoon. Viiniryp\u00e4leensiemen\u00f6ljy imeytyy nopeasti, ja se kosteuttaa ja pehment\u00e4\u00e4 ihoa ja hidastaa ik\u00e4\u00e4ntymisen merkkej\u00e4. Mehil\u00e4isvahan ansiosta tuote levittyy iholle tasaisesti ja muodostaa kerroksen, joka auttaa s\u00e4ilytt\u00e4m\u00e4\u00e4n ihon kosteuden ja v\u00e4hent\u00e4m\u00e4\u00e4n kuivumista. Mehil\u00e4isvaha edist\u00e4\u00e4 my\u00f6s ihosolujen kasvua. Rapsi\u00f6ljyn monityydyttym\u00e4tt\u00f6m\u00e4t rasvahapot tukevat keramidien ja kollageenin muodostumista ihossa ja yll\u00e4pit\u00e4v\u00e4t siten ihon tervett\u00e4 rakennetta. Rapsi\u00f6ljy sis\u00e4lt\u00e4\u00e4 my\u00f6s luontaista E-vitamiinia, joka on iholle hy\u00f6dyllinen antioksidantti, joka parantaa ihosolujen hapensaantia ja vahvistaa kapillaareja.<\/p>\n<p><strong>Lue lis\u00e4\u00e4 ainesosista t\u00e4st\u00e4:<\/strong><\/p>\n<p><a href=\"https:\/\/loodu.ee\/fi\/pohjoismaiset-ainesosat\/kamomilla\/\">Kamomilla<\/a>, <a href=\"https:\/\/loodu.ee\/fi\/muut-ainesosat\/viinirypale\/\">Viiniryp\u00e4le<\/a>, <a href=\"https:\/\/loodu.ee\/fi\/pohjoismaiset-ainesosat\/mehilaisvaha\/\">Mehil\u00e4isvaha<\/a>, <a href=\"https:\/\/loodu.ee\/fi\/muut-ainesosat\/rapsioljy\/\">Rapsi\u00f6ljy<\/a><\/p>\n","protected":false},"excerpt":{"rendered":"<ul>\n<li>Ihoa pehment\u00e4v\u00e4, kosteutta sitova ja iho\u00e4rsytyst\u00e4 lievitt\u00e4v\u00e4 salva herk\u00e4lle ja\/tai karhealle iholle.<\/li>\n<li>Sopii vauvoille ja lapsille.<\/li>\n<li>Sopii hilseilev\u00e4lle iholle.<\/li>\n<li>Kamomilla<\/li>\n<li>Mehil\u00e4isvaha<\/li>\n<li>Ei sis\u00e4ll\u00e4 synteettisi\u00e4 ainesosia eik\u00e4 hajusteita.<\/li>\n<li>Pakkauskoko: 40 ml<\/li>\n<\/ul>\n","protected":false},"featured_media":4214,"template":"","meta":{"_acf_changed":false,"inline_featured_image":false},"product_brand":[],"product_cat":[68],"product_tag":[],"class_list":{"0":"post-4213","1":"product","2":"type-product","3":"status-publish","4":"has-post-thumbnail","6":"product_cat-tuotetyypit","8":"first","9":"instock","10":"shipping-taxable","11":"purchasable","12":"product-type-simple"},"acf":[],"_links":{"self":[{"href":"https:\/\/loodu.ee\/fi\/wp-json\/wp\/v2\/product\/4213","targetHints":{"allow":["GET"]}}],"collection":[{"href":"https:\/\/loodu.ee\/fi\/wp-json\/wp\/v2\/product"}],"about":[{"href":"https:\/\/loodu.ee\/fi\/wp-json\/wp\/v2\/types\/product"}],"wp:featuredmedia":[{"embeddable":true,"href":"https:\/\/loodu.ee\/fi\/wp-json\/wp\/v2\/media\/4214"}],"wp:attachment":[{"href":"https:\/\/loodu.ee\/fi\/wp-json\/wp\/v2\/media?parent=4213"}],"wp:term":[{"taxonomy":"product_brand","embeddable":true,"href":"https:\/\/loodu.ee\/fi\/wp-json\/wp\/v2\/product_brand?post=4213"},{"taxonomy":"product_cat","embeddable":true,"href":"https:\/\/loodu.ee\/fi\/wp-json\/wp\/v2\/product_cat?post=4213"},{"taxonomy":"product_tag","embeddable":true,"href":"https:\/\/loodu.ee\/fi\/wp-json\/wp\/v2\/product_tag?post=4213"}],"curies":[{"name":"wp","href":"https:\/\/api.w.org\/{rel}","templated":true}]}}