{"id":4226,"date":"2024-05-20T08:22:00","date_gmt":"2024-05-20T08:22:00","guid":{"rendered":"https:\/\/loodu.ee\/?post_type=product&#038;p=4226"},"modified":"2024-05-20T08:22:00","modified_gmt":"2024-05-20T08:22:00","slug":"tyrnisalva-40-ml-fi","status":"publish","type":"product","link":"https:\/\/loodu.ee\/fi\/toode\/tyrnisalva-40-ml-fi\/","title":{"rendered":"Tyrnisalva 40 ml (FI)"},"content":{"rendered":"<h5>K\u00c4YTT\u00c4\u00c4:<\/h5>\n<p>Levit\u00e4 2-3 kertaa p\u00e4iv\u00e4ss\u00e4 hoitoa tarvitsevalle pinnalle tarpeen mukaan. Sopii alle 3-vuotiaille lapsille. Sopii k\u00e4ytett\u00e4v\u00e4ksi huulten ja intiimialueen hoidossa.<\/p>\n<h5>AINESOSAT:<\/h5>\n<p>Oliivi\u00f6ljy, mehil\u00e4isvaha, tyrniuute, propolis, etanoli.<\/p>\n<h5>INCI-NIMEN AINESOSAT<\/h5>\n<p>Olea Europaea Fruit Oil, Beeswax, Hippophae Rhamnoides Extract, Propolis Extract, Alcohol.<\/p>\n<h5>KUVAUS:<\/h5>\n<p>Tyrni sopii ihon ja herkkien alueiden elvytt\u00e4miseen<\/p>\n<p>Tyrni on saavuttanut mainetta ihonhoidossa, koska se pystyy nopeuttamaan ihon paranemisprosessia palovammojen, auringonpolttamien, ihotulehduksien, infektioiden tai naarmujen j\u00e4lkeen. Tyrnien ihoa suojaava vaikutus liialliselta auringons\u00e4teilylt\u00e4 on havaittu. Antioksidantit, beetakaroteeni, flavonoidit, sterolit, E- ja K-vitamiinit sek\u00e4 muut luonnossa esiintyv\u00e4t fytokemikaalit vaikuttavat tyrnin koostumukseen. Tyrniss\u00e4 oleva gamma-linoleenihappo syntetisoituu ihossa prostaglandiiniksi, joka puolestaan \u200b\u200bauttaa s\u00e4ilytt\u00e4m\u00e4\u00e4n ihon kosteuspitoisuuden ja kauniin muodon. Terve ja hyvin palautunut, rehev\u00e4 iho on aina kauniimpi. Tyrnill\u00e4 on saatu hyvi\u00e4 tuloksia huulten ja intiimialueen halkeamien hoidossa. Tyrnill\u00e4 on pitk\u00e4 k\u00e4ytt\u00f6historia, joka juontaa juurensa perinteiseen it\u00e4maiseen l\u00e4\u00e4ketieteeseen.<\/p>\n<p>Korjaava, 100 % luonnollinen. Nopeuttaa ongelmallisen ihon uusiutumista. Tyrni, mehil\u00e4isvaha.<\/p>\n<h5>LUE LIS\u00c4\u00c4 OSISTA T\u00c4\u00c4LT\u00c4:<\/h5>\n<p><a href=\"https:\/\/loodu.ee\/fi\/tyrni\/\">Tyrni<\/a>, <a href=\"https:\/\/loodu.ee\/fi\/pohjoismaiset-ainesosat\/mehilaisvaha\/\">mehil\u00e4isvaha<\/a>, <a href=\"https:\/\/loodu.ee\/fi\/muut-ainesosat\/oliivipuu\/\">oliivipuu<\/a>, <a href=\"https:\/\/loodu.ee\/fi\/pohjoismaiset-ainesosat\/propolis\/\">propolis<\/a><\/p>\n","protected":false},"excerpt":{"rendered":"<ul>\n<li>100 % luonnollinen<\/li>\n<li>Nopeuttaa ongelma-ihon uusiutumista<\/li>\n<li>Tyrni<\/li>\n<li>Mehil\u00e4isvaha<\/li>\n<li>Koko 40 ml<\/li>\n<li>Ei sis\u00e4ll\u00e4 synteettisi\u00e4 ja hajusteita<\/li>\n<li>Ei lis\u00e4tty eteerisi\u00e4 \u00f6ljyj\u00e4<\/li>\n<li>Valmistettu Virossa<\/li>\n<\/ul>\n","protected":false},"featured_media":4227,"template":"","meta":{"_acf_changed":false,"inline_featured_image":false},"product_brand":[],"product_cat":[68],"product_tag":[],"class_list":{"0":"post-4226","1":"product","2":"type-product","3":"status-publish","4":"has-post-thumbnail","6":"product_cat-tuotetyypit","8":"first","9":"instock","10":"shipping-taxable","11":"purchasable","12":"product-type-simple"},"acf":[],"_links":{"self":[{"href":"https:\/\/loodu.ee\/fi\/wp-json\/wp\/v2\/product\/4226","targetHints":{"allow":["GET"]}}],"collection":[{"href":"https:\/\/loodu.ee\/fi\/wp-json\/wp\/v2\/product"}],"about":[{"href":"https:\/\/loodu.ee\/fi\/wp-json\/wp\/v2\/types\/product"}],"wp:featuredmedia":[{"embeddable":true,"href":"https:\/\/loodu.ee\/fi\/wp-json\/wp\/v2\/media\/4227"}],"wp:attachment":[{"href":"https:\/\/loodu.ee\/fi\/wp-json\/wp\/v2\/media?parent=4226"}],"wp:term":[{"taxonomy":"product_brand","embeddable":true,"href":"https:\/\/loodu.ee\/fi\/wp-json\/wp\/v2\/product_brand?post=4226"},{"taxonomy":"product_cat","embeddable":true,"href":"https:\/\/loodu.ee\/fi\/wp-json\/wp\/v2\/product_cat?post=4226"},{"taxonomy":"product_tag","embeddable":true,"href":"https:\/\/loodu.ee\/fi\/wp-json\/wp\/v2\/product_tag?post=4226"}],"curies":[{"name":"wp","href":"https:\/\/api.w.org\/{rel}","templated":true}]}}