{"id":4238,"date":"2024-05-20T08:41:12","date_gmt":"2024-05-20T08:41:12","guid":{"rendered":"https:\/\/loodu.ee\/?post_type=product&#038;p=4238"},"modified":"2024-05-22T11:02:41","modified_gmt":"2024-05-22T11:02:41","slug":"suopursusalva-40-ml","status":"publish","type":"product","link":"https:\/\/loodu.ee\/fi\/toode\/suopursusalva-40-ml\/","title":{"rendered":"Suopursusalva 40 ml (FI)"},"content":{"rendered":"<h5>K\u00c4YTT\u00c4\u00c4:<\/h5>\n<p>Levit\u00e4 ohut kerros raajojen iholle tai akneen taipuvaiselle iholle 2-3 kertaa p\u00e4iv\u00e4ss\u00e4 tarpeen mukaan.<\/p>\n<h5>AINESOSAT:<\/h5>\n<p>Oliivi\u00f6ljy, rypsi\u00f6ljy, mehil\u00e4isvaha, suopursu, katajan versouute.<\/p>\n<h5>INCI-NIMEN AINEOSAT:<\/h5>\n<p>Olea Europaea Fruit Oil, Brassica Napus Seed Oil, Beeswax, Ledum Palustre Extract, Juniperus Communis Sprout Extract.<\/p>\n<h5>KUVAUS:<\/h5>\n<p>Suopursu yhdistet\u00e4\u00e4n ihoa rauhoittaviin, kipua lievitt\u00e4viin, aknea torjuviin, antimikrobisiin ja tulehdusta ehk\u00e4iseviin ominaisuuksiin.<\/p>\n<p>Aiemmin vaahtokarkkeja on k\u00e4ytetty hy\u00f6nteisten puremiin ja niveltulehduskipuihin. T\u00e4m\u00e4 johtuu sen anti-inflammatorisista ja kipua v\u00e4hent\u00e4vist\u00e4 ominaisuuksista. Esimerkiksi reuman tapauksessa Pohjois-Amerikan intiaanit k\u00e4yttiv\u00e4t jo suosavea. Kasvin kansank\u00e4ytt\u00f6 vilustumiseen ja reumaan on tunnettu 1700-luvulta l\u00e4htien. Viime aikoina sarasta valmistettu voide tunnetaan my\u00f6s nimell\u00e4 Ledum-salva.<\/p>\n<p>Rauhoittava, puhdistava, 100 % luonnollinen. Kansanviisaudesta tuttuja kappaleita. Supursu, kataja, mehil\u00e4isvaha.<\/p>\n<h5>LUE LIS\u00c4\u00c4 OSISTA T\u00c4\u00c4LT\u00c4:<\/h5>\n<p><a href=\"https:\/\/loodu.ee\/fi\/suopursu\/\">Suopursu<\/a>, <a href=\"https:\/\/loodu.ee\/fi\/pohjoismaiset-ainesosat\/kataja\/\">kataja<\/a>, <a href=\"https:\/\/loodu.ee\/fi\/muut-ainesosat\/oliivipuu\/\">oliivipuu<\/a><\/p>\n","protected":false},"excerpt":{"rendered":"<ul>\n<li>100 % luonnollinen<\/li>\n<li>Suopursu<\/li>\n<li>Kataja<\/li>\n<li>Mehil\u00e4isvaha<\/li>\n<li>Koko 40 ml<\/li>\n<li>Ei sis\u00e4ll\u00e4 synteettisi\u00e4 ja hajusteita<\/li>\n<li>Valmistettu Virossa<\/li>\n<\/ul>\n","protected":false},"featured_media":4239,"template":"","meta":{"_acf_changed":false,"inline_featured_image":false},"product_brand":[],"product_cat":[68],"product_tag":[],"class_list":{"0":"post-4238","1":"product","2":"type-product","3":"status-publish","4":"has-post-thumbnail","6":"product_cat-tuotetyypit","8":"first","9":"instock","10":"featured","11":"shipping-taxable","12":"purchasable","13":"product-type-simple"},"acf":[],"_links":{"self":[{"href":"https:\/\/loodu.ee\/fi\/wp-json\/wp\/v2\/product\/4238","targetHints":{"allow":["GET"]}}],"collection":[{"href":"https:\/\/loodu.ee\/fi\/wp-json\/wp\/v2\/product"}],"about":[{"href":"https:\/\/loodu.ee\/fi\/wp-json\/wp\/v2\/types\/product"}],"wp:featuredmedia":[{"embeddable":true,"href":"https:\/\/loodu.ee\/fi\/wp-json\/wp\/v2\/media\/4239"}],"wp:attachment":[{"href":"https:\/\/loodu.ee\/fi\/wp-json\/wp\/v2\/media?parent=4238"}],"wp:term":[{"taxonomy":"product_brand","embeddable":true,"href":"https:\/\/loodu.ee\/fi\/wp-json\/wp\/v2\/product_brand?post=4238"},{"taxonomy":"product_cat","embeddable":true,"href":"https:\/\/loodu.ee\/fi\/wp-json\/wp\/v2\/product_cat?post=4238"},{"taxonomy":"product_tag","embeddable":true,"href":"https:\/\/loodu.ee\/fi\/wp-json\/wp\/v2\/product_tag?post=4238"}],"curies":[{"name":"wp","href":"https:\/\/api.w.org\/{rel}","templated":true}]}}