{"id":4368,"date":"2024-06-06T14:23:58","date_gmt":"2024-06-06T14:23:58","guid":{"rendered":"https:\/\/loodu.ee\/toode\/taruvaigu-astelpaju-saialille-etanoolivaba-kurgupihusti\/"},"modified":"2026-04-23T12:47:11","modified_gmt":"2026-04-23T12:47:11","slug":"taruvaigu-astelpaju-saialille-etanoolivaba-kurgupihusti","status":"publish","type":"product","link":"https:\/\/loodu.ee\/fi\/toode\/taruvaigu-astelpaju-saialille-etanoolivaba-kurgupihusti\/","title":{"rendered":"Taruvaigu-astelpaju-saialille etanoolivaba kurgupihusti"},"content":{"rendered":"<h5>Koostisosad:<\/h5>\n<p>Oliivi\u00f5li (Olea europaea), rapsi\u00f5li (Brassica napus), viinamarjaseemne\u00f5li (Vitis vinifera), taruvaik (Propolis), astelpajumarjad (Hippopha\u00eb rhamnoides), saialille\u00f5isikud (Calendula officinalis), t\u00fc\u00fcmiani lehed, v\u00f5rsed ja \u00f5isikud (Thymus vulgaris).<\/p>\n<h5>Kasutamine:<\/h5>\n<p>Enne tarvitamist loksutada. Pudelit p\u00fcstises asendis hoides pihustada nahale v\u00f5i suu limaskestale. Pihustada kuni k\u00fcmme korda p\u00e4evas. Hoida lastele k\u00e4ttesaamatus kohas.<\/p>\n<h5>Detailne kirjeldus:<\/h5>\n<p>Etanoolita ja astelpaju\u00f5li p\u00f5hjal valmistatud pihusti taruvaigu, saialille ja t\u00fc\u00fcmianiga ei kuivata kurgu limaskesta ja aitab taastada selle loomulikku keskkonda. Osised sobivad kasutamiseks suu limaskesta ja kurgu kudede paikse \u00e4rrituse korral. Toode on kasutatav nahal kriimustuste ja kuivuse puhul.<\/p>\n<p>Toidulisand.<\/p>\n<p>P\u00e4evane annus 1 g toodet (k\u00fcmme pihustamist) sisaldab taruvaiku 30 mg, saialille 1,8 mg, astelpaju 3,6 mg ja t\u00fc\u00fcmiani 1,2 mg.<\/p>\n<p>Hoiatused: &#8211; Mitte kasutada toidulisandit mitmekesise toitumise asendajana! Oluline on toituda mitmek\u00fclgselt ja tasakaalustatult ning harrastada tervislikku elustiili. &#8211; \u00c4rge \u00fcletage p\u00e4evaseks tarbimiseks soovitatavat kogust! &#8211; Allergia korral koostises sisalduvate komponentide suhtes toodet mitte kasutada. &#8211; Hoida lastele k\u00e4ttesaamatus kohas!<\/p>\n<p>Netokogus: 30 ml.<\/p>\n<p>S\u00e4ilitamine: toatemperatuuril.<\/p>\n<p>NB! Etanoolivaba t\u00e4hendab, et on hea autojuhile ja ei kuivata.<\/p>\n<h5>Osiste kohta l\u00e4hemalt loe siit:<\/h5>\n<p><a href=\"https:\/\/loodu.ee\/fi\/pohjoismaiset-ainesosat\/propolis\/\">Taruvaik<\/a>, <a href=\"https:\/\/loodu.ee\/fi\/tyrni\/\">Astelpaju<\/a>, <a href=\"https:\/\/loodu.ee\/fi\/pohjoismaiset-ainesosat\/kehakukkaa\/\">Saialill<\/a>, <a href=\"https:\/\/loodu.ee\/fi\/timjami\/\">T\u00fc\u00fcmian<\/a>, <a href=\"https:\/\/loodu.ee\/fi\/muut-ainesosat\/oliivipuu\/\">Oliivi\u00f5li,<\/a> <a href=\"https:\/\/loodu.ee\/fi\/muut-ainesosat\/rapsioljy\/\">Rapsi\u00f5li<\/a>, <a href=\"https:\/\/loodu.ee\/fi\/muut-ainesosat\/viinirypale\/\">Viinamarjaseemne\u00f5li<\/a><\/p>\n","protected":false},"excerpt":{"rendered":"<ul>\n<li>Etanoolivaba ei kuivata<\/li>\n<li>Taruvaik<\/li>\n<li>Astelpaju<\/li>\n<li>Saialill<\/li>\n<li>T\u00fc\u00fcmian<\/li>\n<li>Suurus 30 ml<\/li>\n<li>Valmistatud Eestis<\/li>\n<\/ul>\n","protected":false},"featured_media":4256,"template":"","meta":{"_acf_changed":false,"inline_featured_image":false},"product_brand":[],"product_cat":[78],"product_tag":[],"class_list":{"0":"post-4368","1":"product","2":"type-product","3":"status-publish","4":"has-post-thumbnail","6":"product_cat-elintarvikkeet","8":"first","9":"instock","10":"shipping-taxable","11":"purchasable","12":"product-type-simple"},"acf":[],"_links":{"self":[{"href":"https:\/\/loodu.ee\/fi\/wp-json\/wp\/v2\/product\/4368","targetHints":{"allow":["GET"]}}],"collection":[{"href":"https:\/\/loodu.ee\/fi\/wp-json\/wp\/v2\/product"}],"about":[{"href":"https:\/\/loodu.ee\/fi\/wp-json\/wp\/v2\/types\/product"}],"wp:featuredmedia":[{"embeddable":true,"href":"https:\/\/loodu.ee\/fi\/wp-json\/wp\/v2\/media\/4256"}],"wp:attachment":[{"href":"https:\/\/loodu.ee\/fi\/wp-json\/wp\/v2\/media?parent=4368"}],"wp:term":[{"taxonomy":"product_brand","embeddable":true,"href":"https:\/\/loodu.ee\/fi\/wp-json\/wp\/v2\/product_brand?post=4368"},{"taxonomy":"product_cat","embeddable":true,"href":"https:\/\/loodu.ee\/fi\/wp-json\/wp\/v2\/product_cat?post=4368"},{"taxonomy":"product_tag","embeddable":true,"href":"https:\/\/loodu.ee\/fi\/wp-json\/wp\/v2\/product_tag?post=4368"}],"curies":[{"name":"wp","href":"https:\/\/api.w.org\/{rel}","templated":true}]}}