{"id":4371,"date":"2024-06-06T14:34:49","date_gmt":"2024-06-06T14:34:49","guid":{"rendered":"https:\/\/loodu.ee\/toode\/ninapihusti-etanoolivaba\/"},"modified":"2026-04-23T12:48:41","modified_gmt":"2026-04-23T12:48:41","slug":"ninapihusti-etanoolivaba","status":"publish","type":"product","link":"https:\/\/loodu.ee\/fi\/toode\/ninapihusti-etanoolivaba\/","title":{"rendered":"Ninapihusti etanoolivaba"},"content":{"rendered":"<h5>Koostisosad:<\/h5>\n<p>Oliivi\u00f5li (Olea europaea), rapsi\u00f5li (Brassica napus), viinamarjaseemne\u00f5li (Vitis vinifera), taruvaik (Propolis), astelpajumarjad (Hippopha\u00eb rhamnoides), saialille\u00f5isikud (Calendula officinalis), t\u00fc\u00fcmiani lehed, v\u00f5rsed ja \u00f5isikud (Thymus vulgaris).<\/p>\n<h5>Kasutamine:<\/h5>\n<p>Enne tarvitamist loksutada. Pihustamiseks eemaldada sinine lukustusriba. Pudelit p\u00fcstises asendis hoides pihustada ninna v\u00f5i nahale. Pihustada kuni k\u00fcmme korda p\u00e4evas. Hoida lastele k\u00e4ttesaamatus kohas.<\/p>\n<h5>Detailne kirjeldus:<\/h5>\n<p>Etanoolita ja astelpaju\u00f5li p\u00f5hjal valmistatud pihusti taruvaigu, saialille ja t\u00fc\u00fcmianiga ei kuivata nina limaskesta ja aitab taastada selle loomulikku keskkonda. Osised sobivad kasutamiseks nina limaskesta ja kurgu kudede paikse \u00e4rrituse korral. Toode on kasutatav nahal kriimustuste ja kuivuse puhul.<\/p>\n<p>P\u00e4evane annus 1 g toodet (k\u00fcmme pihustamist) sisaldab taruvaiku 30 mg, saialille 1,8 mg, astelpaju 3,6 mg ja t\u00fc\u00fcmiani 1,2 mg.<\/p>\n<p>Netokogus: 25 ml.<\/p>\n<p>S\u00e4ilitamine: toatemperatuuril.<\/p>\n<p>NB! Etanoolivaba t\u00e4hendab, et on hea autojuhile ja ei kuivata.<\/p>\n<h5>Osiste kohta l\u00e4hemalt loe siit:<\/h5>\n<p><a href=\"https:\/\/loodu.ee\/fi\/pohjoismaiset-ainesosat\/propolis\/\">Taruvaik<\/a>, <a href=\"https:\/\/loodu.ee\/fi\/tyrni\/\">Astelpaju<\/a>, <a href=\"https:\/\/loodu.ee\/fi\/pohjoismaiset-ainesosat\/kehakukkaa\/\">Saialill<\/a>, <a href=\"https:\/\/loodu.ee\/fi\/timjami\/\">T\u00fc\u00fcmian<\/a>, <a href=\"https:\/\/loodu.ee\/fi\/muut-ainesosat\/oliivipuu\/\">Oliivi\u00f5li,<\/a> <a href=\"https:\/\/loodu.ee\/fi\/muut-ainesosat\/rapsioljy\/\">Rapsi\u00f5li<\/a>, <a href=\"https:\/\/loodu.ee\/fi\/muut-ainesosat\/viinirypale\/\">Viinamarjaseemne\u00f5li<\/a><\/p>\n","protected":false},"excerpt":{"rendered":"<ul>\n<li>Etanoolivaba ei kuivata<\/li>\n<li>Taruvaik<\/li>\n<li>Astelpaju<\/li>\n<li>Saialill<\/li>\n<li>T\u00fc\u00fcmian<\/li>\n<li>Suurus 25 ml<\/li>\n<li>Valmistatud Eestis<\/li>\n<\/ul>\n","protected":false},"featured_media":4274,"template":"","meta":{"_acf_changed":false,"inline_featured_image":false},"product_brand":[],"product_cat":[78],"product_tag":[],"class_list":{"0":"post-4371","1":"product","2":"type-product","3":"status-publish","4":"has-post-thumbnail","6":"product_cat-elintarvikkeet","8":"first","9":"instock","10":"shipping-taxable","11":"purchasable","12":"product-type-simple"},"acf":[],"_links":{"self":[{"href":"https:\/\/loodu.ee\/fi\/wp-json\/wp\/v2\/product\/4371","targetHints":{"allow":["GET"]}}],"collection":[{"href":"https:\/\/loodu.ee\/fi\/wp-json\/wp\/v2\/product"}],"about":[{"href":"https:\/\/loodu.ee\/fi\/wp-json\/wp\/v2\/types\/product"}],"wp:featuredmedia":[{"embeddable":true,"href":"https:\/\/loodu.ee\/fi\/wp-json\/wp\/v2\/media\/4274"}],"wp:attachment":[{"href":"https:\/\/loodu.ee\/fi\/wp-json\/wp\/v2\/media?parent=4371"}],"wp:term":[{"taxonomy":"product_brand","embeddable":true,"href":"https:\/\/loodu.ee\/fi\/wp-json\/wp\/v2\/product_brand?post=4371"},{"taxonomy":"product_cat","embeddable":true,"href":"https:\/\/loodu.ee\/fi\/wp-json\/wp\/v2\/product_cat?post=4371"},{"taxonomy":"product_tag","embeddable":true,"href":"https:\/\/loodu.ee\/fi\/wp-json\/wp\/v2\/product_tag?post=4371"}],"curies":[{"name":"wp","href":"https:\/\/api.w.org\/{rel}","templated":true}]}}